{"id":832424,"date":"2021-12-02T12:07:16","date_gmt":"2021-12-02T11:07:16","guid":{"rendered":"https:\/\/www.fagorautomation.com\/fagor-digital-suite\/"},"modified":"2022-09-02T12:34:08","modified_gmt":"2022-09-02T11:34:08","slug":"fagor-digital-suite","status":"publish","type":"page","link":"https:\/\/www.fagorautomation.com\/de\/fagor-digital-suite\/","title":{"rendered":"Fagor Digital Suite"},"content":{"rendered":"<div id=\"pl-832424\"  class=\"panel-layout\" ><div id=\"pg-832424-0\"  class=\"panel-grid panel-has-style\" ><div class=\"aos-init section01 panel-row-style panel-row-style-for-832424-0\" data-aos=\"fade\" data-aos-duration=\"300\" data-aos-easing=\"linear\" data-aos-anchor-placement=\"top-bottom\" data-aos-once=\"true\" ><div id=\"pgc-832424-0-0\"  class=\"panel-grid-cell\" ><div id=\"panel-832424-0-0-0\" class=\"widget_text so-panel widget widget_custom_html panel-first-child\" data-index=\"0\" ><div class=\"widget_text landing-title panel-widget-style panel-widget-style-for-832424-0-0-0\" ><div class=\"textwidget custom-html-widget\"><h1 class=\"landing-red-fagor\" style=\"line-height: 1 !important;\">Fagor Digital Suite<\/h1>\n<h3>Decision making made simple<\/h3>\n<div class=\"intro\"><p>Unsere Digitalisierungsl\u00f6sung f\u00fcr Ihre Maschinen.<\/p><\/div><\/div><\/div><\/div><div id=\"panel-832424-0-0-1\" class=\"so-panel widget widget_sow-video\" data-index=\"1\" ><div\n\t\t\t\n\t\t\tclass=\"so-widget-sow-video so-widget-sow-video-default-c08170c47cfb-832424\"\n\t\t\t\n\t\t>\n<div class=\"sow-video-wrapper\n use-fitvids\">\n\t\t\t<iframe loading=\"lazy\" title=\"Fagor Digital Suite_ES\" src=\"https:\/\/player.vimeo.com\/video\/614586091?dnt=1&amp;app_id=122963&autoplay=1&mute=1&playlist&loop=1&api=true\" width=\"1200\" height=\"675\" frameborder=\"0\" allow=\"autoplay; fullscreen; picture-in-picture; clipboard-write; encrypted-media; web-share\" referrerpolicy=\"strict-origin-when-cross-origin\" allowfullscreen mozallowfullscreen webkitallowfullscreen sandbox=\"allow-scripts allow-same-origin allow-presentation\"><\/iframe>\t<\/div>\n<\/div><\/div><div id=\"panel-832424-0-0-2\" class=\"so-panel widget widget_siteorigin-panels-builder panel-last-child\" data-index=\"2\" ><div class=\"landing-description panel-widget-style panel-widget-style-for-832424-0-0-2\" ><div id=\"pl-w6266daea0b0dd\"  class=\"panel-layout\" ><div id=\"pg-w6266daea0b0dd-0\"  class=\"panel-grid panel-no-style\" ><div id=\"pgc-w6266daea0b0dd-0-0\"  class=\"panel-grid-cell\" ><div id=\"panel-w6266daea0b0dd-0-0-0\" class=\"so-panel widget widget_sow-editor panel-first-child panel-last-child\" data-index=\"0\" ><div class=\"landing-texto panel-widget-style panel-widget-style-for-w6266daea0b0dd-0-0-0\" ><div\n\t\t\t\n\t\t\tclass=\"so-widget-sow-editor so-widget-sow-editor-base\"\n\t\t\t\n\t\t>\n<div class=\"siteorigin-widget-tinymce textwidget\">\n\t<p>FAGOR DIGITAL SUITE ist die <strong>Digitalisierungsl\u00f6sung von Fagor<\/strong>, die es erm\u00f6glicht, die Maschinen mit dem Rest der Produktions- und Verwaltungssysteme zu verbinden, alle notwendigen Daten zu erfassen und sie in wertvolle Informationen umzuwandeln, um die Entscheidungsfindung zu erleichtern.<\/p>\n<\/div>\n<\/div><\/div><\/div><\/div><\/div><\/div><\/div><\/div><\/div><\/div><\/div><div id=\"pg-832424-1\"  class=\"panel-grid panel-has-style\" ><div class=\"aos-init section02 siteorigin-panels-stretch panel-row-style panel-row-style-for-832424-1\" data-aos=\"fade\" data-aos-duration=\"300\" data-aos-easing=\"ease-in-sine\" data-aos-anchor-placement=\"top-bottom\" data-aos-once=\"true\" data-stretch-type=\"full\" ><div id=\"pgc-832424-1-0\"  class=\"panel-grid-cell\" ><div id=\"panel-832424-1-0-0\" class=\"widget_text so-panel widget widget_custom_html panel-first-child\" data-index=\"3\" ><div class=\"widget_text landing-title panel-widget-style panel-widget-style-for-832424-1-0-0\" ><div class=\"textwidget custom-html-widget\"><h2 class=\"landing-red-fagor landing-border-bottom\">01. Merkmale<\/h2>\n<\/div><\/div><\/div><div id=\"panel-832424-1-0-1\" class=\"so-panel widget widget_siteorigin-panels-builder panel-last-child\" data-index=\"4\" ><div id=\"pl-w6266daea0b471\"  class=\"panel-layout\" ><div id=\"pg-w6266daea0b471-0\"  class=\"panel-grid panel-no-style\" ><div id=\"pgc-w6266daea0b471-0-0\"  class=\"panel-grid-cell\" ><div id=\"panel-w6266daea0b471-0-0-0\" class=\"so-panel widget widget_sow-features panel-first-child panel-last-child\" data-index=\"0\" ><div\n\t\t\t\n\t\t\tclass=\"so-widget-sow-features so-widget-sow-features-default-12692aa1a16a\"\n\t\t\t\n\t\t><ul\n\tclass=\"sow-features-list\n\tsow-features-responsive\">\n\n\t\t\t<li\n\t\t\tclass=\"sow-features-feature sow-icon-container-position-right\"\n\t\t\tstyle=\"display: flex; flex-direction: row; width: calc(100% - 25px);\"\n\t\t>\n\t\t\t\n\t\t\t\t\t\t<div\t\t\t\tclass=\"sow-icon-container sow-container-square\"\n\t\t\t\tstyle=\"color: ; \"\n\t\t\t\t\n\t\t\t\t\t\t\t>\n\t\t\t\t\t\t\t\t\t\t<div class=\"sow-icon-image\" style=\"background-image: url(https:\/\/www.fagorautomation.com\/wp-content\/uploads\/fagor_iconos-digital-suite-05.png); font-size: 50px\"><\/div>\n\t\t\t\t\t\t\t\t\t<\/div>\n\n\t\t\t<div class=\"textwidget\">\n\t\t\t\t\n\t\t\t\t\n\t\t\t\t\t\t\t\t\t<div class=\"sow-features-feature-text\">\n\t\t\t\t\t<p><strong>L\u00f6sung:<\/strong><br \/>\nStandard oder nach Kundenwunsch.<\/p>\n\t\t\t\t\t<\/div>\n\t\t\t\t\t\t\t\t<\/div>\n\t\t\t\t\t\t\t\t<\/li>\n\n\t<\/ul>\n<\/div><\/div><\/div><div id=\"pgc-w6266daea0b471-0-1\"  class=\"panel-grid-cell\" ><div id=\"panel-w6266daea0b471-0-1-0\" class=\"so-panel widget widget_sow-features panel-first-child panel-last-child\" data-index=\"1\" ><div\n\t\t\t\n\t\t\tclass=\"so-widget-sow-features so-widget-sow-features-default-fe136b117c82\"\n\t\t\t\n\t\t><ul\n\tclass=\"sow-features-list\n\tsow-features-responsive\">\n\n\t\t\t<li\n\t\t\tclass=\"sow-features-feature sow-icon-container-position-right\"\n\t\t\tstyle=\"display: flex; flex-direction: row; width: calc(100% - 25px);\"\n\t\t>\n\t\t\t\n\t\t\t\t\t\t<div\t\t\t\tclass=\"sow-icon-container sow-container-square\"\n\t\t\t\tstyle=\"color: ; \"\n\t\t\t\t\n\t\t\t\t\t\t\t>\n\t\t\t\t\t\t\t\t\t\t<div class=\"sow-icon-image\" style=\"background-image: url(https:\/\/www.fagorautomation.com\/wp-content\/uploads\/fagor_iconos-digital-suite-06.png); font-size: 45px\"><\/div>\n\t\t\t\t\t\t\t\t\t<\/div>\n\n\t\t\t<div class=\"textwidget\">\n\t\t\t\t\n\t\t\t\t\n\t\t\t\t\t\t\t\t\t<div class=\"sow-features-feature-text\">\n\t\t\t\t\t<p><strong>Multimarke:<\/strong><br \/>\nKompatibel mit den wichtigsten CNCs auf dem Markt.<\/p>\n\t\t\t\t\t<\/div>\n\t\t\t\t\t\t\t\t<\/div>\n\t\t\t\t\t\t\t\t<\/li>\n\n\t<\/ul>\n<\/div><\/div><\/div><div id=\"pgc-w6266daea0b471-0-2\"  class=\"panel-grid-cell\" ><div id=\"panel-w6266daea0b471-0-2-0\" class=\"so-panel widget widget_sow-features panel-first-child panel-last-child\" data-index=\"2\" ><div\n\t\t\t\n\t\t\tclass=\"so-widget-sow-features so-widget-sow-features-default-fe136b117c82\"\n\t\t\t\n\t\t><ul\n\tclass=\"sow-features-list\n\tsow-features-responsive\">\n\n\t\t\t<li\n\t\t\tclass=\"sow-features-feature sow-icon-container-position-right\"\n\t\t\tstyle=\"display: flex; flex-direction: row; width: calc(100% - 25px);\"\n\t\t>\n\t\t\t\n\t\t\t\t\t\t<div\t\t\t\tclass=\"sow-icon-container sow-container-square\"\n\t\t\t\tstyle=\"color: ; \"\n\t\t\t\t\n\t\t\t\t\t\t\t>\n\t\t\t\t\t\t\t\t\t\t<div class=\"sow-icon-image\" style=\"background-image: url(https:\/\/www.fagorautomation.com\/wp-content\/uploads\/fagor_iconos-digital-suite-03.png); font-size: 45px\"><\/div>\n\t\t\t\t\t\t\t\t\t<\/div>\n\n\t\t\t<div class=\"textwidget\">\n\t\t\t\t\n\t\t\t\t\n\t\t\t\t\t\t\t\t\t<div class=\"sow-features-feature-text\">\n\t\t\t\t\t<p><strong>Mehrere Protokolle:<\/strong><br \/>\nOPCUA, UMATI, MTConnet, MQTT, usw.<\/p>\n\t\t\t\t\t<\/div>\n\t\t\t\t\t\t\t\t<\/div>\n\t\t\t\t\t\t\t\t<\/li>\n\n\t<\/ul>\n<\/div><\/div><\/div><\/div><div id=\"pg-w6266daea0b471-1\"  class=\"panel-grid panel-no-style\" ><div id=\"pgc-w6266daea0b471-1-0\"  class=\"panel-grid-cell\" ><div id=\"panel-w6266daea0b471-1-0-0\" class=\"so-panel widget widget_sow-features panel-first-child panel-last-child\" data-index=\"3\" ><div\n\t\t\t\n\t\t\tclass=\"so-widget-sow-features so-widget-sow-features-default-fe136b117c82\"\n\t\t\t\n\t\t><ul\n\tclass=\"sow-features-list\n\tsow-features-responsive\">\n\n\t\t\t<li\n\t\t\tclass=\"sow-features-feature sow-icon-container-position-right\"\n\t\t\tstyle=\"display: flex; flex-direction: row; width: calc(100% - 25px);\"\n\t\t>\n\t\t\t\n\t\t\t\t\t\t<div\t\t\t\tclass=\"sow-icon-container sow-container-square\"\n\t\t\t\tstyle=\"color: ; \"\n\t\t\t\t\n\t\t\t\t\t\t\t>\n\t\t\t\t\t\t\t\t\t\t<div class=\"sow-icon-image\" style=\"background-image: url(https:\/\/www.fagorautomation.com\/wp-content\/uploads\/fagor_iconos-digital-suite-04.png); font-size: 45px\"><\/div>\n\t\t\t\t\t\t\t\t\t<\/div>\n\n\t\t\t<div class=\"textwidget\">\n\t\t\t\t\n\t\t\t\t\n\t\t\t\t\t\t\t\t\t<div class=\"sow-features-feature-text\">\n\t\t\t\t\t<p><strong>Interoperabilit\u00e4t:<\/strong><br \/>\nVerbindbar mit allen anderen Systemen.<\/p>\n\t\t\t\t\t<\/div>\n\t\t\t\t\t\t\t\t<\/div>\n\t\t\t\t\t\t\t\t<\/li>\n\n\t<\/ul>\n<\/div><\/div><\/div><div id=\"pgc-w6266daea0b471-1-1\"  class=\"panel-grid-cell\" ><div id=\"panel-w6266daea0b471-1-1-0\" class=\"so-panel widget widget_sow-features panel-first-child panel-last-child\" data-index=\"4\" ><div\n\t\t\t\n\t\t\tclass=\"so-widget-sow-features so-widget-sow-features-default-fe136b117c82\"\n\t\t\t\n\t\t><ul\n\tclass=\"sow-features-list\n\tsow-features-responsive\">\n\n\t\t\t<li\n\t\t\tclass=\"sow-features-feature sow-icon-container-position-right\"\n\t\t\tstyle=\"display: flex; flex-direction: row; width: calc(100% - 25px);\"\n\t\t>\n\t\t\t\n\t\t\t\t\t\t<div\t\t\t\tclass=\"sow-icon-container sow-container-square\"\n\t\t\t\tstyle=\"color: ; \"\n\t\t\t\t\n\t\t\t\t\t\t\t>\n\t\t\t\t\t\t\t\t\t\t<div class=\"sow-icon-image\" style=\"background-image: url(https:\/\/www.fagorautomation.com\/wp-content\/uploads\/fagor_iconos-digital-suite-02.png); font-size: 45px\"><\/div>\n\t\t\t\t\t\t\t\t\t<\/div>\n\n\t\t\t<div class=\"textwidget\">\n\t\t\t\t\n\t\t\t\t\n\t\t\t\t\t\t\t\t\t<div class=\"sow-features-feature-text\">\n\t\t\t\t\t<p><strong>HMIs<\/strong><br \/>\nStandard oder kundenspezifisch<\/p>\n\t\t\t\t\t<\/div>\n\t\t\t\t\t\t\t\t<\/div>\n\t\t\t\t\t\t\t\t<\/li>\n\n\t<\/ul>\n<\/div><\/div><\/div><div id=\"pgc-w6266daea0b471-1-2\"  class=\"panel-grid-cell\" ><div id=\"panel-w6266daea0b471-1-2-0\" class=\"so-panel widget widget_sow-features panel-first-child panel-last-child\" data-index=\"5\" ><div\n\t\t\t\n\t\t\tclass=\"so-widget-sow-features so-widget-sow-features-default-fe136b117c82\"\n\t\t\t\n\t\t><ul\n\tclass=\"sow-features-list\n\tsow-features-responsive\">\n\n\t\t\t<li\n\t\t\tclass=\"sow-features-feature sow-icon-container-position-right\"\n\t\t\tstyle=\"display: flex; flex-direction: row; width: calc(100% - 25px);\"\n\t\t>\n\t\t\t\n\t\t\t\t\t\t<div\t\t\t\tclass=\"sow-icon-container sow-container-square\"\n\t\t\t\tstyle=\"color: ; \"\n\t\t\t\t\n\t\t\t\t\t\t\t>\n\t\t\t\t\t\t\t\t\t\t<div class=\"sow-icon-image\" style=\"background-image: url(https:\/\/www.fagorautomation.com\/wp-content\/uploads\/fagor_iconos-digital-suite_mesa-de-trabajo-1.png); font-size: 45px\"><\/div>\n\t\t\t\t\t\t\t\t\t<\/div>\n\n\t\t\t<div class=\"textwidget\">\n\t\t\t\t\n\t\t\t\t\n\t\t\t\t\t\t\t\t\t<div class=\"sow-features-feature-text\">\n\t\t\t\t\t<p><strong>Schnelle Implementierung<\/strong>, Skalierbarkeit in Bezug auf Ausr\u00fcstung und Funktionen und minimaler Eingriff in das System.<\/p>\n\t\t\t\t\t<\/div>\n\t\t\t\t\t\t\t\t<\/div>\n\t\t\t\t\t\t\t\t<\/li>\n\n\t<\/ul>\n<\/div><\/div><\/div><\/div><div id=\"pg-w6266daea0b471-2\"  class=\"panel-grid panel-no-style\" ><div id=\"pgc-w6266daea0b471-2-0\"  class=\"panel-grid-cell\" ><div id=\"panel-w6266daea0b471-2-0-0\" class=\"so-panel widget widget_sow-features panel-first-child panel-last-child\" data-index=\"6\" ><div\n\t\t\t\n\t\t\tclass=\"so-widget-sow-features so-widget-sow-features-default-fe136b117c82\"\n\t\t\t\n\t\t><ul\n\tclass=\"sow-features-list\n\tsow-features-responsive\">\n\n\t\t\t<li\n\t\t\tclass=\"sow-features-feature sow-icon-container-position-right\"\n\t\t\tstyle=\"display: flex; flex-direction: row; width: calc(100% - 25px);\"\n\t\t>\n\t\t\t\n\t\t\t\t\t\t<div\t\t\t\tclass=\"sow-icon-container sow-container-square\"\n\t\t\t\tstyle=\"color: ; \"\n\t\t\t\t\n\t\t\t\t\t\t\t>\n\t\t\t\t\t\t\t\t\t\t<div class=\"sow-icon-image\" style=\"background-image: url(https:\/\/www.fagorautomation.com\/wp-content\/uploads\/fagor_iconos-digital-suite-07.png); font-size: 45px\"><\/div>\n\t\t\t\t\t\t\t\t\t<\/div>\n\n\t\t\t<div class=\"textwidget\">\n\t\t\t\t\n\t\t\t\t\n\t\t\t\t\t\t\t\t\t<div class=\"sow-features-feature-text\">\n\t\t\t\t\t<p><strong>Cybersicherheit:<\/strong> ISO\/IEC 15408:2009, ISO\/IEC 18045:2008 und CommonCriteria<\/p>\n\t\t\t\t\t<\/div>\n\t\t\t\t\t\t\t\t<\/div>\n\t\t\t\t\t\t\t\t<\/li>\n\n\t<\/ul>\n<\/div><\/div><\/div><div id=\"pgc-w6266daea0b471-2-1\"  class=\"panel-grid-cell panel-grid-cell-empty panel-grid-cell-mobile-last\" ><\/div><div id=\"pgc-w6266daea0b471-2-2\"  class=\"panel-grid-cell panel-grid-cell-empty\" ><\/div><\/div><\/div><\/div><\/div><\/div><\/div><div id=\"pg-832424-2\"  class=\"panel-grid panel-has-style\" ><div class=\"aos-init section03 siteorigin-panels-stretch panel-row-style panel-row-style-for-832424-2\" data-aos=\"fade-up\" data-aos-duration=\"600\" data-aos-easing=\"ease-in\" data-aos-delay=\"300\" data-aos-anchor-placement=\"top-bottom\" data-aos-once=\"true\" data-stretch-type=\"full\" ><div id=\"pgc-832424-2-0\"  class=\"panel-grid-cell\" ><div id=\"panel-832424-2-0-0\" class=\"widget_text so-panel widget widget_custom_html panel-first-child\" data-index=\"5\" ><div class=\"widget_text landing-title panel-widget-style panel-widget-style-for-832424-2-0-0\" ><div class=\"textwidget custom-html-widget\"><h2 class=\"landing-red-fagor landing-border-bottom\">02. Benutzerorientiert<\/h2>\n\n<div class=\"intro\"><p>Die L\u00f6sung wurde <strong>f\u00fcr Benutzer<\/strong> entwickelt, die nach Indikatoren zur Verbesserung der Verf\u00fcgbarkeit und Effizienz ihrer Maschinen suchen und dabei Informationen von der Maschine, dem technischen B\u00fcro, dem Personal, der Planung, der Produktion usw. integrieren wollen.<\/p><\/div><\/div><\/div><\/div><div id=\"panel-832424-2-0-1\" class=\"so-panel widget widget_siteorigin-panels-builder panel-last-child\" data-index=\"6\" ><div id=\"pl-w6266daea0cde3\"  class=\"panel-layout\" ><div id=\"pg-w6266daea0cde3-0\"  class=\"panel-grid panel-no-style\" ><div id=\"pgc-w6266daea0cde3-0-0\"  class=\"panel-grid-cell\" ><div id=\"panel-w6266daea0cde3-0-0-0\" class=\"so-panel widget widget_sow-editor panel-first-child panel-last-child\" data-index=\"0\" ><div\n\t\t\t\n\t\t\tclass=\"so-widget-sow-editor so-widget-sow-editor-base\"\n\t\t\t\n\t\t>\n<div class=\"siteorigin-widget-tinymce textwidget\">\n\t<ul>\n<li>Die Module, die das Standardangebot f\u00fcr den Benutzer bilden, liefern wertvolle Informationen in Echtzeit und historisch nach Zeitr\u00e4umen, Entwicklung und Vergleich in Bereichen wie: Verf\u00fcgbarkeit, Effizienz, Qualit\u00e4t, OEE, Strom- und Energieverbrauchsdaten, Berichterstattung nach Profilen usw.<\/li>\n<\/ul>\n<\/div>\n<\/div><\/div><\/div><\/div><\/div><\/div><\/div><\/div><\/div><div id=\"pg-832424-3\"  class=\"panel-grid panel-has-style\" ><div class=\"aos-init section02 siteorigin-panels-stretch panel-row-style panel-row-style-for-832424-3\" data-aos=\"fade-up\" data-aos-duration=\"300\" data-aos-easing=\"linear\" data-aos-anchor-placement=\"top-bottom\" data-aos-once=\"true\" data-stretch-type=\"full\" ><div id=\"pgc-832424-3-0\"  class=\"panel-grid-cell\" ><div id=\"panel-832424-3-0-0\" class=\"widget_text so-panel widget widget_custom_html panel-first-child\" data-index=\"7\" ><div class=\"widget_text landing-title panel-widget-style panel-widget-style-for-832424-3-0-0\" ><div class=\"textwidget custom-html-widget\"><h2 class=\"landing-red-fagor landing-border-bottom\">03. Herstellerorientiert<\/h2>\n\n<div class=\"intro\"><p>Die L\u00f6sung <strong>f\u00fcr Maschinenbauer<\/strong>, die ihre Anlagen verwalten und gleichzeitig neue Dienstleistungen auf diesen Anlagen erm\u00f6glichen wollen. Dem Maschinenhersteller wird eine Reihe von Werkzeugen zur Verf\u00fcgung gestellt, die die Erstellung neuer digitaler Produkte und Dienste erm\u00f6glichen:<\/p><\/div><\/div><\/div><\/div><div id=\"panel-832424-3-0-1\" class=\"so-panel widget widget_siteorigin-panels-builder panel-last-child\" data-index=\"8\" ><div id=\"pl-w6266daea0d04f\"  class=\"panel-layout\" ><div id=\"pg-w6266daea0d04f-0\"  class=\"panel-grid panel-no-style\" ><div id=\"pgc-w6266daea0d04f-0-0\"  class=\"panel-grid-cell\" ><div id=\"panel-w6266daea0d04f-0-0-0\" class=\"so-panel widget widget_sow-editor panel-first-child panel-last-child\" data-index=\"0\" ><div\n\t\t\t\n\t\t\tclass=\"so-widget-sow-editor so-widget-sow-editor-base\"\n\t\t\t\n\t\t>\n<div class=\"siteorigin-widget-tinymce textwidget\">\n\t<ul>\n<li>Alle Dienste sind benutzerorientiert: Hersteller k\u00f6nnen auf alle Module und Funktionen im Zusammenhang mit Maschinendaten zugreifen.<\/li>\n<li>Ma\u00dfgeschneiderte virtuelle Cloud mit Asset-, Zugangs-, Benutzer- usw. Management.<\/li>\n<li>Teleservice und Wartung: Erm\u00f6glicht Fernzugriff und -diagnose, Benachrichtigungs- und Alarmmanagement, etc.<\/li>\n<li>Die Plattform erm\u00f6glicht Fern-Upgrades von Firmware, PLCs usw.<\/li>\n<li>Entwicklung und Verwaltung von APIs: Erm\u00f6glicht die Entwicklung und den Einsatz von Applikationen in Ihrem Maschinenpark, mit allgemeiner oder individueller Verwaltung, die auf neue Funktionen, Wartung abzielen.<\/li>\n<\/ul>\n<\/div>\n<\/div><\/div><\/div><\/div><\/div><\/div><\/div><\/div><\/div><\/div>","protected":false},"excerpt":{"rendered":"<p>Fagor Digital Suite Decision making made simple Unsere Digitalisierungsl\u00f6sung f\u00fcr Ihre Maschinen. FAGOR DIGITAL SUITE &#8230; <a title=\"Fagor Digital Suite\" class=\"read-more\" href=\"https:\/\/www.fagorautomation.com\/de\/fagor-digital-suite\/\" aria-label=\"Mehr Informationen \u00fcber Fagor Digital Suite\"> <\/a><\/p>\n","protected":false},"author":1,"featured_media":952700,"parent":0,"menu_order":0,"comment_status":"closed","ping_status":"closed","template":"","meta":{"_acf_changed":false,"footnotes":""},"categories":[1352],"tags":[],"class_list":{"0":"post-832424","1":"page","2":"type-page","3":"status-publish","4":"has-post-thumbnail","6":"category-landing-page-de","7":"resize-featured-image"},"acf":[],"wpml_current_locale":"de_DE","wpml_translations":[{"locale":"en","id":825890,"post_title":"Fagor Digital Suite","href":"https:\/\/www.fagorautomation.com\/en\/fagor-digital-suite\/"},{"locale":"es_ES","id":330,"post_title":"Fagor Digital Suite","href":"https:\/\/www.fagorautomation.com\/es\/fagor-digital-suite\/"},{"locale":"en_US","id":832426,"post_title":"Fagor Digital Suite","href":"https:\/\/www.fagorautomation.com\/en-us\/fagor-digital-suite\/"},{"locale":"it_IT","id":832427,"post_title":"Fagor Digital Suite","href":"https:\/\/www.fagorautomation.com\/it\/fagor-digital-suite\/"},{"locale":"fr_FR","id":832423,"post_title":"Fagor Digital Suite","href":"https:\/\/www.fagorautomation.com\/fr\/fagor-digital-suite\/"},{"locale":"pt_BR","id":832420,"post_title":"Fagor Digital Suite","href":"https:\/\/www.fagorautomation.com\/pt-br\/fagor-digital-suite\/"},{"locale":"pt_PT","id":832421,"post_title":"Fagor Digital Suite","href":"https:\/\/www.fagorautomation.com\/pt-pt\/fagor-digital-suite\/"},{"locale":"en_IN","id":832425,"post_title":"Fagor Digital Suite","href":"https:\/\/www.fagorautomation.com\/hi\/fagor-digital-suite\/"},{"locale":"ja","id":832428,"post_title":"Fagor Digital Suite","href":"https:\/\/www.fagorautomation.com\/ja\/fagor-digital-suite\/"},{"locale":"eu_ES","id":832422,"post_title":"Fagor Digital Suite","href":"https:\/\/www.fagorautomation.com\/eu\/fagor-digital-suite\/"},{"locale":"zh_CN","id":906366,"post_title":"Digital suite","href":"https:\/\/www.fagorautomation.com\/zh-hans\/digital-suite\/"}],"_links":{"self":[{"href":"https:\/\/www.fagorautomation.com\/de\/wp-json\/wp\/v2\/pages\/832424","targetHints":{"allow":["GET"]}}],"collection":[{"href":"https:\/\/www.fagorautomation.com\/de\/wp-json\/wp\/v2\/pages"}],"about":[{"href":"https:\/\/www.fagorautomation.com\/de\/wp-json\/wp\/v2\/types\/page"}],"author":[{"embeddable":true,"href":"https:\/\/www.fagorautomation.com\/de\/wp-json\/wp\/v2\/users\/1"}],"replies":[{"embeddable":true,"href":"https:\/\/www.fagorautomation.com\/de\/wp-json\/wp\/v2\/comments?post=832424"}],"version-history":[{"count":0,"href":"https:\/\/www.fagorautomation.com\/de\/wp-json\/wp\/v2\/pages\/832424\/revisions"}],"wp:featuredmedia":[{"embeddable":true,"href":"https:\/\/www.fagorautomation.com\/de\/wp-json\/wp\/v2\/media\/952700"}],"wp:attachment":[{"href":"https:\/\/www.fagorautomation.com\/de\/wp-json\/wp\/v2\/media?parent=832424"}],"wp:term":[{"taxonomy":"category","embeddable":true,"href":"https:\/\/www.fagorautomation.com\/de\/wp-json\/wp\/v2\/categories?post=832424"},{"taxonomy":"post_tag","embeddable":true,"href":"https:\/\/www.fagorautomation.com\/de\/wp-json\/wp\/v2\/tags?post=832424"}],"curies":[{"name":"wp","href":"https:\/\/api.w.org\/{rel}","templated":true}]}}