{"id":1016984,"date":"2023-10-11T11:44:20","date_gmt":"2023-10-11T10:44:20","guid":{"rendered":"https:\/\/www.fagorautomation.com\/?page_id=1016984"},"modified":"2023-10-11T14:39:58","modified_gmt":"2023-10-11T13:39:58","slug":"version-anterior-del-simulador-gratuito","status":"publish","type":"page","link":"https:\/\/www.fagorautomation.com\/es\/version-anterior-del-simulador-gratuito\/","title":{"rendered":"Versi\u00f3n anterior del simulador gratuito"},"content":{"rendered":"<p>Puede que antes de instalar la versi\u00f3n actual, el ordenador ya tenga otra versi\u00f3n gratuita instalada. Esta versi\u00f3n autom\u00e1ticamente renombra las versiones anteriores, ya sean gratuitas o completas.<\/p>\n<p>Al tener una versi\u00f3n gratuita anterior instalada, se podr\u00eda renombrar de este modo: FAGORCNC-DDS<\/p>\n<p>En el caso de querer volver a tener la versi\u00f3n 6.01.07 gratuita activa (la versi\u00f3n anterior), se deben seguir los siguientes pasos:<\/p>\n<ul>\n<li>Cerrar el simulador y no tener ninguna carpeta del explorador relacionada con el simulador abierta.<\/li>\n<li>Renombrar la carpeta FAGORCNC actual a otro nombre, por ejemplo la renombraremos con la versi\u00f3n que tiene (6.22.05); FAGORCNC_6_22_05<\/li>\n<li>Renombrar la carpeta FAGORCNC-DDS a FAGORCNC.<\/li>\n<\/ul>\n<p>El simulador trabaja contra la carpeta que tenga el nombre de FAGORCNC. Solo puede haber una carpeta con ese nombre, es por ello que la carpeta que se desee usar ser\u00e1 la que se denominara con el nombre de FAGORCNC<\/p>\n<ul>\n<li>Hacer RegOcx en modo ADMINISTRADOR.<\/li>\n<\/ul>\n<p>Para poder ejecutar este archivo, es necesario tener permisos de ADMINISTRADOR. La ubicaci\u00f3n de este archivo es la siguiente: C:\\FAGORCNC\\Fagor\\release<\/p>\n<p><img loading=\"lazy\" decoding=\"async\" class=\"alignnone size-full wp-image-1017024\" src=\"https:\/\/www.fagorautomation.com\/wp-content\/uploads\/permiso-admin.png\" alt=\"\" width=\"465\" height=\"371\" title=\"\"><\/p>\n<p>Tras validar el cuadro de di\u00e1logo correspondiente al ejecutable,\u00a0 se registran una serie de comandos hasta finalizar la operaci\u00f3n.<\/p>\n<p><img loading=\"lazy\" decoding=\"async\" class=\"alignnone size-full wp-image-1017039\" src=\"https:\/\/www.fagorautomation.com\/wp-content\/uploads\/simulagialua.png\" alt=\"\" width=\"465\" height=\"373\" title=\"\"><\/p>\n<p>En la parte superior del cuadro de di\u00e1logo, aparecer\u00e1 \u201c<strong>act8070w-Finalizado!!<\/strong>\u201d una vez que el proceso haya finalizado. Habr\u00eda que cerrar el cuadro de di\u00e1logo y abrir el simulador desde el acceso directo del escritorio.<\/p>\n","protected":false},"excerpt":{"rendered":"<p>Puede que antes de instalar la versi\u00f3n actual, el ordenador ya tenga otra versi\u00f3n gratuita &#8230; <a title=\"Versi\u00f3n anterior del simulador gratuito\" class=\"read-more\" href=\"https:\/\/www.fagorautomation.com\/es\/version-anterior-del-simulador-gratuito\/\" aria-label=\"Leer m\u00e1s sobre Versi\u00f3n anterior del simulador gratuito\"> <\/a><\/p>\n","protected":false},"author":4,"featured_media":0,"parent":0,"menu_order":0,"comment_status":"closed","ping_status":"closed","template":"","meta":{"_acf_changed":false,"footnotes":""},"categories":[],"tags":[],"class_list":["post-1016984","page","type-page","status-publish"],"acf":[],"wpml_current_locale":"es_ES","wpml_translations":[],"_links":{"self":[{"href":"https:\/\/www.fagorautomation.com\/es\/wp-json\/wp\/v2\/pages\/1016984","targetHints":{"allow":["GET"]}}],"collection":[{"href":"https:\/\/www.fagorautomation.com\/es\/wp-json\/wp\/v2\/pages"}],"about":[{"href":"https:\/\/www.fagorautomation.com\/es\/wp-json\/wp\/v2\/types\/page"}],"author":[{"embeddable":true,"href":"https:\/\/www.fagorautomation.com\/es\/wp-json\/wp\/v2\/users\/4"}],"replies":[{"embeddable":true,"href":"https:\/\/www.fagorautomation.com\/es\/wp-json\/wp\/v2\/comments?post=1016984"}],"version-history":[{"count":0,"href":"https:\/\/www.fagorautomation.com\/es\/wp-json\/wp\/v2\/pages\/1016984\/revisions"}],"wp:attachment":[{"href":"https:\/\/www.fagorautomation.com\/es\/wp-json\/wp\/v2\/media?parent=1016984"}],"wp:term":[{"taxonomy":"category","embeddable":true,"href":"https:\/\/www.fagorautomation.com\/es\/wp-json\/wp\/v2\/categories?post=1016984"},{"taxonomy":"post_tag","embeddable":true,"href":"https:\/\/www.fagorautomation.com\/es\/wp-json\/wp\/v2\/tags?post=1016984"}],"curies":[{"name":"wp","href":"https:\/\/api.w.org\/{rel}","templated":true}]}}