{"id":1044987,"date":"2025-11-05T12:30:06","date_gmt":"2025-11-05T10:30:06","guid":{"rendered":"https:\/\/www.fagorautomation.com\/?page_id=1044987"},"modified":"2025-12-02T10:10:21","modified_gmt":"2025-12-02T08:10:21","slug":"contrato-de-asistencia-km0","status":"publish","type":"page","link":"https:\/\/www.fagorautomation.com\/es\/contrato-de-asistencia-km0\/","title":{"rendered":"Contrato de Asistencia Km0"},"content":{"rendered":"<div id=\"pl-1044987\"  class=\"panel-layout\" ><div id=\"pg-1044987-0\"  class=\"panel-grid panel-has-style\" ><div class=\"aos-init upgrade-section01 siteorigin-panels-stretch panel-row-style panel-row-style-for-1044987-0\" data-aos=\"fade\" data-aos-duration=\"300\" data-aos-easing=\"linear\" data-aos-anchor-placement=\"top-bottom\" data-aos-once=\"true\" data-stretch-type=\"full\" ><div id=\"pgc-1044987-0-0\"  class=\"panel-grid-cell\" ><div id=\"panel-1044987-0-0-0\" class=\"so-panel widget widget_siteorigin-panels-builder panel-first-child panel-last-child\" data-index=\"0\" ><div id=\"pl-w690c88949d1df\"  class=\"panel-layout\" ><div id=\"pg-w690c88949d1df-0\"  class=\"panel-grid panel-has-style\" ><div class=\"upgrade-section01-text panel-row-style panel-row-style-for-w690c88949d1df-0\" ><div id=\"pgc-w690c88949d1df-0-0\"  class=\"panel-grid-cell\" ><div id=\"panel-w690c88949d1df-0-0-0\" class=\"so-panel widget widget_sow-editor panel-first-child\" data-index=\"0\" ><div class=\"panel-widget-style panel-widget-style-for-w690c88949d1df-0-0-0\" ><div\n\t\t\t\n\t\t\tclass=\"so-widget-sow-editor so-widget-sow-editor-base\"\n\t\t\t\n\t\t>\n<div class=\"siteorigin-widget-tinymce textwidget\">\n\t<div style=\"font-family: 'Segoe UI',Roboto,'Helvetica Neue',Arial,'Noto Sans',sans-serif !important; ; color: #fff;\">\n<div style=\"font-size: 3.5rem !important; font-weight: 300 !important; width: auto; float: left; padding-right: 20px;\">Contrato de<br \/>\nasistencia<\/div>\n<div style=\"font-size: 8rem !important; font-weight: 600 !important;line-height: 0.9;\">Km0<\/div>\n<\/div>\n<\/div>\n<\/div><\/div><\/div><div id=\"panel-w690c88949d1df-0-0-1\" class=\"so-panel widget widget_sow-headline\" data-index=\"1\" ><div class=\"title-upgrade panel-widget-style panel-widget-style-for-w690c88949d1df-0-0-1\" ><div\n\t\t\t\n\t\t\tclass=\"so-widget-sow-headline so-widget-sow-headline-default-5571bbed2539 so-widget-fittext-wrapper\"\n\t\t\t data-fit-text-compressor=\"0.85\"\n\t\t><div class=\"sow-headline-container \">\n\t\t\t\t\t\t\t<h1 class=\"sow-headline\">\n\t\t\t\t\t\t Contrato de Asistencia Km0 \t\t\t\t\t\t<\/h1>\n\t\t\t\t\t\t<\/div>\n<\/div><\/div><\/div><div id=\"panel-w690c88949d1df-0-0-2\" class=\"widget_text so-panel widget widget_custom_html panel-last-child\" data-index=\"2\" ><div class=\"widget_text upgrade-clain-promocion-slider panel-widget-style panel-widget-style-for-w690c88949d1df-0-0-2\" ><div class=\"textwidget custom-html-widget\"><h3>TU M\u00c1QUINA, SIEMPRE OPERATIVA<\/h3><\/div><\/div><\/div><\/div><\/div><\/div><\/div><\/div><\/div><\/div><\/div><div id=\"pg-1044987-1\"  class=\"panel-grid panel-has-style\" ><div class=\"upgrade-section06  panel-row-style panel-row-style-for-1044987-1\" ><div id=\"pgc-1044987-1-0\"  class=\"panel-grid-cell\" ><div id=\"panel-1044987-1-0-0\" class=\"so-panel widget widget_siteorigin-panels-builder panel-first-child panel-last-child\" data-index=\"1\" ><div class=\"landing-title panel-widget-style panel-widget-style-for-1044987-1-0-0\" ><div id=\"pl-w690c6422ee076\"  class=\"panel-layout\" ><div id=\"pg-w690c6422ee076-0\"  class=\"panel-grid panel-no-style\" ><div id=\"pgc-w690c6422ee076-0-0\"  class=\"panel-grid-cell\" ><div id=\"panel-w690c6422ee076-0-0-0\" class=\"widget_text so-panel widget widget_custom_html panel-first-child panel-last-child\" data-index=\"0\" ><div class=\"widget_text header02 panel-widget-style panel-widget-style-for-w690c6422ee076-0-0-0\" ><div class=\"textwidget custom-html-widget\"><h3> Descubre todas las ventajas del contrato.<\/h3> <\/div><\/div><\/div><\/div><div id=\"pgc-w690c6422ee076-0-1\"  class=\"panel-grid-cell\" ><div id=\"panel-w690c6422ee076-0-1-0\" class=\"so-panel widget widget_sow-editor panel-first-child\" data-index=\"1\" ><div class=\"intro panel-widget-style panel-widget-style-for-w690c6422ee076-0-1-0\" ><div\n\t\t\t\n\t\t\tclass=\"so-widget-sow-editor so-widget-sow-editor-base\"\n\t\t\t\n\t\t>\n<div class=\"siteorigin-widget-tinymce textwidget\">\n\t<p><strong>Tu producci\u00f3n, siempre en marcha.<\/strong><br \/>\nCon el contrato Km0 tendr\u00e1s cubiertas todas las aver\u00edas de tus <strong>equipos Fagor<\/strong> por una cuota anual <strong>desde 739\u20ac por m\u00e1quina.<\/strong><br \/>\nServicio oficial, t\u00e9cnico y completo.<\/p>\n<\/div>\n<\/div><\/div><\/div><div id=\"panel-w690c6422ee076-0-1-1\" class=\"so-panel widget widget_siteorigin-panels-builder panel-last-child\" data-index=\"2\" ><div id=\"pl-w69fa1505e6b1c\"  class=\"panel-layout\" ><div id=\"pg-w69fa1505e6b1c-0\"  class=\"panel-grid panel-no-style\" ><div id=\"pgc-w69fa1505e6b1c-0-0\"  class=\"panel-grid-cell\" ><div id=\"panel-w69fa1505e6b1c-0-0-0\" class=\"so-panel widget widget_sow-button panel-first-child panel-last-child\" data-index=\"0\" ><div\n\t\t\t\n\t\t\tclass=\"so-widget-sow-button so-widget-sow-button-flat-fc1e9f7f04c1\"\n\t\t\t\n\t\t><div class=\"ow-button-base ow-button-align-center\"\n>\n\t\t\t<a\n\t\t\t\t\thref=\"#upgrade-formulario\"\n\t\t\t\t\tclass=\"cncupgrade-agendar-reunion sowb-button ow-icon-placement-left ow-button-hover\" \t>\n\t\t<span>\n\t\t\t\n\t\t\tACTIVA TU CONTRATO KM0\t\t<\/span>\n\t\t\t<\/a>\n\t<\/div>\n<\/div><\/div><\/div><\/div><\/div><\/div><\/div><\/div><\/div><\/div><\/div><\/div><\/div><\/div><div id=\"pg-1044987-2\"  class=\"panel-grid panel-has-style\" ><div class=\"upgrade-section06  siteorigin-panels-stretch panel-row-style panel-row-style-for-1044987-2\" data-stretch-type=\"full\" ><div id=\"pgc-1044987-2-0\"  class=\"panel-grid-cell\" ><div id=\"panel-1044987-2-0-0\" class=\"so-panel widget widget_siteorigin-panels-builder panel-first-child panel-last-child\" data-index=\"2\" ><div id=\"pl-w690c8528cbe55\"  class=\"panel-layout\" ><div id=\"pg-w690c8528cbe55-0\"  class=\"panel-grid panel-no-style\" ><div id=\"pgc-w690c8528cbe55-0-0\"  class=\"panel-grid-cell\" ><div id=\"panel-w690c8528cbe55-0-0-0\" class=\"so-panel widget widget_sow-features panel-first-child panel-last-child\" data-index=\"0\" ><div\n\t\t\t\n\t\t\tclass=\"so-widget-sow-features so-widget-sow-features-default-5f279de31707\"\n\t\t\t\n\t\t><ul\n\tclass=\"sow-features-list\n\tsow-features-responsive\">\n\n\t\t\t<li\n\t\t\tclass=\"sow-features-feature sow-icon-container-position-top\"\n\t\t\tstyle=\"display: flex; flex-direction: column; width: calc(33.333% - 0px);\"\n\t\t>\n\t\t\t\n\t\t\t\t\t\t<div\t\t\t\tclass=\"sow-icon-container sow-container-none\"\n\t\t\t\tstyle=\"color: ; \"\n\t\t\t\ttitle=\"Respuesta-prioritaria\"\n\t\t\t\t\t\t\t>\n\t\t\t\t\t\t\t\t\t\t<div class=\"sow-icon-image\" style=\"background-image: url(https:\/\/www.fagorautomation.com\/wp-content\/uploads\/respuesta_prioritaria.png); font-size: 200px\"><\/div>\n\t\t\t\t\t\t\t\t\t<\/div>\n\n\t\t\t<div class=\"textwidget\">\n\t\t\t\t\n\t\t\t\t\n\t\t\t\t\t\t\t\t\t<div class=\"sow-features-feature-text\">\n\t\t\t\t\t<p style=\"text-align: center\"><span style=\"color: #e42313\"><strong>Respuesta prioritaria 24h<\/strong><\/span><br \/>\n<span style=\"color: #e42313\">para Pa\u00eds Vasco<\/span><\/p>\n\t\t\t\t\t<\/div>\n\t\t\t\t\t\t\t\t<\/div>\n\t\t\t\t\t\t\t\t<\/li>\n\n\t\t\t<li\n\t\t\tclass=\"sow-features-feature sow-icon-container-position-top\"\n\t\t\tstyle=\"display: flex; flex-direction: column; width: calc(33.333% - 0px);\"\n\t\t>\n\t\t\t\n\t\t\t\t\t\t<div\t\t\t\tclass=\"sow-icon-container sow-container-none\"\n\t\t\t\tstyle=\"color: ; \"\n\t\t\t\ttitle=\"Repuestos-originales\"\n\t\t\t\t\t\t\t>\n\t\t\t\t\t\t\t\t\t\t<div class=\"sow-icon-image\" style=\"background-image: url(https:\/\/www.fagorautomation.com\/wp-content\/uploads\/repuestos_originales.png); font-size: 200px\"><\/div>\n\t\t\t\t\t\t\t\t\t<\/div>\n\n\t\t\t<div class=\"textwidget\">\n\t\t\t\t\n\t\t\t\t\n\t\t\t\t\t\t\t\t\t<div class=\"sow-features-feature-text\">\n\t\t\t\t\t<p style=\"text-align: center\"><span style=\"color: #e42313\"><strong>Repuestos originales<\/strong><\/span><\/p>\n\t\t\t\t\t<\/div>\n\t\t\t\t\t\t\t\t<\/div>\n\t\t\t\t\t\t\t\t<\/li>\n\n\t\t\t<li\n\t\t\tclass=\"sow-features-feature sow-icon-container-position-top\"\n\t\t\tstyle=\"display: flex; flex-direction: column; width: calc(33.333% - 0px);\"\n\t\t>\n\t\t\t\n\t\t\t\t\t\t<div\t\t\t\tclass=\"sow-icon-container sow-container-none\"\n\t\t\t\tstyle=\"color: ; \"\n\t\t\t\ttitle=\"T\u00e9cnicos-certificados\"\n\t\t\t\t\t\t\t>\n\t\t\t\t\t\t\t\t\t\t<div class=\"sow-icon-image\" style=\"background-image: url(https:\/\/www.fagorautomation.com\/wp-content\/uploads\/tecnicos_especializados.png); font-size: 200px\"><\/div>\n\t\t\t\t\t\t\t\t\t<\/div>\n\n\t\t\t<div class=\"textwidget\">\n\t\t\t\t\n\t\t\t\t\n\t\t\t\t\t\t\t\t\t<div class=\"sow-features-feature-text\">\n\t\t\t\t\t<p style=\"text-align: center\"><span style=\"color: #e42313\"><strong>T\u00e9cnicos certificados<\/strong><\/span><br \/>\n<span style=\"color: #e42313\">remota o presencialmente<\/span><\/p>\n\t\t\t\t\t<\/div>\n\t\t\t\t\t\t\t\t<\/div>\n\t\t\t\t\t\t\t\t<\/li>\n\n\t\t\t<li\n\t\t\tclass=\"sow-features-feature sow-icon-container-position-top\"\n\t\t\tstyle=\"display: flex; flex-direction: column; width: calc(33.333% - 0px);\"\n\t\t>\n\t\t\t\n\t\t\t\t\t\t<div\t\t\t\tclass=\"sow-icon-container sow-container-none\"\n\t\t\t\tstyle=\"color: ; \"\n\t\t\t\ttitle=\"Sustituci\u00f3n-averiado\"\n\t\t\t\t\t\t\t>\n\t\t\t\t\t\t\t\t\t\t<div class=\"sow-icon-image\" style=\"background-image: url(https:\/\/www.fagorautomation.com\/wp-content\/uploads\/sustitucion.png); font-size: 200px\"><\/div>\n\t\t\t\t\t\t\t\t\t<\/div>\n\n\t\t\t<div class=\"textwidget\">\n\t\t\t\t\n\t\t\t\t\n\t\t\t\t\t\t\t\t\t<div class=\"sow-features-feature-text\">\n\t\t\t\t\t<p style=\"text-align: center\"><span style=\"color: #e42313\"><strong>Sustituci\u00f3n <\/strong><\/span><br \/>\n<span style=\"color: #e42313\">de aparato averiado<\/span><\/p>\n\t\t\t\t\t<\/div>\n\t\t\t\t\t\t\t\t<\/div>\n\t\t\t\t\t\t\t\t<\/li>\n\n\t\t\t<li\n\t\t\tclass=\"sow-features-feature sow-icon-container-position-top\"\n\t\t\tstyle=\"display: flex; flex-direction: column; width: calc(33.333% - 0px);\"\n\t\t>\n\t\t\t\n\t\t\t\t\t\t<div\t\t\t\tclass=\"sow-icon-container sow-container-none\"\n\t\t\t\tstyle=\"color: ; \"\n\t\t\t\ttitle=\"Descuentos-componentes\"\n\t\t\t\t\t\t\t>\n\t\t\t\t\t\t\t\t\t\t<div class=\"sow-icon-image\" style=\"background-image: url(https:\/\/www.fagorautomation.com\/wp-content\/uploads\/descuentos-2.png); font-size: 200px\"><\/div>\n\t\t\t\t\t\t\t\t\t<\/div>\n\n\t\t\t<div class=\"textwidget\">\n\t\t\t\t\n\t\t\t\t\n\t\t\t\t\t\t\t\t\t<div class=\"sow-features-feature-text\">\n\t\t\t\t\t<p style=\"text-align: center\"><span style=\"color: #e42313\"><strong>Descuentos <\/strong><\/span><br \/>\n<span style=\"color: #e42313\">en varios componentes<\/span><\/p>\n\t\t\t\t\t<\/div>\n\t\t\t\t\t\t\t\t<\/div>\n\t\t\t\t\t\t\t\t<\/li>\n\n\t\t\t<li\n\t\t\tclass=\"sow-features-feature sow-icon-container-position-top\"\n\t\t\tstyle=\"display: flex; flex-direction: column; width: calc(33.333% - 0px);\"\n\t\t>\n\t\t\t\n\t\t\t\t\t\t<div\t\t\t\tclass=\"sow-icon-container sow-container-none\"\n\t\t\t\tstyle=\"color: ; \"\n\t\t\t\ttitle=\"Ofertas-upgrades\"\n\t\t\t\t\t\t\t>\n\t\t\t\t\t\t\t\t\t\t<div class=\"sow-icon-image\" style=\"background-image: url(https:\/\/www.fagorautomation.com\/wp-content\/uploads\/ofertas-2.png); font-size: 200px\"><\/div>\n\t\t\t\t\t\t\t\t\t<\/div>\n\n\t\t\t<div class=\"textwidget\">\n\t\t\t\t\n\t\t\t\t\n\t\t\t\t\t\t\t\t\t<div class=\"sow-features-feature-text\">\n\t\t\t\t\t<p style=\"text-align: center\"><span style=\"color: #e42313\"><strong>Ofertas<\/strong><\/span><br \/>\n<span style=\"color: #e42313\">en upgrades<\/span><\/p>\n\t\t\t\t\t<\/div>\n\t\t\t\t\t\t\t\t<\/div>\n\t\t\t\t\t\t\t\t<\/li>\n\n\t<\/ul>\n<\/div><\/div><\/div><div id=\"pgc-w690c8528cbe55-0-1\"  class=\"panel-grid-cell\" ><div id=\"panel-w690c8528cbe55-0-1-0\" class=\"so-panel widget widget_sow-image panel-first-child panel-last-child\" data-index=\"1\" ><div\n\t\t\t\n\t\t\tclass=\"so-widget-sow-image so-widget-sow-image-default-8b5b6f678277\"\n\t\t\t\n\t\t>\n<div class=\"sow-image-container\">\n\t\t<img loading=\"lazy\" decoding=\"async\" src=\"https:\/\/www.fagorautomation.com\/wp-content\/uploads\/diana-gris.png\" width=\"362\" height=\"359\" sizes=\"auto, (max-width: 362px) 100vw, 362px\" alt=\"\" class=\"so-widget-image\" title=\"\">\n\t<\/div>\n\n<\/div><\/div><\/div><\/div><\/div><\/div><\/div><\/div><\/div><div id=\"pg-1044987-3\"  class=\"panel-grid panel-has-style\" ><div id=\"upgrade-formulario\" class=\"panel-row-style panel-row-style-for-1044987-3\" ><div id=\"pgc-1044987-3-0\"  class=\"panel-grid-cell\" ><div id=\"panel-1044987-3-0-0\" class=\"so-panel widget widget_sow-headline panel-first-child\" data-index=\"3\" ><div\n\t\t\t\n\t\t\tclass=\"so-widget-sow-headline so-widget-sow-headline-default-da9640fea779-1044987\"\n\t\t\t\n\t\t><div class=\"sow-headline-container \">\n\t\t\t\t\t\t<div class=\"decoration\">\n\t\t\t\t\t\t<div class=\"decoration-inside\"><\/div>\n\t\t\t\t\t<\/div>\n\t\t\t\t\t<\/div>\n<\/div><\/div><div id=\"panel-1044987-3-0-1\" class=\"so-panel widget widget_sow-headline\" data-index=\"4\" ><div class=\"panel-widget-style panel-widget-style-for-1044987-3-0-1\" ><div\n\t\t\t\n\t\t\tclass=\"so-widget-sow-headline so-widget-sow-headline-default-db09e87425ea-1044987 so-widget-fittext-wrapper\"\n\t\t\t data-fit-text-compressor=\"0.85\"\n\t\t><div class=\"sow-headline-container \">\n\t\t\t\t\t\t\t<h1 class=\"sow-headline\">\n\t\t\t\t\t\tConsigue tu oferta personalizada\t\t\t\t\t\t<\/h1>\n\t\t\t\t\t\t<\/div>\n<\/div><\/div><\/div><div id=\"panel-1044987-3-0-2\" class=\"widget_text so-panel widget widget_custom_html panel-last-child\" data-index=\"5\" ><div class=\"widget_text cncupgrade-formulario panel-widget-style panel-widget-style-for-1044987-3-0-2\" ><div class=\"textwidget custom-html-widget\">\n<div class=\"wpcf7 no-js\" id=\"wpcf7-f1044991-o1\" lang=\"es-ES\" dir=\"ltr\" data-wpcf7-id=\"1044991\">\n<div class=\"screen-reader-response\"><p role=\"status\" aria-live=\"polite\" aria-atomic=\"true\"><\/p> <ul><\/ul><\/div>\n<form action=\"\/es\/wp-json\/wp\/v2\/pages\/1044987#wpcf7-f1044991-o1\" method=\"post\" class=\"wpcf7-form init wpcf7-acceptance-as-validation\" aria-label=\"Formulario de contacto\" novalidate=\"novalidate\" data-status=\"init\">\n<fieldset class=\"hidden-fields-container\"><input type=\"hidden\" name=\"_wpcf7\" value=\"1044991\" \/><input type=\"hidden\" name=\"_wpcf7_version\" value=\"6.1.5\" \/><input type=\"hidden\" name=\"_wpcf7_locale\" value=\"es_ES\" \/><input type=\"hidden\" name=\"_wpcf7_unit_tag\" value=\"wpcf7-f1044991-o1\" \/><input type=\"hidden\" name=\"_wpcf7_container_post\" value=\"0\" \/><input type=\"hidden\" name=\"_wpcf7_posted_data_hash\" value=\"\" \/>\n<\/fieldset>\n<p>Nombre y Apellidos *<br \/>\n<span class=\"wpcf7-form-control-wrap\" data-name=\"nombre\"><input size=\"40\" maxlength=\"400\" class=\"wpcf7-form-control wpcf7-text wpcf7-validates-as-required\" autocomplete=\"name\" aria-required=\"true\" aria-invalid=\"false\" value=\"\" type=\"text\" name=\"nombre\" \/><\/span>\n<\/p>\n<p>Correo electr\u00f3nico *<br \/>\n<span class=\"wpcf7-form-control-wrap\" data-name=\"your-email\"><input size=\"40\" maxlength=\"400\" class=\"wpcf7-form-control wpcf7-email wpcf7-validates-as-required wpcf7-text wpcf7-validates-as-email\" autocomplete=\"email\" aria-required=\"true\" aria-invalid=\"false\" value=\"\" type=\"email\" name=\"your-email\" \/><\/span>\n<\/p>\n<p>Empresa *<br \/>\n<span class=\"wpcf7-form-control-wrap\" data-name=\"empresa\"><input size=\"40\" maxlength=\"400\" class=\"wpcf7-form-control wpcf7-text wpcf7-validates-as-required\" autocomplete=\"name\" aria-required=\"true\" aria-invalid=\"false\" value=\"\" type=\"text\" name=\"empresa\" \/><\/span>\n<\/p>\n<p>C\u00f3digo postal *<br \/>\n<span class=\"wpcf7-form-control-wrap\" data-name=\"codigo-postal\"><input size=\"40\" maxlength=\"400\" class=\"wpcf7-form-control wpcf7-text wpcf7-validates-as-required\" autocomplete=\"name\" aria-required=\"true\" aria-invalid=\"false\" value=\"\" type=\"text\" name=\"codigo-postal\" \/><\/span>\n<\/p>\n<p>Cuidad *<br \/>\n<span class=\"wpcf7-form-control-wrap\" data-name=\"ciudad\"><input size=\"40\" maxlength=\"400\" class=\"wpcf7-form-control wpcf7-text wpcf7-validates-as-required\" autocomplete=\"name\" aria-required=\"true\" aria-invalid=\"false\" value=\"\" type=\"text\" name=\"ciudad\" \/><\/span>\n<\/p>\n<p>\u00bfQu\u00e9 m\u00e1quina te gustar\u00eda contratar?<br \/>\n<span class=\"wpcf7-form-control-wrap\" data-name=\"respuesta1\"><textarea cols=\"40\" rows=\"10\" maxlength=\"2000\" class=\"wpcf7-form-control wpcf7-textarea\" aria-invalid=\"false\" name=\"respuesta1\"><\/textarea><\/span>\n<\/p>\n<p>\u00bfCuantos ejes, incluido el cabezal, tiene la m\u00e1quina?<br \/>\n<span class=\"wpcf7-form-control-wrap\" data-name=\"respuesta2\"><textarea cols=\"40\" rows=\"10\" maxlength=\"2000\" class=\"wpcf7-form-control wpcf7-textarea\" aria-invalid=\"false\" name=\"respuesta2\"><\/textarea><\/span>\n<\/p>\n<p>\u00bfCu\u00e1ntos controles num\u00e9ricos tiene la m\u00e1quina?<br \/>\n<span class=\"wpcf7-form-control-wrap\" data-name=\"respuesta3\"><textarea cols=\"40\" rows=\"10\" maxlength=\"2000\" class=\"wpcf7-form-control wpcf7-textarea\" aria-invalid=\"false\" name=\"respuesta3\"><\/textarea><\/span>\n<\/p>\n<p><span class=\"wpcf7-form-control-wrap\" data-name=\"acceptance-84\"><span class=\"wpcf7-form-control wpcf7-acceptance\"><span class=\"wpcf7-list-item\"><input type=\"checkbox\" name=\"acceptance-84\" value=\"1\" aria-invalid=\"false\" \/><\/span><\/span><\/span> He le\u00eddo y acepto las <a href=\"\/es\/aviso-legal\" target=\"_blank\" style=\"color:#efefef;\">Condiciones de Uso<\/a> y la <a href=\"\/es\/politica-de-privacidad\/\" target=\"_blank\" style=\"color:#efefef;\">Pol\u00edtica de privacidad<\/a>.\n<\/p>\n<p><input class=\"wpcf7-form-control wpcf7-submit has-spinner submit-empresa\" type=\"submit\" value=\"Contactar  \u2192\" \/>\n<\/p><p style=\"display: none !important;\" class=\"akismet-fields-container\" data-prefix=\"_wpcf7_ak_\"><label>&#916;<textarea name=\"_wpcf7_ak_hp_textarea\" cols=\"45\" rows=\"8\" maxlength=\"100\"><\/textarea><\/label><input type=\"hidden\" id=\"ak_js_1\" name=\"_wpcf7_ak_js\" value=\"26\"\/><script>\ndocument.getElementById( \"ak_js_1\" ).setAttribute( \"value\", ( new Date() ).getTime() );\n<\/script>\n<\/p><div class=\"wpcf7-response-output\" aria-hidden=\"true\"><\/div>\n<\/form>\n<\/div>\n<\/div><\/div><\/div><\/div><\/div><\/div><\/div>","protected":false},"excerpt":{"rendered":"<p>Contrato de asistencia Km0 Contrato de Asistencia Km0 TU M\u00c1QUINA, SIEMPRE OPERATIVA Descubre todas las &#8230; <a title=\"Contrato de Asistencia Km0\" class=\"read-more\" href=\"https:\/\/www.fagorautomation.com\/es\/contrato-de-asistencia-km0\/\" aria-label=\"Leer m\u00e1s sobre Contrato de Asistencia Km0\"> <\/a><\/p>\n","protected":false},"author":4,"featured_media":0,"parent":0,"menu_order":0,"comment_status":"closed","ping_status":"closed","template":"","meta":{"_acf_changed":false,"footnotes":""},"categories":[240],"tags":[],"class_list":{"0":"post-1044987","1":"page","2":"type-page","3":"status-publish","5":"category-landing-page"},"acf":[],"wpml_current_locale":"es_ES","wpml_translations":[],"_links":{"self":[{"href":"https:\/\/www.fagorautomation.com\/es\/wp-json\/wp\/v2\/pages\/1044987","targetHints":{"allow":["GET"]}}],"collection":[{"href":"https:\/\/www.fagorautomation.com\/es\/wp-json\/wp\/v2\/pages"}],"about":[{"href":"https:\/\/www.fagorautomation.com\/es\/wp-json\/wp\/v2\/types\/page"}],"author":[{"embeddable":true,"href":"https:\/\/www.fagorautomation.com\/es\/wp-json\/wp\/v2\/users\/4"}],"replies":[{"embeddable":true,"href":"https:\/\/www.fagorautomation.com\/es\/wp-json\/wp\/v2\/comments?post=1044987"}],"version-history":[{"count":0,"href":"https:\/\/www.fagorautomation.com\/es\/wp-json\/wp\/v2\/pages\/1044987\/revisions"}],"wp:attachment":[{"href":"https:\/\/www.fagorautomation.com\/es\/wp-json\/wp\/v2\/media?parent=1044987"}],"wp:term":[{"taxonomy":"category","embeddable":true,"href":"https:\/\/www.fagorautomation.com\/es\/wp-json\/wp\/v2\/categories?post=1044987"},{"taxonomy":"post_tag","embeddable":true,"href":"https:\/\/www.fagorautomation.com\/es\/wp-json\/wp\/v2\/tags?post=1044987"}],"curies":[{"name":"wp","href":"https:\/\/api.w.org\/{rel}","templated":true}]}}