{"id":1045710,"date":"2026-01-27T16:26:43","date_gmt":"2026-01-27T14:26:43","guid":{"rendered":"https:\/\/www.fagorautomation.com\/?page_id=1045710"},"modified":"2026-01-27T16:29:49","modified_gmt":"2026-01-27T14:29:49","slug":"evento-biemh-2026-swe","status":"publish","type":"page","link":"https:\/\/www.fagorautomation.com\/es\/evento-biemh-2026-swe\/","title":{"rendered":"Evento BIEMH 2026 &#8211; SWE"},"content":{"rendered":"<div id=\"pl-1045710\"  class=\"panel-layout\" ><div id=\"pg-1045710-0\"  class=\"panel-grid panel-no-style\" ><div id=\"pgc-1045710-0-0\"  class=\"panel-grid-cell\" ><div id=\"panel-1045710-0-0-0\" class=\"so-panel widget widget_sow-headline panel-first-child\" data-index=\"0\" ><div\n\t\t\t\n\t\t\tclass=\"so-widget-sow-headline so-widget-sow-headline-default-ee68e6b90b9f-1045710\"\n\t\t\t\n\t\t><div class=\"sow-headline-container \">\n\t\t\t\t\t\t\t<h2 class=\"sow-headline\">\n\t\t\t\t\t\t BIEMH 2026 - SWE presentaci\u00f3n\t\t\t\t\t\t<\/h2>\n\t\t\t\t\t\t<\/div>\n<\/div><\/div><div id=\"panel-1045710-0-0-1\" class=\"so-panel widget widget_sow-editor\" data-index=\"1\" ><div\n\t\t\t\n\t\t\tclass=\"so-widget-sow-editor so-widget-sow-editor-base\"\n\t\t\t\n\t\t>\n<div class=\"siteorigin-widget-tinymce textwidget\">\n\t<h3>El 4 de marzo te esperamos en la BIEHM<\/h3>\n<p><strong>Innovaci\u00f3n, networking y tradici\u00f3n vasca en un mismo evento.<\/strong><\/p>\n<p>\u00danete a nosotros entre pinchos y conversaciones para descubrir hacia d\u00f3nde vamos y las novedades que transformar\u00e1n nuestro sector.<\/p>\n<p><strong>Reserva tu plaza:<\/strong><\/p>\n<\/div>\n<\/div><\/div><div id=\"panel-1045710-0-0-2\" class=\"so-panel widget widget_sow-editor panel-last-child\" data-index=\"2\" ><div\n\t\t\t\n\t\t\tclass=\"so-widget-sow-editor so-widget-sow-editor-base\"\n\t\t\t\n\t\t>\n<div class=\"siteorigin-widget-tinymce textwidget\">\n\t\n<div class=\"wpcf7 no-js\" id=\"wpcf7-f1045709-o1\" lang=\"es-ES\" dir=\"ltr\" data-wpcf7-id=\"1045709\">\n<div class=\"screen-reader-response\"><p role=\"status\" aria-live=\"polite\" aria-atomic=\"true\"><\/p> <ul><\/ul><\/div>\n<form action=\"\/es\/wp-json\/wp\/v2\/pages\/1045710#wpcf7-f1045709-o1\" method=\"post\" class=\"wpcf7-form init wpcf7-acceptance-as-validation\" aria-label=\"Formulario de contacto\" novalidate=\"novalidate\" data-status=\"init\">\n<fieldset class=\"hidden-fields-container\"><input type=\"hidden\" name=\"_wpcf7\" value=\"1045709\" \/><input type=\"hidden\" name=\"_wpcf7_version\" value=\"6.1.5\" \/><input type=\"hidden\" name=\"_wpcf7_locale\" value=\"es_ES\" \/><input type=\"hidden\" name=\"_wpcf7_unit_tag\" value=\"wpcf7-f1045709-o1\" \/><input type=\"hidden\" name=\"_wpcf7_container_post\" value=\"0\" \/><input type=\"hidden\" name=\"_wpcf7_posted_data_hash\" value=\"\" \/>\n<\/fieldset>\n<input class=\"wpcf7-form-control wpcf7-hidden\" value=\"252\" type=\"hidden\" name=\"grupo\" \/>\n<input class=\"wpcf7-form-control wpcf7-hidden\" value=\"1\" type=\"hidden\" name=\"sincronizar\" \/>\n<p><label> Nombre*<br \/>\n<span class=\"wpcf7-form-control-wrap\" data-name=\"your-name\"><input size=\"40\" maxlength=\"400\" class=\"wpcf7-form-control wpcf7-text wpcf7-validates-as-required\" autocomplete=\"name\" aria-required=\"true\" aria-invalid=\"false\" value=\"\" type=\"text\" name=\"your-name\" \/><\/span> <\/label>\n<\/p>\n<p><label> Apellido*<br \/>\n<span class=\"wpcf7-form-control-wrap\" data-name=\"apellido\"><input size=\"40\" maxlength=\"400\" class=\"wpcf7-form-control wpcf7-text wpcf7-validates-as-required\" autocomplete=\"name\" aria-required=\"true\" aria-invalid=\"false\" value=\"\" type=\"text\" name=\"apellido\" \/><\/span> <\/label>\n<\/p>\n<p><label> Empresa<br \/>\n<span class=\"wpcf7-form-control-wrap\" data-name=\"empresa\"><input size=\"40\" maxlength=\"400\" class=\"wpcf7-form-control wpcf7-text\" autocomplete=\"name\" aria-invalid=\"false\" value=\"\" type=\"text\" name=\"empresa\" \/><\/span> <\/label>\n<\/p>\n<p><label> Email*<br \/>\n<span class=\"wpcf7-form-control-wrap\" data-name=\"your-email\"><input size=\"40\" maxlength=\"400\" class=\"wpcf7-form-control wpcf7-email wpcf7-validates-as-required wpcf7-text wpcf7-validates-as-email\" autocomplete=\"email\" aria-required=\"true\" aria-invalid=\"false\" value=\"\" type=\"email\" name=\"your-email\" \/><\/span> <\/label>\n<\/p>\n<p><span class=\"wpcf7-form-control-wrap\" data-name=\"acceptance-651\"><span class=\"wpcf7-form-control wpcf7-acceptance\"><span class=\"wpcf7-list-item\"><input type=\"checkbox\" name=\"acceptance-651\" value=\"1\" aria-invalid=\"false\" \/><\/span><\/span><\/span><span>*<\/span>He le\u00eddo y acepto el <a target=\"_blank\" href=\"\/it\/aviso-legal\/\">Aviso Legal<\/a> y la <a target=\"_blank\" href=\"\/it\/politica-de-privacidad\/\"> Pol\u00edtica de privacidad.<\/a>\n<\/p>\n<p style=\"color:#666;\">* Campos obligatorios\n<\/p>\n<p><input class=\"wpcf7-form-control wpcf7-submit has-spinner\" type=\"submit\" value=\"Enviar\" \/>\n<\/p>\n<p style=\"width: 500px !important;font-style:italic;\"><i class=\"fas fa-info-circle info-icon\"><\/i>Cada participante debe inscribirse por separado. Si vas acompa\u00f1ado, a\u00f1ade a cada acompa\u00f1ante como contacto adicional en este mismo formulario para asegurar su plaza. Gracias.\n<\/p><p style=\"display: none !important;\" class=\"akismet-fields-container\" data-prefix=\"_wpcf7_ak_\"><label>&#916;<textarea name=\"_wpcf7_ak_hp_textarea\" cols=\"45\" rows=\"8\" maxlength=\"100\"><\/textarea><\/label><input type=\"hidden\" id=\"ak_js_1\" name=\"_wpcf7_ak_js\" value=\"98\"\/><script>\ndocument.getElementById( \"ak_js_1\" ).setAttribute( \"value\", ( new Date() ).getTime() );\n<\/script>\n<\/p><div class=\"wpcf7-response-output\" aria-hidden=\"true\"><\/div>\n<\/form>\n<\/div>\n\n<\/div>\n<\/div><\/div><\/div><div id=\"pgc-1045710-0-1\"  class=\"panel-grid-cell\" ><div id=\"panel-1045710-0-1-0\" class=\"so-panel widget widget_sow-image panel-first-child panel-last-child\" data-index=\"3\" ><div\n\t\t\t\n\t\t\tclass=\"so-widget-sow-image so-widget-sow-image-default-8b5b6f678277-1045710\"\n\t\t\t\n\t\t>\n<div class=\"sow-image-container\">\n\t\t<img loading=\"lazy\" decoding=\"async\" src=\"https:\/\/www.fagorautomation.com\/wp-content\/uploads\/fagor_biemh26_newsletter-encabezado_swe.jpg\" width=\"620\" height=\"450\" sizes=\"auto, (max-width: 620px) 100vw, 620px\" title=\"Fagor_BIEMH26_Newsletter encabezado_SWE\" alt=\"\" class=\"so-widget-image\">\n\t<\/div>\n\n<\/div><\/div><\/div><\/div><\/div>","protected":false},"excerpt":{"rendered":"<p>El 4 de marzo te esperamos en la BIEHM Innovaci\u00f3n, networking y tradici\u00f3n vasca en &#8230; <a title=\"Evento BIEMH 2026 &#8211; SWE\" class=\"read-more\" href=\"https:\/\/www.fagorautomation.com\/es\/evento-biemh-2026-swe\/\" aria-label=\"Leer m\u00e1s sobre Evento BIEMH 2026 &#8211; SWE\"> <\/a><\/p>\n","protected":false},"author":1,"featured_media":0,"parent":0,"menu_order":0,"comment_status":"closed","ping_status":"closed","template":"full-width-biemh-evento.php","meta":{"_acf_changed":false,"footnotes":""},"categories":[],"tags":[],"class_list":["post-1045710","page","type-page","status-publish"],"acf":[],"wpml_current_locale":"es_ES","wpml_translations":[],"_links":{"self":[{"href":"https:\/\/www.fagorautomation.com\/es\/wp-json\/wp\/v2\/pages\/1045710","targetHints":{"allow":["GET"]}}],"collection":[{"href":"https:\/\/www.fagorautomation.com\/es\/wp-json\/wp\/v2\/pages"}],"about":[{"href":"https:\/\/www.fagorautomation.com\/es\/wp-json\/wp\/v2\/types\/page"}],"author":[{"embeddable":true,"href":"https:\/\/www.fagorautomation.com\/es\/wp-json\/wp\/v2\/users\/1"}],"replies":[{"embeddable":true,"href":"https:\/\/www.fagorautomation.com\/es\/wp-json\/wp\/v2\/comments?post=1045710"}],"version-history":[{"count":0,"href":"https:\/\/www.fagorautomation.com\/es\/wp-json\/wp\/v2\/pages\/1045710\/revisions"}],"wp:attachment":[{"href":"https:\/\/www.fagorautomation.com\/es\/wp-json\/wp\/v2\/media?parent=1045710"}],"wp:term":[{"taxonomy":"category","embeddable":true,"href":"https:\/\/www.fagorautomation.com\/es\/wp-json\/wp\/v2\/categories?post=1045710"},{"taxonomy":"post_tag","embeddable":true,"href":"https:\/\/www.fagorautomation.com\/es\/wp-json\/wp\/v2\/tags?post=1045710"}],"curies":[{"name":"wp","href":"https:\/\/api.w.org\/{rel}","templated":true}]}}