{"id":17088,"date":"2021-12-10T08:20:08","date_gmt":"2021-12-10T08:20:08","guid":{"rendered":"https:\/\/www.fagorautomation.com\/?page_id=17088"},"modified":"2022-04-11T11:06:30","modified_gmt":"2022-04-11T10:06:30","slug":"aviso-legal","status":"publish","type":"page","link":"https:\/\/www.fagorautomation.com\/es\/aviso-legal\/","title":{"rendered":"Aviso legal"},"content":{"rendered":"<p>Los derechos de propiedad intelectual del sitio fagorautomation.com y de los distintos elementos en \u00e9l contenidos son titularidad de Fagor Automation Sociedad Cooperativa.<\/p>\n<p>Los textos, normativa y en general cualquier informaci\u00f3n contenida en las p\u00e1ginas de este sitio tienen car\u00e1cter meramente informativo, por lo que sugerimos compruebe la vigencia y exactitud de los datos en las fuentes oficiales correspondientes.<\/p>\n<p>Fagor Automation Sociedad Cooperativa se reserva el derecho a realizar cambios en el sitio sin previo aviso, con el objeto de actualizar, corregir, modificar, a\u00f1adir o eliminar los contenidos del sitio o su dise\u00f1o.<\/p>\n<p>Fagor Automation Sociedad Cooperativa no garantiza la inexistencia de errores en el acceso al sitio, en su contenido, ni que \u00e9ste se encuentre oportunamente actualizado, aunque desarrollar\u00e1 los esfuerzos precisos para evitarlos y, en su caso, subsanarlos o actualizarlos a la mayor brevedad posible.<\/p>\n<p>Tanto el acceso al sitio, como el uso que pueda hacerse de la informaci\u00f3n contenida en el mismo, son de la exclusiva responsabilidad de quien lo realiza. Fagor Automation Sociedad Cooperativa no responder\u00e1 de ninguna consecuencia, da\u00f1o o perjuicio que pudieran derivarse de dicho acceso o uso de informaci\u00f3n, con excepci\u00f3n de todas aquellas actuaciones que resulten de la aplicaci\u00f3n de las disposiciones legales a las que deba someterse en el estricto ejercicio de sus competencias.<\/p>\n<p>&nbsp;<\/p>\n","protected":false},"excerpt":{"rendered":"<p>Los derechos de propiedad intelectual del sitio fagorautomation.com y de los distintos elementos en \u00e9l &#8230; <a title=\"Aviso legal\" class=\"read-more\" href=\"https:\/\/www.fagorautomation.com\/es\/aviso-legal\/\" aria-label=\"Leer m\u00e1s sobre Aviso legal\"> <\/a><\/p>\n","protected":false},"author":1,"featured_media":0,"parent":0,"menu_order":0,"comment_status":"closed","ping_status":"closed","template":"","meta":{"_acf_changed":false,"footnotes":""},"categories":[396,1532],"tags":[],"class_list":{"0":"post-17088","1":"page","2":"type-page","3":"status-publish","5":"category-page-title-franja-red","6":"category-sin-footer-breadcrumb"},"acf":[],"wpml_current_locale":"es_ES","wpml_translations":[{"locale":"en","id":17106,"post_title":"Legal disclaimer","href":"https:\/\/www.fagorautomation.com\/en\/legal-disclaimer\/"},{"locale":"en_US","id":17110,"post_title":"Legal disclaimer","href":"https:\/\/www.fagorautomation.com\/en-us\/legal-disclaimer\/"},{"locale":"it_IT","id":17111,"post_title":"Informazioni legali","href":"https:\/\/www.fagorautomation.com\/it\/informazioni-legali\/"},{"locale":"fr_FR","id":17107,"post_title":"Avis juridique","href":"https:\/\/www.fagorautomation.com\/fr\/avis-juridique\/"},{"locale":"pt_BR","id":17113,"post_title":"Aviso legal","href":"https:\/\/www.fagorautomation.com\/pt-br\/aviso-legal\/"},{"locale":"pt_PT","id":17114,"post_title":"Aviso legal","href":"https:\/\/www.fagorautomation.com\/pt-pt\/aviso-legal\/"},{"locale":"de_DE","id":17108,"post_title":"Impressum","href":"https:\/\/www.fagorautomation.com\/de\/impressum\/"},{"locale":"en_IN","id":17109,"post_title":"Legal disclaimer","href":"https:\/\/www.fagorautomation.com\/hi\/legal-disclaimer\/"},{"locale":"ja","id":17112,"post_title":"\u6cd5\u7684\u901a\u77e5","href":"https:\/\/www.fagorautomation.com\/ja\/%e6%b3%95%e7%9a%84%e9%80%9a%e7%9f%a5\/"},{"locale":"eu_ES","id":17105,"post_title":"Lege Oharra","href":"https:\/\/www.fagorautomation.com\/eu\/lege-oharra\/"},{"locale":"zh_CN","id":909806,"post_title":"Legal disclaimer","href":"https:\/\/www.fagorautomation.com\/zh-hans\/legal-disclaimer\/"}],"_links":{"self":[{"href":"https:\/\/www.fagorautomation.com\/es\/wp-json\/wp\/v2\/pages\/17088","targetHints":{"allow":["GET"]}}],"collection":[{"href":"https:\/\/www.fagorautomation.com\/es\/wp-json\/wp\/v2\/pages"}],"about":[{"href":"https:\/\/www.fagorautomation.com\/es\/wp-json\/wp\/v2\/types\/page"}],"author":[{"embeddable":true,"href":"https:\/\/www.fagorautomation.com\/es\/wp-json\/wp\/v2\/users\/1"}],"replies":[{"embeddable":true,"href":"https:\/\/www.fagorautomation.com\/es\/wp-json\/wp\/v2\/comments?post=17088"}],"version-history":[{"count":0,"href":"https:\/\/www.fagorautomation.com\/es\/wp-json\/wp\/v2\/pages\/17088\/revisions"}],"wp:attachment":[{"href":"https:\/\/www.fagorautomation.com\/es\/wp-json\/wp\/v2\/media?parent=17088"}],"wp:term":[{"taxonomy":"category","embeddable":true,"href":"https:\/\/www.fagorautomation.com\/es\/wp-json\/wp\/v2\/categories?post=17088"},{"taxonomy":"post_tag","embeddable":true,"href":"https:\/\/www.fagorautomation.com\/es\/wp-json\/wp\/v2\/tags?post=17088"}],"curies":[{"name":"wp","href":"https:\/\/api.w.org\/{rel}","templated":true}]}}