{"id":219,"date":"2021-12-02T09:01:13","date_gmt":"2021-12-02T09:01:13","guid":{"rendered":"https:\/\/www.fagorautomation.com\/asistencia-tecnica\/"},"modified":"2022-04-05T09:13:31","modified_gmt":"2022-04-05T08:13:31","slug":"asistencia-tecnica","status":"publish","type":"page","link":"https:\/\/www.fagorautomation.com\/es\/servicios\/asistencia-tecnica\/","title":{"rendered":"Asistencia t\u00e9cnica"},"content":{"rendered":"<div id=\"pl-219\"  class=\"panel-layout\" ><div id=\"pg-219-0\"  class=\"panel-grid panel-has-style\" ><div class=\"panel-row-style panel-row-style-for-219-0\" ><div id=\"pgc-219-0-0\"  class=\"panel-grid-cell\" ><div class=\"panel-cell-style panel-cell-style-for-219-0-0\" ><div id=\"panel-219-0-0-0\" class=\"so-panel widget widget_sow-headline panel-first-child panel-last-child\" data-index=\"0\" ><div\n\t\t\t\n\t\t\tclass=\"so-widget-sow-headline so-widget-sow-headline-default-5194b77dbc3c-219 so-widget-fittext-wrapper\"\n\t\t\t data-fit-text-compressor=\"0.85\"\n\t\t><div class=\"sow-headline-container \">\n\t\t\t\t\t\t\t<h2 class=\"sow-headline\">\n\t\t\t\t\t\tContacta con nuestro <br \/>servicio t\u00e9cnico.\t\t\t\t\t\t<\/h2>\n\t\t\t\t\t\t\t\t\t\t\t\t<p class=\"sow-sub-headline\">\n\t\t\t\t\t\tSoporte a m\u00e1quina in-situ o remoto por personal especializado\t\t\t\t\t\t<\/p>\n\t\t\t\t\t\t<\/div>\n<\/div><\/div><\/div><\/div><div id=\"pgc-219-0-1\"  class=\"panel-grid-cell\" ><div id=\"panel-219-0-1-0\" class=\"so-panel widget widget_sow-image panel-first-child panel-last-child\" data-index=\"1\" ><div\n\t\t\t\n\t\t\tclass=\"so-widget-sow-image so-widget-sow-image-default-dbf295114b96-219\"\n\t\t\t\n\t\t>\n<div class=\"sow-image-container\">\n\t\t<img \n\tsrc=\"https:\/\/www.fagorautomation.com\/wp-content\/uploads\/asistencia-tecnica-fagorautomation.jpg\" width=\"600\" height=\"400\" srcset=\"https:\/\/www.fagorautomation.com\/wp-content\/uploads\/asistencia-tecnica-fagorautomation.jpg 600w, https:\/\/www.fagorautomation.com\/wp-content\/uploads\/asistencia-tecnica-fagorautomation-300x200.jpg 300w, https:\/\/www.fagorautomation.com\/wp-content\/uploads\/asistencia-tecnica-fagorautomation-272x182.jpg 272w\" sizes=\"(max-width: 600px) 100vw, 600px\" title=\"Asistencia t\u00e9cnica Fagor Automation\" alt=\"Asistencia t\u00e9cnica Fagor Automation\" \t\tclass=\"so-widget-image\"\/>\n\t<\/div>\n\n<\/div><\/div><\/div><\/div><\/div><div id=\"pg-219-1\"  class=\"panel-grid panel-no-style\" ><div id=\"pgc-219-1-0\"  class=\"panel-grid-cell\" ><div id=\"panel-219-1-0-0\" class=\"so-panel widget widget_siteorigin-panels-builder panel-first-child panel-last-child\" data-index=\"2\" ><div id=\"pl-w62290bae40401\"  class=\"panel-layout\" ><div id=\"pg-w62290bae40401-0\"  class=\"panel-grid panel-no-style\" ><div id=\"pgc-w62290bae40401-0-0\"  class=\"panel-grid-cell\" ><div id=\"panel-w62290bae40401-0-0-0\" class=\"so-panel widget widget_sow-editor panel-first-child panel-last-child\" data-index=\"0\" ><div\n\t\t\t\n\t\t\tclass=\"so-widget-sow-editor so-widget-sow-editor-base\"\n\t\t\t\n\t\t><h3 class=\"widget-title\">Datos de contacto:<\/h3>\n<div class=\"siteorigin-widget-tinymce textwidget\">\n\t<p><strong>Sede Central<\/strong>: <a href=\"tel:+34943795047\">+34 943 79 50 47<\/a><br \/>\n<strong>Motorlan<\/strong>: <a href=\"tel:+34943011350\">+34 943 01 13 50<\/a><br \/>\n<strong>Catalu\u00f1a<\/strong>: <a href=\"tel:+34934744375\">+34 934 74 43 75<\/a><br \/>\nE-mail: service@fagorautomation.es<br \/>\nE-mail: motorlan@fagorautomation.es<\/p>\n<p><strong>Horario:<\/strong><br \/>\nLunes a viernes:<\/p>\n<ul>\n<li>8:30 \u2013 13:00<\/li>\n<li>14:00 \u2013 17:30<\/li>\n<\/ul>\n<\/div>\n<\/div><\/div><\/div><\/div><\/div><\/div><\/div><div id=\"pgc-219-1-1\"  class=\"panel-grid-cell\" ><div id=\"panel-219-1-1-0\" class=\"so-panel widget widget_sow-editor panel-first-child\" data-index=\"3\" ><div\n\t\t\t\n\t\t\tclass=\"so-widget-sow-editor so-widget-sow-editor-base\"\n\t\t\t\n\t\t>\n<div class=\"siteorigin-widget-tinymce textwidget\">\n\t<p>Soporte a m\u00e1quina in-situ o remoto por personal especializado en: puesta en marcha, ajuste y optimizaci\u00f3n, upgrade de equipamiento y prestaciones, reparaci\u00f3n, diagn\u00f3stico de aver\u00edas, etc.<\/p>\n<\/div>\n<\/div><\/div><div id=\"panel-219-1-1-1\" class=\"so-panel widget widget_sow-features panel-last-child\" data-index=\"4\" ><div\n\t\t\t\n\t\t\tclass=\"so-widget-sow-features so-widget-sow-features-default-8dee48d37044-219\"\n\t\t\t\n\t\t><ul\n\tclass=\"sow-features-list\n\tsow-features-responsive\">\n\n\t\t\t<li\n\t\t\tclass=\"sow-features-feature sow-icon-container-position-right\"\n\t\t\tstyle=\"display: flex; flex-direction: row; width: calc(100% - 25px);\"\n\t\t>\n\t\t\t\n\t\t\t\t\t\t<div\t\t\t\tclass=\"sow-icon-container sow-container-square\"\n\t\t\t\tstyle=\"color: ; \"\n\t\t\t\t\n\t\t\t\t\t\t\t>\n\t\t\t\t<span class=\"sow-icon-fontawesome sow-fas\" data-sow-icon=\"&#xf00c;\"\n\t\tstyle=\"font-size: 20px; color: #e1081d\" \n\t\taria-hidden=\"true\"><\/span>\t\t\t<\/div>\n\n\t\t\t<div class=\"textwidget\">\n\t\t\t\t\n\t\t\t\t\n\t\t\t\t\t\t\t\t\t<div class=\"sow-features-feature-text\">\n\t\t\t\t\t<p><strong>Asistencia in-situ<\/strong>: Nuestros t\u00e9cnicos de servicio se desplazar\u00e1n a vuestras instalaciones para llevar a cabo los servicios contratados.<\/p>\n\t\t\t\t\t<\/div>\n\t\t\t\t\t\t\t\t<\/div>\n\t\t\t\t\t\t\t\t<\/li>\n\n\t\t\t<li\n\t\t\tclass=\"sow-features-feature sow-icon-container-position-right\"\n\t\t\tstyle=\"display: flex; flex-direction: row; width: calc(100% - 25px);\"\n\t\t>\n\t\t\t\n\t\t\t\t\t\t<div\t\t\t\tclass=\"sow-icon-container sow-container-square\"\n\t\t\t\tstyle=\"color: ; \"\n\t\t\t\t\n\t\t\t\t\t\t\t>\n\t\t\t\t<span class=\"sow-icon-fontawesome sow-fas\" data-sow-icon=\"&#xf00c;\"\n\t\tstyle=\"font-size: 20px; color: #e1081d\" \n\t\taria-hidden=\"true\"><\/span>\t\t\t<\/div>\n\n\t\t\t<div class=\"textwidget\">\n\t\t\t\t\n\t\t\t\t\n\t\t\t\t\t\t\t\t\t<div class=\"sow-features-feature-text\">\n\t\t\t\t\t<p><strong>Asistencia remota<\/strong>: Se puede acceder a este servicio si la m\u00e1quina est\u00e1 equipada con los medios necesarios para conectarse directamente con la oficina de Fagor y obtener un diagn\u00f3stico preciso.<\/p>\n\t\t\t\t\t<\/div>\n\t\t\t\t\t\t\t\t<\/div>\n\t\t\t\t\t\t\t\t<\/li>\n\n\t\t\t<li\n\t\t\tclass=\"sow-features-feature sow-icon-container-position-right\"\n\t\t\tstyle=\"display: flex; flex-direction: row; width: calc(100% - 25px);\"\n\t\t>\n\t\t\t\n\t\t\t\t\t\t<div\t\t\t\tclass=\"sow-icon-container sow-container-square\"\n\t\t\t\tstyle=\"color: ; \"\n\t\t\t\t\n\t\t\t\t\t\t\t>\n\t\t\t\t<span class=\"sow-icon-fontawesome sow-fas\" data-sow-icon=\"&#xf00c;\"\n\t\tstyle=\"font-size: 20px; color: #e1081d\" \n\t\taria-hidden=\"true\"><\/span>\t\t\t<\/div>\n\n\t\t\t<div class=\"textwidget\">\n\t\t\t\t\n\t\t\t\t\n\t\t\t\t\t\t\t\t\t<div class=\"sow-features-feature-text\">\n\t\t\t\t\t<p><strong>Asistencia garantizada en 24 horas y remota gratuita:<\/strong><br \/>\npara clientes con <a href=\"https:\/\/www.fagorautomation.com\/es\/contratos-de-servicio-y-ampliaciones-de-garantias\/\">contrato de servicio<\/a>.<\/p>\n\t\t\t\t\t<\/div>\n\t\t\t\t\t\t\t\t<\/div>\n\t\t\t\t\t\t\t\t<\/li>\n\n\t<\/ul>\n<\/div><\/div><\/div><\/div><\/div>","protected":false},"excerpt":{"rendered":"<p>Soporte a m\u00e1quina in-situ o remoto por personal especializado en: puesta en marcha, ajuste y &#8230; <a title=\"Asistencia t\u00e9cnica\" class=\"read-more\" href=\"https:\/\/www.fagorautomation.com\/es\/servicios\/asistencia-tecnica\/\" aria-label=\"Leer m\u00e1s sobre Asistencia t\u00e9cnica\"> <\/a><\/p>\n","protected":false},"author":1,"featured_media":0,"parent":267,"menu_order":0,"comment_status":"closed","ping_status":"closed","template":"servicios.php","meta":{"_acf_changed":false,"footnotes":""},"categories":[827,441],"tags":[],"class_list":{"0":"post-219","1":"page","2":"type-page","3":"status-publish","5":"category-menu-servicios","6":"category-page-servicios"},"acf":[],"wpml_current_locale":"es_ES","wpml_translations":[{"locale":"en","id":826127,"post_title":"Technical assistance","href":"https:\/\/www.fagorautomation.com\/en\/services\/technical-assistance\/"},{"locale":"en_US","id":832635,"post_title":"Technical assistance","href":"https:\/\/www.fagorautomation.com\/en-us\/services\/technical-assistance\/"},{"locale":"it_IT","id":832636,"post_title":"Assistenza tecnica","href":"https:\/\/www.fagorautomation.com\/it\/servizi\/assistenza-tecnica\/"},{"locale":"fr_FR","id":832632,"post_title":"Assistance technique","href":"https:\/\/www.fagorautomation.com\/fr\/services\/assistance-technique\/"},{"locale":"pt_BR","id":832638,"post_title":"Assist\u00eancia t\u00e9cnica","href":"https:\/\/www.fagorautomation.com\/pt-br\/servicios\/assistencia-tecnica\/"},{"locale":"pt_PT","id":832630,"post_title":"Assist\u00eancia t\u00e9cnica","href":"https:\/\/www.fagorautomation.com\/pt-pt\/servicos-oferecidos-por-fagor-automation\/assistencia-tecnica\/"},{"locale":"de_DE","id":832633,"post_title":"Assistance technique","href":"https:\/\/www.fagorautomation.com\/de\/dienstleistungen-die-fagor-automation-anbietet\/technische-unterstuetzung\/"},{"locale":"en_IN","id":832634,"post_title":"Technical assistance","href":"https:\/\/www.fagorautomation.com\/hi\/services\/technical-assistance\/"},{"locale":"ja","id":832637,"post_title":"\u6280\u8853\u652f\u63f4","href":"https:\/\/www.fagorautomation.com\/ja\/%e3%82%b5%e3%83%bc%e3%83%93%e3%82%b9\/technical-assistance\/"},{"locale":"eu_ES","id":832631,"post_title":"Laguntza teknikoa","href":"https:\/\/www.fagorautomation.com\/eu\/zerbitzuak\/technical-assistance\/"},{"locale":"zh_CN","id":906320,"post_title":"\u6280\u672f\u652f\u6301","href":"https:\/\/www.fagorautomation.com\/zh-hans\/%e5%8f%91%e6%a0%bc%e8%87%aa%e5%8a%a8%e5%8c%96%e6%8a%80%e6%9c%af%e6%9c%8d%e5%8a%a1\/%e6%8a%80%e6%9c%af%e6%94%af%e6%8c%81\/"}],"_links":{"self":[{"href":"https:\/\/www.fagorautomation.com\/es\/wp-json\/wp\/v2\/pages\/219","targetHints":{"allow":["GET"]}}],"collection":[{"href":"https:\/\/www.fagorautomation.com\/es\/wp-json\/wp\/v2\/pages"}],"about":[{"href":"https:\/\/www.fagorautomation.com\/es\/wp-json\/wp\/v2\/types\/page"}],"author":[{"embeddable":true,"href":"https:\/\/www.fagorautomation.com\/es\/wp-json\/wp\/v2\/users\/1"}],"replies":[{"embeddable":true,"href":"https:\/\/www.fagorautomation.com\/es\/wp-json\/wp\/v2\/comments?post=219"}],"version-history":[{"count":0,"href":"https:\/\/www.fagorautomation.com\/es\/wp-json\/wp\/v2\/pages\/219\/revisions"}],"up":[{"embeddable":true,"href":"https:\/\/www.fagorautomation.com\/es\/wp-json\/wp\/v2\/pages\/267"}],"wp:attachment":[{"href":"https:\/\/www.fagorautomation.com\/es\/wp-json\/wp\/v2\/media?parent=219"}],"wp:term":[{"taxonomy":"category","embeddable":true,"href":"https:\/\/www.fagorautomation.com\/es\/wp-json\/wp\/v2\/categories?post=219"},{"taxonomy":"post_tag","embeddable":true,"href":"https:\/\/www.fagorautomation.com\/es\/wp-json\/wp\/v2\/tags?post=219"}],"curies":[{"name":"wp","href":"https:\/\/api.w.org\/{rel}","templated":true}]}}