{"id":226,"date":"2021-12-01T08:47:20","date_gmt":"2021-12-01T08:47:20","guid":{"rendered":"https:\/\/www.fagorautomation.com\/la-empresa\/"},"modified":"2022-05-26T15:20:30","modified_gmt":"2022-05-26T14:20:30","slug":"corporativo","status":"publish","type":"page","link":"https:\/\/www.fagorautomation.com\/es\/corporativo\/","title":{"rendered":"Corporativo"},"content":{"rendered":"<div id=\"pl-226\"  class=\"panel-layout\" ><div id=\"pg-226-0\"  class=\"panel-grid panel-has-style\" ><div class=\"empresa-section01 panel-row-style panel-row-style-for-226-0\" ><div id=\"pgc-226-0-0\"  class=\"panel-grid-cell\" ><div id=\"panel-226-0-0-0\" class=\"so-panel widget widget_sow-headline panel-first-child panel-last-child\" data-index=\"0\" ><div\n\t\t\t\n\t\t\tclass=\"so-widget-sow-headline so-widget-sow-headline-default-6b5115c76cdb-226\"\n\t\t\t\n\t\t><div class=\"sow-headline-container \">\n\t\t\t\t\t\t\t<p class=\"sow-sub-headline\">\n\t\t\t\t\t\t<strong>Fagor Automation<\/strong> es una empresa con amplia experiencia en desarrollo y fabricaci\u00f3n de productos de automatizaci\u00f3n y control de maquinaria. \t\t\t\t\t\t<\/p>\n\t\t\t\t\t\t<\/div>\n<\/div><\/div><\/div><div id=\"pgc-226-0-1\"  class=\"panel-grid-cell\" ><div id=\"panel-226-0-1-0\" class=\"so-panel widget widget_sow-editor panel-first-child panel-last-child\" data-index=\"1\" ><div\n\t\t\t\n\t\t\tclass=\"so-widget-sow-editor so-widget-sow-editor-base\"\n\t\t\t\n\t\t>\n<div class=\"siteorigin-widget-tinymce textwidget\">\n\t<p>Se distingue por su capacidad de desarrollo de software y la flexibilidad de su sistema productivo para ofrecer soluciones personalizadas, en funci\u00f3n de las necesidades de los clientes.<\/p>\n<p>Hist\u00f3ricamente Fagor Automation ha centrado sus esfuerzos en el sector de M\u00e1quina-Herramienta, en el que es uno de los l\u00edderes mundiales. Adem\u00e1s, su amplia red comercial y t\u00e9cnica se encuentra repartida en m\u00e1s de 50 pa\u00edses, a trav\u00e9s de delegaciones propias y distribuidores.<\/p>\n<\/div>\n<\/div><\/div><\/div><\/div><\/div><div id=\"pg-226-1\"  class=\"panel-grid panel-has-style\" ><div class=\"empresa-section02 siteorigin-panels-stretch panel-row-style panel-row-style-for-226-1\" data-stretch-type=\"full\" ><div id=\"pgc-226-1-0\"  class=\"panel-grid-cell\" ><div id=\"panel-226-1-0-0\" class=\"so-panel widget widget_siteorigin-panels-builder panel-first-child panel-last-child\" data-index=\"2\" ><div id=\"pl-w6246f09548571\"  class=\"panel-layout\" ><div id=\"pg-w6246f09548571-0\"  class=\"panel-grid panel-has-style\" ><div class=\"cifras-home panel-row-style panel-row-style-for-w6246f09548571-0\" ><div id=\"pgc-w6246f09548571-0-0\"  class=\"panel-grid-cell\" ><div id=\"panel-w6246f09548571-0-0-0\" class=\"so-panel widget widget_sow-headline panel-first-child\" data-index=\"0\" ><div class=\"panel-widget-style panel-widget-style-for-w6246f09548571-0-0-0\" ><div\n\t\t\t\n\t\t\tclass=\"so-widget-sow-headline so-widget-sow-headline-default-4df8eb182716\"\n\t\t\t\n\t\t><div class=\"sow-headline-container \">\n\t\t\t\t\t\t\t<h2 class=\"sow-headline\">\n\t\t\t\t\t\tAmplia Red Comercial\t\t\t\t\t\t<\/h2>\n\t\t\t\t\t\t<\/div>\n<\/div><\/div><\/div><div id=\"panel-w6246f09548571-0-0-1\" class=\"so-panel widget widget_lsow-odometers panel-last-child\" data-index=\"1\" ><div class=\"cifras panel-widget-style panel-widget-style-for-w6246f09548571-0-0-1\" ><div\n\t\t\t\n\t\t\tclass=\"so-widget-lsow-odometers so-widget-lsow-odometers-default-d75171398898\"\n\t\t\t\n\t\t>\n<div class=\"lsow-odometers lsow-grid-container  lsow-grid-desktop-4 lsow-grid-tablet-2 lsow-grid-mobile-1\"><div class=\"lsow-grid-item lsow-odometer\"><span class=\"lsow-prefix\">+<\/span><div class=\"lsow-number odometer\" data-stop=\"50\">0<\/div><!-- .lsow-number --><div class=\"lsow-stats-title-wrap\"><div class=\"lsow-stats-title\"><span class=\"lsow-icon-wrapper\"><\/span>Pa\u00edses<\/div><\/div><\/div><!-- .lsow-odometer --><div class=\"lsow-grid-item lsow-odometer\"><div class=\"lsow-number odometer\" data-stop=\"4\">0<\/div><!-- .lsow-number --><div class=\"lsow-stats-title-wrap\"><div class=\"lsow-stats-title\"><span class=\"lsow-icon-wrapper\"><\/span>Plantas Productivas<\/div><\/div><\/div><!-- .lsow-odometer --><div class=\"lsow-grid-item lsow-odometer\"><span class=\"lsow-prefix\">+<\/span><div class=\"lsow-number odometer\" data-stop=\"30\">0<\/div><!-- .lsow-number --><div class=\"lsow-stats-title-wrap\"><div class=\"lsow-stats-title\"><span class=\"lsow-icon-wrapper\"><\/span>Delegaciones<\/div><\/div><\/div><!-- .lsow-odometer --><div class=\"lsow-grid-item lsow-odometer\"><span class=\"lsow-prefix\">+<\/span><div class=\"lsow-number odometer\" data-stop=\"40\">0<\/div><!-- .lsow-number --><div class=\"lsow-stats-title-wrap\"><div class=\"lsow-stats-title\"><span class=\"lsow-icon-wrapper\"><\/span>Distribuidores<\/div><\/div><\/div><!-- .lsow-odometer --><\/div><!-- .lsow-odometers --><div class=\"lsow-clear\"><\/div><\/div><\/div><\/div><\/div><\/div><\/div><div id=\"pg-w6246f09548571-1\"  class=\"panel-grid panel-no-style\" ><div id=\"pgc-w6246f09548571-1-0\"  class=\"panel-grid-cell\" ><div id=\"panel-w6246f09548571-1-0-0\" class=\"so-panel widget widget_sow-button panel-first-child panel-last-child\" data-index=\"2\" ><div\n\t\t\t\n\t\t\tclass=\"so-widget-sow-button so-widget-sow-button-flat-6b127c703005\"\n\t\t\t\n\t\t><div class=\"ow-button-base ow-button-align-center\"\n>\n\t\t\t<a\n\t\t\t\t\thref=\"https:\/\/www.fagorautomation.com\/es\/corporativo\/localizacion\/\"\n\t\t\t\t\tclass=\"sowb-button ow-icon-placement-left ow-button-hover\" \t>\n\t\t<span>\n\t\t\t\n\t\t\tConoce nuestra  red comercial\t\t<\/span>\n\t\t\t<\/a>\n\t<\/div>\n<\/div><\/div><\/div><\/div><\/div><\/div><\/div><\/div><\/div><div id=\"pg-226-2\"  class=\"panel-grid panel-has-style\" ><div class=\"empresa-section03 panel-row-style panel-row-style-for-226-2\" ><div id=\"pgc-226-2-0\"  class=\"panel-grid-cell\" ><div id=\"panel-226-2-0-0\" class=\"so-panel widget widget_sow-image panel-first-child panel-last-child\" data-index=\"3\" ><div class=\"panel-widget-style panel-widget-style-for-226-2-0-0\" ><div\n\t\t\t\n\t\t\tclass=\"so-widget-sow-image so-widget-sow-image-default-dbf295114b96-226\"\n\t\t\t\n\t\t>\n<div class=\"sow-image-container\">\n\t\t\t<a href=\"https:\/\/www.mondragon-corporation.com\/\" target=\"_blank\" rel=\"noopener noreferrer nofollow\">\n\t\t\t<img \n\tsrc=\"https:\/\/www.fagorautomation.com\/wp-content\/uploads\/corporacion-mondragon-1.jpg\" width=\"800\" height=\"533\" srcset=\"https:\/\/www.fagorautomation.com\/wp-content\/uploads\/corporacion-mondragon-1.jpg 800w, https:\/\/www.fagorautomation.com\/wp-content\/uploads\/corporacion-mondragon-1-300x200.jpg 300w, https:\/\/www.fagorautomation.com\/wp-content\/uploads\/corporacion-mondragon-1-768x512.jpg 768w, https:\/\/www.fagorautomation.com\/wp-content\/uploads\/corporacion-mondragon-1-272x182.jpg 272w\" sizes=\"(max-width: 800px) 100vw, 800px\" title=\"Corporaci\u00f3n Mondragon\" alt=\"Corporaci\u00f3n Mondragon\" \t\tclass=\"so-widget-image\"\/>\n\t\t\t<\/a><\/div>\n\n<\/div><\/div><\/div><\/div><div id=\"pgc-226-2-1\"  class=\"panel-grid-cell\" ><div id=\"panel-226-2-1-0\" class=\"so-panel widget widget_sow-headline panel-first-child\" data-index=\"4\" ><div\n\t\t\t\n\t\t\tclass=\"so-widget-sow-headline so-widget-sow-headline-default-b0f25f4fff28-226\"\n\t\t\t\n\t\t><div class=\"sow-headline-container \">\n\t\t\t\t\t\t\t<h2 class=\"sow-headline\">\n\t\t\t\t\t\tCorporaci\u00f3n MONDRAGON\t\t\t\t\t\t<\/h2>\n\t\t\t\t\t\t<\/div>\n<\/div><\/div><div id=\"panel-226-2-1-1\" class=\"so-panel widget widget_sow-editor\" data-index=\"5\" ><div\n\t\t\t\n\t\t\tclass=\"so-widget-sow-editor so-widget-sow-editor-base\"\n\t\t\t\n\t\t>\n<div class=\"siteorigin-widget-tinymce textwidget\">\n\t<p>FAGOR AUTOMATION forma parte de la <strong>Corporaci\u00f3n MONDRAGON<\/strong>, el 1er grupo empresarial vasco y el d\u00e9cimo de Espa\u00f1a. Est\u00e1 integrado por m\u00e1s de 260 empresas y entidades estructuradas a su vez en cuatro \u00e1reas sectoriales: finanzas, industria, distribuci\u00f3n y conocimiento (centros de formaci\u00f3n e I+D).<\/p>\n<\/div>\n<\/div><\/div><div id=\"panel-226-2-1-2\" class=\"so-panel widget widget_sow-features\" data-index=\"6\" ><div class=\"cifras-mondragon panel-widget-style panel-widget-style-for-226-2-1-2\" ><div\n\t\t\t\n\t\t\tclass=\"so-widget-sow-features so-widget-sow-features-default-4b689551a4bf-226\"\n\t\t\t\n\t\t><ul\n\tclass=\"sow-features-list\n\tsow-features-responsive\">\n\n\t\t\t<li\n\t\t\tclass=\"sow-features-feature sow-icon-container-position-top\"\n\t\t\tstyle=\"display: flex; flex-direction: column; width: calc(33.333% - 25px);\"\n\t\t>\n\t\t\t\n\t\t\t\t\t\t<div\t\t\t\tclass=\"sow-icon-container sow-container-none\"\n\t\t\t\tstyle=\"color: ; \"\n\t\t\t\t\n\t\t\t\t\t\t\t>\n\t\t\t\t\t\t\t<\/div>\n\n\t\t\t<div class=\"textwidget\">\n\t\t\t\t\n\t\t\t\t\t\t\t\t\t<h4 class=\"sow-features-feature-title\">\n\t\t\t\t\t\t12.229 M\u20ac\t\t\t\t\t<\/h4>\n\t\t\t\t\n\t\t\t\t\t\t\t\t\t<div class=\"sow-features-feature-text\">\n\t\t\t\t\t<p>Ventas<\/p>\n\t\t\t\t\t<\/div>\n\t\t\t\t\t\t\t\t<\/div>\n\t\t\t\t\t\t\t\t<\/li>\n\n\t\t\t<li\n\t\t\tclass=\"sow-features-feature sow-icon-container-position-top\"\n\t\t\tstyle=\"display: flex; flex-direction: column; width: calc(33.333% - 25px);\"\n\t\t>\n\t\t\t\n\t\t\t\t\t\t<div\t\t\t\tclass=\"sow-icon-container sow-container-none\"\n\t\t\t\tstyle=\"color: ; \"\n\t\t\t\t\n\t\t\t\t\t\t\t>\n\t\t\t\t\t\t\t<\/div>\n\n\t\t\t<div class=\"textwidget\">\n\t\t\t\t\n\t\t\t\t\t\t\t\t\t<h4 class=\"sow-features-feature-title\">\n\t\t\t\t\t\t+250\t\t\t\t\t<\/h4>\n\t\t\t\t\n\t\t\t\t\t\t\t\t\t<div class=\"sow-features-feature-text\">\n\t\t\t\t\t<p>Cooperativas<\/p>\n\t\t\t\t\t<\/div>\n\t\t\t\t\t\t\t\t<\/div>\n\t\t\t\t\t\t\t\t<\/li>\n\n\t\t\t<li\n\t\t\tclass=\"sow-features-feature sow-icon-container-position-top\"\n\t\t\tstyle=\"display: flex; flex-direction: column; width: calc(33.333% - 25px);\"\n\t\t>\n\t\t\t\n\t\t\t\t\t\t<div\t\t\t\tclass=\"sow-icon-container sow-container-none\"\n\t\t\t\tstyle=\"color: ; \"\n\t\t\t\t\n\t\t\t\t\t\t\t>\n\t\t\t\t\t\t\t<\/div>\n\n\t\t\t<div class=\"textwidget\">\n\t\t\t\t\n\t\t\t\t\t\t\t\t\t<h4 class=\"sow-features-feature-title\">\n\t\t\t\t\t\t81.507\t\t\t\t\t<\/h4>\n\t\t\t\t\n\t\t\t\t\t\t\t\t\t<div class=\"sow-features-feature-text\">\n\t\t\t\t\t<p>Personas<\/p>\n\t\t\t\t\t<\/div>\n\t\t\t\t\t\t\t\t<\/div>\n\t\t\t\t\t\t\t\t<\/li>\n\n\t\t\t<li\n\t\t\tclass=\"sow-features-feature sow-icon-container-position-top\"\n\t\t\tstyle=\"display: flex; flex-direction: column; width: calc(33.333% - 25px);\"\n\t\t>\n\t\t\t\n\t\t\t\t\t\t<div\t\t\t\tclass=\"sow-icon-container sow-container-none\"\n\t\t\t\tstyle=\"color: ; \"\n\t\t\t\t\n\t\t\t\t\t\t\t>\n\t\t\t\t\t\t\t<\/div>\n\n\t\t\t<div class=\"textwidget\">\n\t\t\t\t\n\t\t\t\t\t\t\t\t\t<h4 class=\"sow-features-feature-title\">\n\t\t\t\t\t\t188 M\u20ac\t\t\t\t\t<\/h4>\n\t\t\t\t\n\t\t\t\t\t\t\t\t\t<div class=\"sow-features-feature-text\">\n\t\t\t\t\t<p>Inversi\u00f3n en I+D<\/p>\n\t\t\t\t\t<\/div>\n\t\t\t\t\t\t\t\t<\/div>\n\t\t\t\t\t\t\t\t<\/li>\n\n\t\t\t<li\n\t\t\tclass=\"sow-features-feature sow-icon-container-position-top\"\n\t\t\tstyle=\"display: flex; flex-direction: column; width: calc(33.333% - 25px);\"\n\t\t>\n\t\t\t\n\t\t\t\t\t\t<div\t\t\t\tclass=\"sow-icon-container sow-container-none\"\n\t\t\t\tstyle=\"color: ; \"\n\t\t\t\t\n\t\t\t\t\t\t\t>\n\t\t\t\t\t\t\t<\/div>\n\n\t\t\t<div class=\"textwidget\">\n\t\t\t\t\n\t\t\t\t\t\t\t\t\t<h4 class=\"sow-features-feature-title\">\n\t\t\t\t\t\t14\t\t\t\t\t<\/h4>\n\t\t\t\t\n\t\t\t\t\t\t\t\t\t<div class=\"sow-features-feature-text\">\n\t\t\t\t\t<p>Centros Tecnol\u00f3gicos<\/p>\n\t\t\t\t\t<\/div>\n\t\t\t\t\t\t\t\t<\/div>\n\t\t\t\t\t\t\t\t<\/li>\n\n\t\t\t<li\n\t\t\tclass=\"sow-features-feature sow-icon-container-position-top\"\n\t\t\tstyle=\"display: flex; flex-direction: column; width: calc(33.333% - 25px);\"\n\t\t>\n\t\t\t\n\t\t\t\t\t\t<div\t\t\t\tclass=\"sow-icon-container sow-container-none\"\n\t\t\t\tstyle=\"color: ; \"\n\t\t\t\t\n\t\t\t\t\t\t\t>\n\t\t\t\t\t\t\t<\/div>\n\n\t\t\t<div class=\"textwidget\">\n\t\t\t\t\n\t\t\t\t\t\t\t\t\t<h4 class=\"sow-features-feature-title\">\n\t\t\t\t\t\t521\t\t\t\t\t<\/h4>\n\t\t\t\t\n\t\t\t\t\t\t\t\t\t<div class=\"sow-features-feature-text\">\n\t\t\t\t\t<p>Familias de Patentes<\/p>\n\t\t\t\t\t<\/div>\n\t\t\t\t\t\t\t\t<\/div>\n\t\t\t\t\t\t\t\t<\/li>\n\n\t<\/ul>\n<\/div><\/div><\/div><div id=\"panel-226-2-1-3\" class=\"so-panel widget widget_sow-button panel-last-child\" data-index=\"7\" ><div\n\t\t\t\n\t\t\tclass=\"so-widget-sow-button so-widget-sow-button-flat-a8e9619a6254-226\"\n\t\t\t\n\t\t><div class=\"ow-button-base ow-button-align-left\"\n>\n\t\t\t<a href=\"https:\/\/www.mondragon-corporation.com\/\" class=\"sowb-button ow-icon-placement-left ow-button-hover\" target=\"_blank\" rel=\"noopener noreferrer nofollow\">\n\t\t<span>\n\t\t\t\n\t\t\tVisitar la web\t\t<\/span>\n\t\t\t<\/a>\n\t<\/div>\n<\/div><\/div><\/div><\/div><\/div><div id=\"pg-226-3\"  class=\"panel-grid panel-has-style\" ><div class=\"empresa-section04 siteorigin-panels-stretch panel-row-style panel-row-style-for-226-3\" data-stretch-type=\"full\" ><div id=\"pgc-226-3-0\"  class=\"panel-grid-cell\" ><div class=\"panel-cell-style panel-cell-style-for-226-3-0\" ><div id=\"panel-226-3-0-0\" class=\"so-panel widget widget_sow-headline panel-first-child\" data-index=\"8\" ><div class=\"panel-widget-style panel-widget-style-for-226-3-0-0\" ><div\n\t\t\t\n\t\t\tclass=\"so-widget-sow-headline so-widget-sow-headline-default-0c5ccad63f18-226\"\n\t\t\t\n\t\t><div class=\"sow-headline-container \">\n\t\t\t\t\t\t\t<h2 class=\"sow-headline\">\n\t\t\t\t\t\tProyectos I+D+i\t\t\t\t\t\t<\/h2>\n\t\t\t\t\t\t\t\t\t\t\t\t<p class=\"sow-sub-headline\">\n\t\t\t\t\t\tInvestigaci\u00f3n, desarrollo e innovaci\u00f3n\t\t\t\t\t\t<\/p>\n\t\t\t\t\t\t<\/div>\n<\/div><\/div><\/div><div id=\"panel-226-3-0-1\" class=\"so-panel widget widget_sow-button panel-last-child\" data-index=\"9\" ><div class=\"panel-widget-style panel-widget-style-for-226-3-0-1\" ><div\n\t\t\t\n\t\t\tclass=\"so-widget-sow-button so-widget-sow-button-flat-e16a275f2f15-226\"\n\t\t\t\n\t\t><div class=\"ow-button-base ow-button-align-left\"\n>\n\t\t\t<a href=\"https:\/\/www.fagorautomation.com\/es\/proyectos-idi\/\" class=\"sowb-button ow-icon-placement-left ow-button-hover\">\n\t\t<span>\n\t\t\t\n\t\t\t+ info\t\t<\/span>\n\t\t\t<\/a>\n\t<\/div>\n<\/div><\/div><\/div><\/div><\/div><\/div><\/div><div id=\"pg-226-4\"  class=\"panel-grid panel-has-style\" ><div class=\"empresa-section04 siteorigin-panels-stretch panel-row-style panel-row-style-for-226-4\" data-stretch-type=\"full\" ><div id=\"pgc-226-4-0\"  class=\"panel-grid-cell\" ><div class=\"panel-cell-style panel-cell-style-for-226-4-0\" ><div id=\"panel-226-4-0-0\" class=\"so-panel widget widget_sow-headline panel-first-child\" data-index=\"10\" ><div class=\"panel-widget-style panel-widget-style-for-226-4-0-0\" ><div\n\t\t\t\n\t\t\tclass=\"so-widget-sow-headline so-widget-sow-headline-default-76191b1f7dd3-226\"\n\t\t\t\n\t\t><div class=\"sow-headline-container \">\n\t\t\t\t\t\t\t<h2 class=\"sow-headline\">\n\t\t\t\t\t\tLooking for talent\t\t\t\t\t\t<\/h2>\n\t\t\t\t\t\t\t\t\t\t\t\t<p class=\"sow-sub-headline\">\n\t\t\t\t\t\t\u00a1Forma parte de nuestro equipo!\t\t\t\t\t\t<\/p>\n\t\t\t\t\t\t<\/div>\n<\/div><\/div><\/div><div id=\"panel-226-4-0-1\" class=\"so-panel widget widget_sow-button panel-last-child\" data-index=\"11\" ><div class=\"panel-widget-style panel-widget-style-for-226-4-0-1\" ><div\n\t\t\t\n\t\t\tclass=\"so-widget-sow-button so-widget-sow-button-flat-0117a1be39d0-226\"\n\t\t\t\n\t\t><div class=\"ow-button-base ow-button-align-left\"\n>\n\t\t\t<a href=\"https:\/\/www.fagorautomation.com\/es\/corporativo\/trabaja-con-nosotros\/\" class=\"sowb-button ow-icon-placement-left ow-button-hover\">\n\t\t<span>\n\t\t\t\n\t\t\t+ info\t\t<\/span>\n\t\t\t<\/a>\n\t<\/div>\n<\/div><\/div><\/div><\/div><\/div><\/div><\/div><div id=\"pg-226-5\"  class=\"panel-grid panel-has-style\" ><div class=\"empresa-section04 siteorigin-panels-stretch panel-row-style panel-row-style-for-226-5\" data-stretch-type=\"full\" ><div id=\"pgc-226-5-0\"  class=\"panel-grid-cell\" ><div class=\"panel-cell-style panel-cell-style-for-226-5-0\" ><div id=\"panel-226-5-0-0\" class=\"so-panel widget widget_sow-headline panel-first-child\" data-index=\"12\" ><div class=\"panel-widget-style panel-widget-style-for-226-5-0-0\" ><div\n\t\t\t\n\t\t\tclass=\"so-widget-sow-headline so-widget-sow-headline-default-44fb90209951-226\"\n\t\t\t\n\t\t><div class=\"sow-headline-container \">\n\t\t\t\t\t\t\t<h2 class=\"sow-headline\">\n\t\t\t\t\t\tCalidad\t\t\t\t\t\t<\/h2>\n\t\t\t\t\t\t\t\t\t\t\t\t<p class=\"sow-sub-headline\">\n\t\t\t\t\t\tProductos fiables que cumplen con todos los est\u00e1ndares\t\t\t\t\t\t<\/p>\n\t\t\t\t\t\t<\/div>\n<\/div><\/div><\/div><div id=\"panel-226-5-0-1\" class=\"so-panel widget widget_sow-button panel-last-child\" data-index=\"13\" ><div class=\"panel-widget-style panel-widget-style-for-226-5-0-1\" ><div\n\t\t\t\n\t\t\tclass=\"so-widget-sow-button so-widget-sow-button-flat-0117a1be39d0-226\"\n\t\t\t\n\t\t><div class=\"ow-button-base ow-button-align-left\"\n>\n\t\t\t<a href=\"https:\/\/www.fagorautomation.com\/es\/corporativo\/calidad\/\" class=\"sowb-button ow-icon-placement-left ow-button-hover\">\n\t\t<span>\n\t\t\t\n\t\t\t+ info\t\t<\/span>\n\t\t\t<\/a>\n\t<\/div>\n<\/div><\/div><\/div><\/div><\/div><\/div><\/div><div id=\"pg-226-6\"  class=\"panel-grid panel-has-style\" ><div class=\"empresa-medios siteorigin-panels-stretch panel-row-style panel-row-style-for-226-6\" data-stretch-type=\"full\" ><div id=\"pgc-226-6-0\"  class=\"panel-grid-cell\" ><div class=\"panel-cell-style panel-cell-style-for-226-6-0\" ><div id=\"panel-226-6-0-0\" class=\"so-panel widget widget_sow-headline panel-first-child\" data-index=\"14\" ><div class=\"panel-widget-style panel-widget-style-for-226-6-0-0\" ><div\n\t\t\t\n\t\t\tclass=\"so-widget-sow-headline so-widget-sow-headline-default-0c5ccad63f18-226\"\n\t\t\t\n\t\t><div class=\"sow-headline-container \">\n\t\t\t\t\t\t\t<h2 class=\"sow-headline\">\n\t\t\t\t\t\tMedios y prensa\t\t\t\t\t\t<\/h2>\n\t\t\t\t\t\t\t\t\t\t\t\t<p class=\"sow-sub-headline\">\n\t\t\t\t\t\tDescarga nuestros logos oficiales\t\t\t\t\t\t<\/p>\n\t\t\t\t\t\t<\/div>\n<\/div><\/div><\/div><div id=\"panel-226-6-0-1\" class=\"so-panel widget widget_sow-button panel-last-child\" data-index=\"15\" ><div class=\"panel-widget-style panel-widget-style-for-226-6-0-1\" ><div\n\t\t\t\n\t\t\tclass=\"so-widget-sow-button so-widget-sow-button-flat-572deff4db4a-226\"\n\t\t\t\n\t\t><div class=\"ow-button-base ow-button-align-left\"\n>\n\t\t\t<a href=\"https:\/\/www.fagorautomation.com\/es\/corporativo\/medios-y-prensa\/\" class=\"sowb-button ow-icon-placement-left\">\n\t\t<span>\n\t\t\t\n\t\t\t+ info\t\t<\/span>\n\t\t\t<\/a>\n\t<\/div>\n<\/div><\/div><\/div><\/div><\/div><\/div><\/div><div id=\"pg-226-7\"  class=\"panel-grid panel-has-style\" ><div class=\"empresa-section04 siteorigin-panels-stretch panel-row-style panel-row-style-for-226-7\" data-stretch-type=\"full\" ><div id=\"pgc-226-7-0\"  class=\"panel-grid-cell\" ><div id=\"panel-226-7-0-0\" class=\"so-panel widget widget_siteorigin-panels-builder panel-first-child panel-last-child\" data-index=\"16\" ><div id=\"pl-w6269536e56c70\"  class=\"panel-layout\" ><div id=\"pg-w6269536e56c70-0\"  class=\"panel-grid panel-no-style\" ><div id=\"pgc-w6269536e56c70-0-0\"  class=\"panel-grid-cell\" ><div id=\"panel-w6269536e56c70-0-0-0\" class=\"so-panel widget widget_sow-headline panel-first-child panel-last-child\" data-index=\"0\" ><div\n\t\t\t\n\t\t\tclass=\"so-widget-sow-headline so-widget-sow-headline-default-e41e1b04151e\"\n\t\t\t\n\t\t><div class=\"sow-headline-container \">\n\t\t\t\t\t\t\t<h2 class=\"sow-headline\">\n\t\t\t\t\t\tContacta con nosotros\t\t\t\t\t\t<\/h2>\n\t\t\t\t\t\t\t\t\t\t\t\t<p class=\"sow-sub-headline\">\n\t\t\t\t\t\tEscr\u00edbenos y nos pondremos en contacto lo antes posible...\t\t\t\t\t\t<\/p>\n\t\t\t\t\t\t<\/div>\n<\/div><\/div><\/div><div id=\"pgc-w6269536e56c70-0-1\"  class=\"panel-grid-cell\" ><div id=\"panel-w6269536e56c70-0-1-0\" class=\"so-panel widget widget_sow-editor panel-first-child panel-last-child\" data-index=\"1\" ><div class=\"panel-widget-style panel-widget-style-for-w6269536e56c70-0-1-0\" ><div\n\t\t\t\n\t\t\tclass=\"so-widget-sow-editor so-widget-sow-editor-base\"\n\t\t\t\n\t\t>\n<div class=\"siteorigin-widget-tinymce textwidget\">\n\t\n<div class=\"wpcf7 no-js\" id=\"wpcf7-f273521-o1\" lang=\"es-ES\" dir=\"ltr\" data-wpcf7-id=\"273521\">\n<div class=\"screen-reader-response\"><p role=\"status\" aria-live=\"polite\" aria-atomic=\"true\"><\/p> <ul><\/ul><\/div>\n<form action=\"\/es\/wp-json\/wp\/v2\/pages\/226#wpcf7-f273521-o1\" method=\"post\" class=\"wpcf7-form init wpcf7-acceptance-as-validation\" aria-label=\"Formulario de contacto\" novalidate=\"novalidate\" data-status=\"init\">\n<fieldset class=\"hidden-fields-container\"><input type=\"hidden\" name=\"_wpcf7\" value=\"273521\" \/><input type=\"hidden\" name=\"_wpcf7_version\" value=\"6.1.5\" \/><input type=\"hidden\" name=\"_wpcf7_locale\" value=\"es_ES\" \/><input type=\"hidden\" name=\"_wpcf7_unit_tag\" value=\"wpcf7-f273521-o1\" \/><input type=\"hidden\" name=\"_wpcf7_container_post\" value=\"0\" \/><input type=\"hidden\" name=\"_wpcf7_posted_data_hash\" value=\"\" \/>\n<\/fieldset>\n<div class=\"form-empresa\">\n\t<h3>Tus datos:\n\t<\/h3>\n\t<p><label><span class=\"wpcf7-form-control-wrap\" data-name=\"your-name\"><input size=\"40\" maxlength=\"400\" class=\"wpcf7-form-control wpcf7-text wpcf7-validates-as-required\" autocomplete=\"name\" aria-required=\"true\" aria-invalid=\"false\" placeholder=\"Nombre\" value=\"\" type=\"text\" name=\"your-name\" \/><\/span> <\/label>\n\t<\/p>\n\t<p><label><span class=\"wpcf7-form-control-wrap\" data-name=\"your-email\"><input size=\"40\" maxlength=\"400\" class=\"wpcf7-form-control wpcf7-email wpcf7-validates-as-required wpcf7-text wpcf7-validates-as-email\" autocomplete=\"email\" aria-required=\"true\" aria-invalid=\"false\" placeholder=\"Email\" value=\"\" type=\"email\" name=\"your-email\" \/><\/span> <\/label>\n\t<\/p>\n\t<p><label><span class=\"wpcf7-form-control-wrap\" data-name=\"acceptance-84\"><span class=\"wpcf7-form-control wpcf7-acceptance\"><span class=\"wpcf7-list-item\"><input type=\"checkbox\" name=\"acceptance-84\" value=\"1\" aria-invalid=\"false\" \/><\/span><\/span><\/span> He le\u00eddo y acepto las <a href=\"\/es\/aviso-legal\" target=\"_blank\" style=\"color:#efefef;\">Condiciones de Uso<\/a> y la <a href=\"\/es\/politica-de-privacidad\/\" target=\"_blank\" style=\"color:#efefef;\">Pol\u00edtica de privacidad<\/a>.<\/label>\n\t<\/p>\n\t<p><input class=\"wpcf7-form-control wpcf7-submit has-spinner submit-empresa\" type=\"submit\" value=\"Contacta \u2192\" \/>\n\t<\/p>\n<\/div><p style=\"display: none !important;\" class=\"akismet-fields-container\" data-prefix=\"_wpcf7_ak_\"><label>&#916;<textarea name=\"_wpcf7_ak_hp_textarea\" cols=\"45\" rows=\"8\" maxlength=\"100\"><\/textarea><\/label><input type=\"hidden\" id=\"ak_js_1\" name=\"_wpcf7_ak_js\" value=\"132\"\/><script>document.getElementById( \"ak_js_1\" ).setAttribute( \"value\", ( new Date() ).getTime() );<\/script><\/p><div class=\"wpcf7-response-output\" aria-hidden=\"true\"><\/div>\n<\/form>\n<\/div>\n\n<\/div>\n<\/div><\/div><\/div><\/div><\/div><\/div><\/div><\/div><\/div><\/div><\/div>","protected":false},"excerpt":{"rendered":"<p>Se distingue por su capacidad de desarrollo de software y la flexibilidad de su sistema &#8230; <a title=\"Corporativo\" class=\"read-more\" href=\"https:\/\/www.fagorautomation.com\/es\/corporativo\/\" aria-label=\"Leer m\u00e1s sobre Corporativo\"> <\/a><\/p>\n","protected":false},"author":1,"featured_media":0,"parent":0,"menu_order":0,"comment_status":"closed","ping_status":"closed","template":"","meta":{"_acf_changed":false,"footnotes":""},"categories":[240,810],"tags":[],"class_list":{"0":"post-226","1":"page","2":"type-page","3":"status-publish","5":"category-landing-page","6":"category-menu-empresa"},"acf":[],"wpml_current_locale":"es_ES","wpml_translations":[{"locale":"en","id":820922,"post_title":"Corporate","href":"https:\/\/www.fagorautomation.com\/en\/corporate\/"},{"locale":"en_US","id":832686,"post_title":"Corporate","href":"https:\/\/www.fagorautomation.com\/en-us\/corporate\/"},{"locale":"it_IT","id":832687,"post_title":"Corporate","href":"https:\/\/www.fagorautomation.com\/it\/corporate\/"},{"locale":"fr_FR","id":832683,"post_title":"Entreprise","href":"https:\/\/www.fagorautomation.com\/fr\/entreprise\/"},{"locale":"pt_BR","id":832680,"post_title":"Corporativo","href":"https:\/\/www.fagorautomation.com\/pt-br\/corporativo\/"},{"locale":"pt_PT","id":832681,"post_title":"Corporativo","href":"https:\/\/www.fagorautomation.com\/pt-pt\/corporativo\/"},{"locale":"de_DE","id":832684,"post_title":"Kooperative","href":"https:\/\/www.fagorautomation.com\/de\/kooperative\/"},{"locale":"en_IN","id":832685,"post_title":"Corporate","href":"https:\/\/www.fagorautomation.com\/hi\/corporate\/"},{"locale":"ja","id":832688,"post_title":"\u30b3\u30fc\u30dd\u30ec\u30fc\u30c8","href":"https:\/\/www.fagorautomation.com\/ja\/%e3%82%b3%e3%83%bc%e3%83%9d%e3%83%ac%e3%83%bc%e3%83%88\/"},{"locale":"eu_ES","id":832682,"post_title":"Korporatiboa","href":"https:\/\/www.fagorautomation.com\/eu\/korporatiboa\/"},{"locale":"zh_CN","id":906370,"post_title":"\u516c\u53f8\u7b80\u4ecb","href":"https:\/\/www.fagorautomation.com\/zh-hans\/%e5%85%ac%e5%8f%b8%e7%ae%80%e4%bb%8b\/"}],"_links":{"self":[{"href":"https:\/\/www.fagorautomation.com\/es\/wp-json\/wp\/v2\/pages\/226","targetHints":{"allow":["GET"]}}],"collection":[{"href":"https:\/\/www.fagorautomation.com\/es\/wp-json\/wp\/v2\/pages"}],"about":[{"href":"https:\/\/www.fagorautomation.com\/es\/wp-json\/wp\/v2\/types\/page"}],"author":[{"embeddable":true,"href":"https:\/\/www.fagorautomation.com\/es\/wp-json\/wp\/v2\/users\/1"}],"replies":[{"embeddable":true,"href":"https:\/\/www.fagorautomation.com\/es\/wp-json\/wp\/v2\/comments?post=226"}],"version-history":[{"count":0,"href":"https:\/\/www.fagorautomation.com\/es\/wp-json\/wp\/v2\/pages\/226\/revisions"}],"wp:attachment":[{"href":"https:\/\/www.fagorautomation.com\/es\/wp-json\/wp\/v2\/media?parent=226"}],"wp:term":[{"taxonomy":"category","embeddable":true,"href":"https:\/\/www.fagorautomation.com\/es\/wp-json\/wp\/v2\/categories?post=226"},{"taxonomy":"post_tag","embeddable":true,"href":"https:\/\/www.fagorautomation.com\/es\/wp-json\/wp\/v2\/tags?post=226"}],"curies":[{"name":"wp","href":"https:\/\/api.w.org\/{rel}","templated":true}]}}