{"id":330,"date":"2021-12-02T12:07:16","date_gmt":"2021-12-02T12:07:16","guid":{"rendered":"https:\/\/www.fagorautomation.com\/?page_id=330"},"modified":"2024-02-08T17:27:42","modified_gmt":"2024-02-08T15:27:42","slug":"fagor-digital-suite","status":"publish","type":"page","link":"https:\/\/www.fagorautomation.com\/es\/fagor-digital-suite\/","title":{"rendered":"Fagor Digital Suite"},"content":{"rendered":"<div id=\"pl-330\"  class=\"panel-layout\" ><div id=\"pg-330-0\"  class=\"panel-grid panel-has-style\" ><div class=\"aos-init section01 panel-row-style panel-row-style-for-330-0\" data-aos=\"fade\" data-aos-duration=\"300\" data-aos-easing=\"linear\" data-aos-anchor-placement=\"top-bottom\" data-aos-once=\"true\" ><div id=\"pgc-330-0-0\"  class=\"panel-grid-cell\" ><div id=\"panel-330-0-0-0\" class=\"widget_text so-panel widget widget_custom_html panel-first-child\" data-index=\"0\" ><div class=\"widget_text landing-title panel-widget-style panel-widget-style-for-330-0-0-0\" ><div class=\"textwidget custom-html-widget\"><h1 class=\"landing-red-fagor\" style=\"line-height: 1 !important;\">Fagor Digital Suite<\/h1>\n<h3>Decision making made simple<\/h3>\n<div class=\"intro\"><p>Nuestra soluci\u00f3n de digitalizaci\u00f3n para tus m\u00e1quinas.<\/p><\/div><\/div><\/div><\/div><div id=\"panel-330-0-0-1\" class=\"so-panel widget widget_sow-video\" data-index=\"1\" ><div\n\t\t\t\n\t\t\tclass=\"so-widget-sow-video so-widget-sow-video-default-c08170c47cfb-330\"\n\t\t\t\n\t\t>\n<div class=\"sow-video-wrapper\n use-fitvids\">\n\t\t\t<iframe loading=\"lazy\" title=\"Fagor Digital Suite_ES\" src=\"https:\/\/player.vimeo.com\/video\/614586091?dnt=1&amp;app_id=122963&autoplay=1&mute=1&playlist&loop=1&api=true\" width=\"1200\" height=\"675\" frameborder=\"0\" allow=\"autoplay; fullscreen; picture-in-picture; clipboard-write; encrypted-media; web-share\" referrerpolicy=\"strict-origin-when-cross-origin\" allowfullscreen mozallowfullscreen webkitallowfullscreen sandbox=\"allow-scripts allow-same-origin allow-presentation\"><\/iframe>\t<\/div>\n<\/div><\/div><div id=\"panel-330-0-0-2\" class=\"so-panel widget widget_siteorigin-panels-builder panel-last-child\" data-index=\"2\" ><div class=\"landing-description panel-widget-style panel-widget-style-for-330-0-0-2\" ><div id=\"pl-w61fd1cd3c56dd\"  class=\"panel-layout\" ><div id=\"pg-w61fd1cd3c56dd-0\"  class=\"panel-grid panel-no-style\" ><div id=\"pgc-w61fd1cd3c56dd-0-0\"  class=\"panel-grid-cell\" ><div id=\"panel-w61fd1cd3c56dd-0-0-0\" class=\"so-panel widget widget_sow-editor panel-first-child panel-last-child\" data-index=\"0\" ><div class=\"landing-texto panel-widget-style panel-widget-style-for-w61fd1cd3c56dd-0-0-0\" ><div\n\t\t\t\n\t\t\tclass=\"so-widget-sow-editor so-widget-sow-editor-base\"\n\t\t\t\n\t\t>\n<div class=\"siteorigin-widget-tinymce textwidget\">\n\t<p>FAGOR DIGITAL SUITE es la <strong>soluci\u00f3n de digitalizaci\u00f3n de Fagor<\/strong> que posibilita conectar las m\u00e1quinas con el resto de sistemas productivos y de gesti\u00f3n, captando todos los datos necesarios y transform\u00e1ndolos en informaci\u00f3n de valor para facilitar la toma de decisiones<\/p>\n<\/div>\n<\/div><\/div><\/div><\/div><\/div><\/div><\/div><\/div><\/div><\/div><\/div><div id=\"pg-330-1\"  class=\"panel-grid panel-has-style\" ><div class=\"aos-init section02 siteorigin-panels-stretch panel-row-style panel-row-style-for-330-1\" data-aos=\"fade\" data-aos-duration=\"300\" data-aos-easing=\"ease-in-sine\" data-aos-anchor-placement=\"top-bottom\" data-aos-once=\"true\" data-stretch-type=\"full\" ><div id=\"pgc-330-1-0\"  class=\"panel-grid-cell\" ><div id=\"panel-330-1-0-0\" class=\"widget_text so-panel widget widget_custom_html panel-first-child\" data-index=\"3\" ><div class=\"widget_text landing-title panel-widget-style panel-widget-style-for-330-1-0-0\" ><div class=\"textwidget custom-html-widget\"><h2 class=\"landing-red-fagor landing-border-bottom\">Caracter\u00edsticas<\/h2>\n<\/div><\/div><\/div><div id=\"panel-330-1-0-1\" class=\"so-panel widget widget_siteorigin-panels-builder panel-last-child\" data-index=\"4\" ><div id=\"pl-w65c4f28e3c015\"  class=\"panel-layout\" ><div id=\"pg-w65c4f28e3c015-0\"  class=\"panel-grid panel-no-style\" ><div id=\"pgc-w65c4f28e3c015-0-0\"  class=\"panel-grid-cell\" ><div id=\"panel-w65c4f28e3c015-0-0-0\" class=\"so-panel widget widget_sow-features panel-first-child panel-last-child\" data-index=\"0\" ><div\n\t\t\t\n\t\t\tclass=\"so-widget-sow-features so-widget-sow-features-default-12692aa1a16a\"\n\t\t\t\n\t\t><ul\n\tclass=\"sow-features-list\n\tsow-features-responsive\">\n\n\t\t\t<li\n\t\t\tclass=\"sow-features-feature sow-icon-container-position-right\"\n\t\t\tstyle=\"display: flex; flex-direction: row; width: calc(100% - 25px);\"\n\t\t>\n\t\t\t\n\t\t\t\t\t\t<div\t\t\t\tclass=\"sow-icon-container sow-container-square\"\n\t\t\t\tstyle=\"color: ; \"\n\t\t\t\t\n\t\t\t\t\t\t\t>\n\t\t\t\t\t\t\t\t\t\t<div class=\"sow-icon-image\" style=\"background-image: url(https:\/\/www.fagorautomation.com\/wp-content\/uploads\/fagor_iconos-digital-suite-05.png); font-size: 50px\"><\/div>\n\t\t\t\t\t\t\t\t\t<\/div>\n\n\t\t\t<div class=\"textwidget\">\n\t\t\t\t\n\t\t\t\t\n\t\t\t\t\t\t\t\t\t<div class=\"sow-features-feature-text\">\n\t\t\t\t\t<p><strong>Soluci\u00f3n<\/strong>:<br \/>\nEst\u00e1ndar o a medida de las necesidades del cliente.<\/p>\n\t\t\t\t\t<\/div>\n\t\t\t\t\t\t\t\t<\/div>\n\t\t\t\t\t\t\t\t<\/li>\n\n\t<\/ul>\n<\/div><\/div><\/div><div id=\"pgc-w65c4f28e3c015-0-1\"  class=\"panel-grid-cell\" ><div id=\"panel-w65c4f28e3c015-0-1-0\" class=\"so-panel widget widget_sow-features panel-first-child panel-last-child\" data-index=\"1\" ><div\n\t\t\t\n\t\t\tclass=\"so-widget-sow-features so-widget-sow-features-default-fe136b117c82\"\n\t\t\t\n\t\t><ul\n\tclass=\"sow-features-list\n\tsow-features-responsive\">\n\n\t\t\t<li\n\t\t\tclass=\"sow-features-feature sow-icon-container-position-right\"\n\t\t\tstyle=\"display: flex; flex-direction: row; width: calc(100% - 25px);\"\n\t\t>\n\t\t\t\n\t\t\t\t\t\t<div\t\t\t\tclass=\"sow-icon-container sow-container-square\"\n\t\t\t\tstyle=\"color: ; \"\n\t\t\t\t\n\t\t\t\t\t\t\t>\n\t\t\t\t\t\t\t\t\t\t<div class=\"sow-icon-image\" style=\"background-image: url(https:\/\/www.fagorautomation.com\/wp-content\/uploads\/fagor_iconos-digital-suite-06.png); font-size: 45px\"><\/div>\n\t\t\t\t\t\t\t\t\t<\/div>\n\n\t\t\t<div class=\"textwidget\">\n\t\t\t\t\n\t\t\t\t\n\t\t\t\t\t\t\t\t\t<div class=\"sow-features-feature-text\">\n\t\t\t\t\t<p><strong>Multimarca: <\/strong><br \/>\nCompatible con los principales CNCs del mercado<\/p>\n\t\t\t\t\t<\/div>\n\t\t\t\t\t\t\t\t<\/div>\n\t\t\t\t\t\t\t\t<\/li>\n\n\t<\/ul>\n<\/div><\/div><\/div><div id=\"pgc-w65c4f28e3c015-0-2\"  class=\"panel-grid-cell\" ><div id=\"panel-w65c4f28e3c015-0-2-0\" class=\"so-panel widget widget_sow-features panel-first-child panel-last-child\" data-index=\"2\" ><div\n\t\t\t\n\t\t\tclass=\"so-widget-sow-features so-widget-sow-features-default-fe136b117c82\"\n\t\t\t\n\t\t><ul\n\tclass=\"sow-features-list\n\tsow-features-responsive\">\n\n\t\t\t<li\n\t\t\tclass=\"sow-features-feature sow-icon-container-position-right\"\n\t\t\tstyle=\"display: flex; flex-direction: row; width: calc(100% - 25px);\"\n\t\t>\n\t\t\t\n\t\t\t\t\t\t<div\t\t\t\tclass=\"sow-icon-container sow-container-square\"\n\t\t\t\tstyle=\"color: ; \"\n\t\t\t\t\n\t\t\t\t\t\t\t>\n\t\t\t\t\t\t\t\t\t\t<div class=\"sow-icon-image\" style=\"background-image: url(https:\/\/www.fagorautomation.com\/wp-content\/uploads\/fagor_iconos-digital-suite-03.png); font-size: 45px\"><\/div>\n\t\t\t\t\t\t\t\t\t<\/div>\n\n\t\t\t<div class=\"textwidget\">\n\t\t\t\t\n\t\t\t\t\n\t\t\t\t\t\t\t\t\t<div class=\"sow-features-feature-text\">\n\t\t\t\t\t<p><strong>Multiprotocolo<\/strong>:<br \/>\nOPCUA, UMATI, MTConnet, MQTT, etc.<\/p>\n\t\t\t\t\t<\/div>\n\t\t\t\t\t\t\t\t<\/div>\n\t\t\t\t\t\t\t\t<\/li>\n\n\t<\/ul>\n<\/div><\/div><\/div><\/div><div id=\"pg-w65c4f28e3c015-1\"  class=\"panel-grid panel-no-style\" ><div id=\"pgc-w65c4f28e3c015-1-0\"  class=\"panel-grid-cell\" ><div id=\"panel-w65c4f28e3c015-1-0-0\" class=\"so-panel widget widget_sow-features panel-first-child panel-last-child\" data-index=\"3\" ><div\n\t\t\t\n\t\t\tclass=\"so-widget-sow-features so-widget-sow-features-default-fe136b117c82\"\n\t\t\t\n\t\t><ul\n\tclass=\"sow-features-list\n\tsow-features-responsive\">\n\n\t\t\t<li\n\t\t\tclass=\"sow-features-feature sow-icon-container-position-right\"\n\t\t\tstyle=\"display: flex; flex-direction: row; width: calc(100% - 25px);\"\n\t\t>\n\t\t\t\n\t\t\t\t\t\t<div\t\t\t\tclass=\"sow-icon-container sow-container-square\"\n\t\t\t\tstyle=\"color: ; \"\n\t\t\t\t\n\t\t\t\t\t\t\t>\n\t\t\t\t\t\t\t\t\t\t<div class=\"sow-icon-image\" style=\"background-image: url(https:\/\/www.fagorautomation.com\/wp-content\/uploads\/fagor_iconos-digital-suite-04.png); font-size: 45px\"><\/div>\n\t\t\t\t\t\t\t\t\t<\/div>\n\n\t\t\t<div class=\"textwidget\">\n\t\t\t\t\n\t\t\t\t\n\t\t\t\t\t\t\t\t\t<div class=\"sow-features-feature-text\">\n\t\t\t\t\t<p><strong>Interoperabilidad<\/strong>:<br \/>\nConectable con el resto de sistemas.<\/p>\n\t\t\t\t\t<\/div>\n\t\t\t\t\t\t\t\t<\/div>\n\t\t\t\t\t\t\t\t<\/li>\n\n\t<\/ul>\n<\/div><\/div><\/div><div id=\"pgc-w65c4f28e3c015-1-1\"  class=\"panel-grid-cell\" ><div id=\"panel-w65c4f28e3c015-1-1-0\" class=\"so-panel widget widget_sow-features panel-first-child panel-last-child\" data-index=\"4\" ><div\n\t\t\t\n\t\t\tclass=\"so-widget-sow-features so-widget-sow-features-default-fe136b117c82\"\n\t\t\t\n\t\t><ul\n\tclass=\"sow-features-list\n\tsow-features-responsive\">\n\n\t\t\t<li\n\t\t\tclass=\"sow-features-feature sow-icon-container-position-right\"\n\t\t\tstyle=\"display: flex; flex-direction: row; width: calc(100% - 25px);\"\n\t\t>\n\t\t\t\n\t\t\t\t\t\t<div\t\t\t\tclass=\"sow-icon-container sow-container-square\"\n\t\t\t\tstyle=\"color: ; \"\n\t\t\t\t\n\t\t\t\t\t\t\t>\n\t\t\t\t\t\t\t\t\t\t<div class=\"sow-icon-image\" style=\"background-image: url(https:\/\/www.fagorautomation.com\/wp-content\/uploads\/fagor_iconos-digital-suite-02.png); font-size: 45px\"><\/div>\n\t\t\t\t\t\t\t\t\t<\/div>\n\n\t\t\t<div class=\"textwidget\">\n\t\t\t\t\n\t\t\t\t\n\t\t\t\t\t\t\t\t\t<div class=\"sow-features-feature-text\">\n\t\t\t\t\t<p><strong>HMIs <\/strong><br \/>\nest\u00e1ndares o personalizados<\/p>\n\t\t\t\t\t<\/div>\n\t\t\t\t\t\t\t\t<\/div>\n\t\t\t\t\t\t\t\t<\/li>\n\n\t<\/ul>\n<\/div><\/div><\/div><div id=\"pgc-w65c4f28e3c015-1-2\"  class=\"panel-grid-cell\" ><div id=\"panel-w65c4f28e3c015-1-2-0\" class=\"so-panel widget widget_sow-features panel-first-child panel-last-child\" data-index=\"5\" ><div\n\t\t\t\n\t\t\tclass=\"so-widget-sow-features so-widget-sow-features-default-fe136b117c82\"\n\t\t\t\n\t\t><ul\n\tclass=\"sow-features-list\n\tsow-features-responsive\">\n\n\t\t\t<li\n\t\t\tclass=\"sow-features-feature sow-icon-container-position-right\"\n\t\t\tstyle=\"display: flex; flex-direction: row; width: calc(100% - 25px);\"\n\t\t>\n\t\t\t\n\t\t\t\t\t\t<div\t\t\t\tclass=\"sow-icon-container sow-container-square\"\n\t\t\t\tstyle=\"color: ; \"\n\t\t\t\t\n\t\t\t\t\t\t\t>\n\t\t\t\t\t\t\t\t\t\t<div class=\"sow-icon-image\" style=\"background-image: url(https:\/\/www.fagorautomation.com\/wp-content\/uploads\/fagor_iconos-digital-suite_mesa-de-trabajo-1.png); font-size: 45px\"><\/div>\n\t\t\t\t\t\t\t\t\t<\/div>\n\n\t\t\t<div class=\"textwidget\">\n\t\t\t\t\n\t\t\t\t\n\t\t\t\t\t\t\t\t\t<div class=\"sow-features-feature-text\">\n\t\t\t\t\t<p><strong>Implantaci\u00f3n <\/strong>r\u00e1pida, escalable en equipamiento y prestaciones y poco intrusiva<\/p>\n\t\t\t\t\t<\/div>\n\t\t\t\t\t\t\t\t<\/div>\n\t\t\t\t\t\t\t\t<\/li>\n\n\t<\/ul>\n<\/div><\/div><\/div><\/div><div id=\"pg-w65c4f28e3c015-2\"  class=\"panel-grid panel-no-style\" ><div id=\"pgc-w65c4f28e3c015-2-0\"  class=\"panel-grid-cell\" ><div id=\"panel-w65c4f28e3c015-2-0-0\" class=\"so-panel widget widget_sow-features panel-first-child panel-last-child\" data-index=\"6\" ><div\n\t\t\t\n\t\t\tclass=\"so-widget-sow-features so-widget-sow-features-default-fe136b117c82\"\n\t\t\t\n\t\t><ul\n\tclass=\"sow-features-list\n\tsow-features-responsive\">\n\n\t\t\t<li\n\t\t\tclass=\"sow-features-feature sow-icon-container-position-right\"\n\t\t\tstyle=\"display: flex; flex-direction: row; width: calc(100% - 25px);\"\n\t\t>\n\t\t\t\n\t\t\t\t\t\t<div\t\t\t\tclass=\"sow-icon-container sow-container-square\"\n\t\t\t\tstyle=\"color: ; \"\n\t\t\t\t\n\t\t\t\t\t\t\t>\n\t\t\t\t\t\t\t\t\t\t<div class=\"sow-icon-image\" style=\"background-image: url(https:\/\/www.fagorautomation.com\/wp-content\/uploads\/fagor_iconos-digital-suite-07.png); font-size: 45px\"><\/div>\n\t\t\t\t\t\t\t\t\t<\/div>\n\n\t\t\t<div class=\"textwidget\">\n\t\t\t\t\n\t\t\t\t\n\t\t\t\t\t\t\t\t\t<div class=\"sow-features-feature-text\">\n\t\t\t\t\t<p><strong>Ciberseguridad<\/strong>: ISO\/IEC 15408:2009, ISO\/IEC 18045:2008 y CommonCriteria<\/p>\n\t\t\t\t\t<\/div>\n\t\t\t\t\t\t\t\t<\/div>\n\t\t\t\t\t\t\t\t<\/li>\n\n\t<\/ul>\n<\/div><\/div><\/div><div id=\"pgc-w65c4f28e3c015-2-1\"  class=\"panel-grid-cell\" ><div id=\"panel-w65c4f28e3c015-2-1-0\" class=\"so-panel widget widget_sow-features panel-first-child panel-last-child\" data-index=\"7\" ><div\n\t\t\t\n\t\t\tclass=\"so-widget-sow-features so-widget-sow-features-default-fe136b117c82\"\n\t\t\t\n\t\t><ul\n\tclass=\"sow-features-list\n\tsow-features-responsive\">\n\n\t\t\t<li\n\t\t\tclass=\"sow-features-feature sow-icon-container-position-right\"\n\t\t\tstyle=\"display: flex; flex-direction: row; width: calc(100% - 25px);\"\n\t\t>\n\t\t\t\n\t\t\t\t\t\t<div\t\t\t\tclass=\"sow-icon-container sow-container-square\"\n\t\t\t\tstyle=\"color: ; \"\n\t\t\t\t\n\t\t\t\t\t\t\t>\n\t\t\t\t\t\t\t\t\t\t<div class=\"sow-icon-image\" style=\"background-image: url(https:\/\/www.fagorautomation.com\/wp-content\/uploads\/fagor_iconos-digital-suite-07.png); font-size: 45px\"><\/div>\n\t\t\t\t\t\t\t\t\t<\/div>\n\n\t\t\t<div class=\"textwidget\">\n\t\t\t\t\n\t\t\t\t\n\t\t\t\t\t\t\t\t\t<div class=\"sow-features-feature-text\">\n\t\t\t\t\t<p><strong>Plataforma<\/strong>: Orientada a usuarios finales y fabricantes de m\u00e1quina herramienta.<\/p>\n\t\t\t\t\t<\/div>\n\t\t\t\t\t\t\t\t<\/div>\n\t\t\t\t\t\t\t\t<\/li>\n\n\t<\/ul>\n<\/div><\/div><\/div><div id=\"pgc-w65c4f28e3c015-2-2\"  class=\"panel-grid-cell\" ><div id=\"panel-w65c4f28e3c015-2-2-0\" class=\"so-panel widget widget_sow-features panel-first-child panel-last-child\" data-index=\"8\" ><div\n\t\t\t\n\t\t\tclass=\"so-widget-sow-features so-widget-sow-features-default-fe136b117c82\"\n\t\t\t\n\t\t><ul\n\tclass=\"sow-features-list\n\tsow-features-responsive\">\n\n\t\t\t<li\n\t\t\tclass=\"sow-features-feature sow-icon-container-position-right\"\n\t\t\tstyle=\"display: flex; flex-direction: row; width: calc(100% - 25px);\"\n\t\t>\n\t\t\t\n\t\t\t\t\t\t<div\t\t\t\tclass=\"sow-icon-container sow-container-square\"\n\t\t\t\tstyle=\"color: ; \"\n\t\t\t\t\n\t\t\t\t\t\t\t>\n\t\t\t\t\t\t\t\t\t\t<div class=\"sow-icon-image\" style=\"background-image: url(https:\/\/www.fagorautomation.com\/wp-content\/uploads\/fagor_iconos-digital-suite-07.png); font-size: 45px\"><\/div>\n\t\t\t\t\t\t\t\t\t<\/div>\n\n\t\t\t<div class=\"textwidget\">\n\t\t\t\t\n\t\t\t\t\n\t\t\t\t\t\t\t\t\t<div class=\"sow-features-feature-text\">\n\t\t\t\t\t<p><strong>Instalaci\u00f3n<\/strong>: No intrusiva en m\u00e1quina.<\/p>\n\t\t\t\t\t<\/div>\n\t\t\t\t\t\t\t\t<\/div>\n\t\t\t\t\t\t\t\t<\/li>\n\n\t<\/ul>\n<\/div><\/div><\/div><\/div><\/div><\/div><\/div><\/div><\/div><div id=\"pg-330-2\"  class=\"panel-grid panel-has-style\" ><div class=\"aos-init section03 siteorigin-panels-stretch panel-row-style panel-row-style-for-330-2\" data-aos=\"fade-up\" data-aos-duration=\"600\" data-aos-easing=\"ease-in\" data-aos-delay=\"300\" data-aos-anchor-placement=\"top-bottom\" data-aos-once=\"true\" data-stretch-type=\"full\" ><div id=\"pgc-330-2-0\"  class=\"panel-grid-cell\" ><div id=\"panel-330-2-0-0\" class=\"widget_text so-panel widget widget_custom_html panel-first-child\" data-index=\"5\" ><div class=\"widget_text landing-title panel-widget-style panel-widget-style-for-330-2-0-0\" ><div class=\"textwidget custom-html-widget\"><h2 class=\"landing-red-fagor landing-border-bottom\">02. Orientado a Usuarios<\/h2>\n\n<div class=\"intro\"><p>La soluci\u00f3n est\u00e1 dise\u00f1ada <strong>para usuarios<\/strong> que buscan disponer de indicadores para mejorar la disponibilidad y eficiencia de sus m\u00e1quinas, integrando informaci\u00f3n de m\u00e1quina, oficina t\u00e9cnica, personal, planificaci\u00f3n, producci\u00f3n, etc.<\/p><\/div><\/div><\/div><\/div><div id=\"panel-330-2-0-1\" class=\"so-panel widget widget_siteorigin-panels-builder panel-last-child\" data-index=\"6\" ><div id=\"pl-w620291d55a6fe\"  class=\"panel-layout\" ><div id=\"pg-w620291d55a6fe-0\"  class=\"panel-grid panel-no-style\" ><div id=\"pgc-w620291d55a6fe-0-0\"  class=\"panel-grid-cell\" ><div id=\"panel-w620291d55a6fe-0-0-0\" class=\"so-panel widget widget_sow-editor panel-first-child panel-last-child\" data-index=\"0\" ><div\n\t\t\t\n\t\t\tclass=\"so-widget-sow-editor so-widget-sow-editor-base\"\n\t\t\t\n\t\t>\n<div class=\"siteorigin-widget-tinymce textwidget\">\n\t<ul>\n<li>Los m\u00f3dulos que componen la oferta est\u00e1ndar de usuario, aportan informaci\u00f3n de valor en tiempo real e hist\u00f3rico por periodos, evoluci\u00f3n y comparaci\u00f3n en \u00e1mbitos como: disponibilidad, eficiencia, calidad, OEE, datos de el\u00e9ctricos y consumo de energ\u00eda, reporting por perfiles, etc.<\/li>\n<\/ul>\n<\/div>\n<\/div><\/div><\/div><\/div><\/div><\/div><\/div><\/div><\/div><div id=\"pg-330-3\"  class=\"panel-grid panel-has-style\" ><div class=\"aos-init section02 siteorigin-panels-stretch panel-row-style panel-row-style-for-330-3\" data-aos=\"fade-up\" data-aos-duration=\"300\" data-aos-easing=\"linear\" data-aos-anchor-placement=\"top-bottom\" data-aos-once=\"true\" data-stretch-type=\"full\" ><div id=\"pgc-330-3-0\"  class=\"panel-grid-cell\" ><div id=\"panel-330-3-0-0\" class=\"widget_text so-panel widget widget_custom_html panel-first-child\" data-index=\"7\" ><div class=\"widget_text landing-title panel-widget-style panel-widget-style-for-330-3-0-0\" ><div class=\"textwidget custom-html-widget\"><h2 class=\"landing-red-fagor landing-border-bottom\">03. Orientado a Fabricante<\/h2>\n\n<div class=\"intro\"><p>La soluci\u00f3n <strong>para fabricantes de m\u00e1quinas<\/strong> que quieran gestionar sus activos posibilitando adem\u00e1s nuevos servicios sobre los mismos.\nSe proporciona una suite de herramientas al fabricante de m\u00e1quina que habilita la creaci\u00f3n de nuevos productos y servicios digitales:<\/p><\/div><\/div><\/div><\/div><div id=\"panel-330-3-0-1\" class=\"so-panel widget widget_siteorigin-panels-builder panel-last-child\" data-index=\"8\" ><div id=\"pl-w61fd36cdaeac5\"  class=\"panel-layout\" ><div id=\"pg-w61fd36cdaeac5-0\"  class=\"panel-grid panel-no-style\" ><div id=\"pgc-w61fd36cdaeac5-0-0\"  class=\"panel-grid-cell\" ><div id=\"panel-w61fd36cdaeac5-0-0-0\" class=\"so-panel widget widget_sow-editor panel-first-child panel-last-child\" data-index=\"0\" ><div\n\t\t\t\n\t\t\tclass=\"so-widget-sow-editor so-widget-sow-editor-base\"\n\t\t\t\n\t\t>\n<div class=\"siteorigin-widget-tinymce textwidget\">\n\t<ul>\n<li>Todos los servicios orientados a usuarios: Los fabricantes podr\u00e1n tener acceso a todos los m\u00f3dulos y prestaciones relacionados con los datos de m\u00e1quina.<\/li>\n<li>Nube virtual personalizada con gesti\u00f3n de activos, accesos, usuarios, etc.<\/li>\n<li>Teleservicio y mantenimiento: Permite el acceso y diagn\u00f3stico remoto, gesti\u00f3n de avisos y alarmas, etc.<\/li>\n<li>La plataforma habilita la actualizaci\u00f3n remota de firmware, PLCs, etc.<\/li>\n<li>Desarrollo y administraci\u00f3n de APIs: Permite el desarrollo y despliegue de aplicaciones en su parque de m\u00e1quinas, con una gesti\u00f3n global o individualizada, y que pueden estar orientadas a nuevas prestaciones, mantenimientos, etc.<\/li>\n<\/ul>\n<\/div>\n<\/div><\/div><\/div><\/div><\/div><\/div><\/div><\/div><\/div><\/div>","protected":false},"excerpt":{"rendered":"<p>Fagor Digital Suite Decision making made simple Nuestra soluci\u00f3n de digitalizaci\u00f3n para tus m\u00e1quinas. FAGOR &#8230; <a title=\"Fagor Digital Suite\" class=\"read-more\" href=\"https:\/\/www.fagorautomation.com\/es\/fagor-digital-suite\/\" aria-label=\"Leer m\u00e1s sobre Fagor Digital Suite\"> <\/a><\/p>\n","protected":false},"author":1,"featured_media":952694,"parent":0,"menu_order":0,"comment_status":"closed","ping_status":"closed","template":"","meta":{"_acf_changed":false,"footnotes":""},"categories":[240],"tags":[],"class_list":{"0":"post-330","1":"page","2":"type-page","3":"status-publish","4":"has-post-thumbnail","6":"category-landing-page","7":"resize-featured-image"},"acf":[],"wpml_current_locale":"es_ES","wpml_translations":[{"locale":"en","id":825890,"post_title":"Fagor Digital Suite","href":"https:\/\/www.fagorautomation.com\/en\/fagor-digital-suite\/"},{"locale":"en_US","id":832426,"post_title":"Fagor Digital Suite","href":"https:\/\/www.fagorautomation.com\/en-us\/fagor-digital-suite\/"},{"locale":"it_IT","id":832427,"post_title":"Fagor Digital Suite","href":"https:\/\/www.fagorautomation.com\/it\/fagor-digital-suite\/"},{"locale":"fr_FR","id":832423,"post_title":"Fagor Digital Suite","href":"https:\/\/www.fagorautomation.com\/fr\/fagor-digital-suite\/"},{"locale":"pt_BR","id":832420,"post_title":"Fagor Digital Suite","href":"https:\/\/www.fagorautomation.com\/pt-br\/fagor-digital-suite\/"},{"locale":"pt_PT","id":832421,"post_title":"Fagor Digital Suite","href":"https:\/\/www.fagorautomation.com\/pt-pt\/fagor-digital-suite\/"},{"locale":"de_DE","id":832424,"post_title":"Fagor Digital Suite","href":"https:\/\/www.fagorautomation.com\/de\/fagor-digital-suite\/"},{"locale":"en_IN","id":832425,"post_title":"Fagor Digital Suite","href":"https:\/\/www.fagorautomation.com\/hi\/fagor-digital-suite\/"},{"locale":"ja","id":832428,"post_title":"Fagor Digital Suite","href":"https:\/\/www.fagorautomation.com\/ja\/fagor-digital-suite\/"},{"locale":"eu_ES","id":832422,"post_title":"Fagor Digital Suite","href":"https:\/\/www.fagorautomation.com\/eu\/fagor-digital-suite\/"},{"locale":"zh_CN","id":906366,"post_title":"Digital suite","href":"https:\/\/www.fagorautomation.com\/zh-hans\/digital-suite\/"}],"_links":{"self":[{"href":"https:\/\/www.fagorautomation.com\/es\/wp-json\/wp\/v2\/pages\/330","targetHints":{"allow":["GET"]}}],"collection":[{"href":"https:\/\/www.fagorautomation.com\/es\/wp-json\/wp\/v2\/pages"}],"about":[{"href":"https:\/\/www.fagorautomation.com\/es\/wp-json\/wp\/v2\/types\/page"}],"author":[{"embeddable":true,"href":"https:\/\/www.fagorautomation.com\/es\/wp-json\/wp\/v2\/users\/1"}],"replies":[{"embeddable":true,"href":"https:\/\/www.fagorautomation.com\/es\/wp-json\/wp\/v2\/comments?post=330"}],"version-history":[{"count":0,"href":"https:\/\/www.fagorautomation.com\/es\/wp-json\/wp\/v2\/pages\/330\/revisions"}],"wp:featuredmedia":[{"embeddable":true,"href":"https:\/\/www.fagorautomation.com\/es\/wp-json\/wp\/v2\/media\/952694"}],"wp:attachment":[{"href":"https:\/\/www.fagorautomation.com\/es\/wp-json\/wp\/v2\/media?parent=330"}],"wp:term":[{"taxonomy":"category","embeddable":true,"href":"https:\/\/www.fagorautomation.com\/es\/wp-json\/wp\/v2\/categories?post=330"},{"taxonomy":"post_tag","embeddable":true,"href":"https:\/\/www.fagorautomation.com\/es\/wp-json\/wp\/v2\/tags?post=330"}],"curies":[{"name":"wp","href":"https:\/\/api.w.org\/{rel}","templated":true}]}}