{"id":825073,"date":"2022-04-01T11:19:12","date_gmt":"2022-04-01T10:19:12","guid":{"rendered":"https:\/\/www.fagorautomation.com\/?page_id=825073"},"modified":"2022-04-01T11:19:13","modified_gmt":"2022-04-01T10:19:13","slug":"cnc-8055-fresadora-programacion-operacion-3-ejes","status":"publish","type":"page","link":"https:\/\/www.fagorautomation.com\/es\/servicios\/formacion\/cnc-8055-fresadora-programacion-operacion-3-ejes\/","title":{"rendered":"CNC 8055 FRESADORA \u2013 PROGRAMACI\u00d3N \/ OPERACI\u00d3N \u2013 3 ejes"},"content":{"rendered":"<div id=\"pl-825073\"  class=\"panel-layout\" >\n<div id=\"pg-825073-0\"  class=\"panel-grid panel-no-style\"  data-style=\"{&quot;background_image_attachment&quot;:false,&quot;background_display&quot;:&quot;tile&quot;,&quot;cvw_duration&quot;:&quot;300&quot;,&quot;cvw_easing&quot;:&quot;linear&quot;,&quot;cvw_anchor&quot;:&quot;top-bottom&quot;,&quot;cvw_repeat&quot;:&quot;true&quot;,&quot;lsow_dark_bg&quot;:&quot;&quot;,&quot;bottom_margin&quot;:&quot;50px&quot;,&quot;gutter&quot;:&quot;40px&quot;,&quot;cell_alignment&quot;:&quot;flex-start&quot;}\"  data-ratio=\"1\"  data-ratio-direction=\"right\" >\n<div id=\"pgc-825073-0-0\"  class=\"panel-grid-cell\"  data-weight=\"0.5\" >\n<div id=\"panel-825073-0-0-0\" class=\"so-panel widget widget_sow-editor panel-first-child\" data-index=\"0\" data-style=\"{&quot;background_image_attachment&quot;:false,&quot;background_display&quot;:&quot;tile&quot;,&quot;cvw_duration&quot;:&quot;300&quot;,&quot;cvw_easing&quot;:&quot;linear&quot;,&quot;cvw_anchor&quot;:&quot;top-bottom&quot;,&quot;cvw_repeat&quot;:&quot;true&quot;}\" >\n<div class=\"so-widget-sow-editor so-widget-sow-editor-base\">\n<div class=\"siteorigin-widget-tinymce textwidget\">\n<p><span style=\"color: #e1081d;\"><strong>TEMARIO<\/strong><\/span><\/p>\n<ul>\n<li>Operaci\u00f3n (teclado y modos)<\/li>\n<li>Modos de programaci\u00f3n (ISO, conversacional)<\/li>\n<li>Creaci\u00f3n de programa<\/li>\n<li>Geometr\u00edas en X Y (l\u00edneas y arcos)<\/li>\n<li>Conceptos de herramientas<\/li>\n<li>Polares<\/li>\n<li>Ciclos fijos<\/li>\n<li>Manejo de gr\u00e1ficos<\/li>\n<li>Edici\u00f3n de perfiles<\/li>\n<li>Importaci\u00f3n DXF + WinDNC<\/li>\n<li>Ayudas geom\u00e9tricas<\/li>\n<li>Subrutinas y definici\u00f3n del cero pieza<\/li>\n<li>Alto nivel (RPT, IF, N, MSG)<\/li>\n<li>Alta velocidad de Mecanizado<\/li>\n<li>Modo conversacional (Cajeras 2D, 3D, etc.)<\/li>\n<li>Test de manejo del panel<\/li>\n<li>Ejercicios de programaci\u00f3n<\/li>\n<\/ul>\n<\/div>\n<\/div>\n<\/div>\n<div id=\"panel-825073-0-0-1\" class=\"so-panel widget widget_sow-image panel-last-child\" data-index=\"1\" data-style=\"{&quot;background_image_attachment&quot;:false,&quot;background_display&quot;:&quot;tile&quot;,&quot;cvw_duration&quot;:&quot;300&quot;,&quot;cvw_easing&quot;:&quot;linear&quot;,&quot;cvw_anchor&quot;:&quot;top-bottom&quot;,&quot;cvw_repeat&quot;:&quot;true&quot;}\" ><div\n\t\t\t\n\t\t\tclass=\"so-widget-sow-image so-widget-sow-image-default-dbf295114b96\"\n\t\t\t\n\t\t>\n<div class=\"sow-image-container\">\n\t\t<img \n\tsrc=\"https:\/\/www.fagorautomation.com\/wp-content\/uploads\/fagor-cnc-8055-fresadora.jpg\" width=\"1000\" height=\"563\" srcset=\"https:\/\/www.fagorautomation.com\/wp-content\/uploads\/fagor-cnc-8055-fresadora.jpg 1000w, https:\/\/www.fagorautomation.com\/wp-content\/uploads\/fagor-cnc-8055-fresadora-300x169.jpg 300w, https:\/\/www.fagorautomation.com\/wp-content\/uploads\/fagor-cnc-8055-fresadora-768x432.jpg 768w\" sizes=\"(max-width: 1000px) 100vw, 1000px\" title=\"CNC 8055 FRESADORA \u2013 PROGRAMACI\u00d3N \/ OPERACI\u00d3N \u2013 3 ejes\" alt=\"CNC 8055 FRESADORA \u2013 PROGRAMACI\u00d3N \/ OPERACI\u00d3N \u2013 3 ejes\" \t\tclass=\"so-widget-image\"\/>\n\t<\/div>\n\n<\/div><\/div>\n<\/div>\n<div id=\"pgc-825073-0-1\"  class=\"panel-grid-cell\"  data-weight=\"0.5\" >\n<div id=\"panel-825073-0-1-0\" class=\"so-panel widget widget_sow-editor panel-first-child\" data-index=\"2\" data-style=\"{&quot;background_image_attachment&quot;:false,&quot;background_display&quot;:&quot;tile&quot;,&quot;cvw_duration&quot;:&quot;300&quot;,&quot;cvw_easing&quot;:&quot;linear&quot;,&quot;cvw_anchor&quot;:&quot;top-bottom&quot;,&quot;cvw_repeat&quot;:&quot;true&quot;}\" >\n<div class=\"so-widget-sow-editor so-widget-sow-editor-base\">\n<div class=\"siteorigin-widget-tinymce textwidget\">\n<p><span style=\"color: #e1081d;\"><strong>FORMATO DEL CURSO<\/strong><\/span><\/p>\n<ul>\n<li>Curso <strong>online.<\/strong><\/li>\n<li>Duraci\u00f3n: <strong>50 horas \u2013 12 semanas.<\/strong> La dedicaci\u00f3n es orientativa, ya que depender\u00e1 del nivel inicial de cada persona.<\/li>\n<li>Opci\u00f3n de realizar un <strong>examen final<\/strong> para la obtenci\u00f3n del <strong>DIPLOMA.<\/strong><\/li>\n<li>Para la realizaci\u00f3n de los ejercicios propuestos, cada persona tendr\u00e1 que utilizar su propio CNC o podr\u00e1 alquilar en Fagor un CNC 8055 de sobremesa. Para la importaci\u00f3n de los archivos DXF es necesario el software gratuito WinDNC, descargable desde la web de Fagor Automation.<\/li>\n<li><strong>Horario libre<\/strong>, sin restricciones, de forma que cada persona se pueda organizar como mejor le convenga.<\/li>\n<li>Opci\u00f3n de contratar <strong>tutor\u00edas<\/strong> personalizadas de 1 hora.<\/li>\n<li>Cada persona inscrita ser\u00e1 responsable de <strong>auto-gestionar su dedicaci\u00f3n al curso.<\/strong><\/li>\n<\/ul>\n<p>&#8211; <strong>PRECIO<\/strong>: 200 Euros (IVA incluido)<\/p>\n<p><a href=\"https:\/\/docs.google.com\/forms\/d\/1juQ9SbQ18qfwVMkmPx_JTi0h2yu4lRxUFUQ1PmFOB40\/viewform?edit_requested=true\" target=\"_blank\" rel=\"noopener nofollow\"><img loading=\"lazy\" decoding=\"async\" class=\"alignnone wp-image-114867 size-full\" src=\"https:\/\/www.fagorautomation.com\/wp-content\/uploads\/2020\/10\/bot-inscribete.jpg\" alt=\"\" width=\"167\" height=\"45\" title=\"\"><\/a><\/p>\n<p><strong><a href=\"\/es\/servicios\/formacion\/\" target=\"_blank\" rel=\"noopener\">VER CALENDARIO DE CURSOS<\/a><\/strong><\/p>\n<\/div>\n<\/div>\n<\/div>\n<div id=\"panel-825073-0-1-1\" class=\"so-panel widget widget_sow-editor panel-last-child\" data-index=\"3\" data-style=\"{&quot;background_image_attachment&quot;:false,&quot;background_display&quot;:&quot;tile&quot;,&quot;cvw_duration&quot;:&quot;300&quot;,&quot;cvw_easing&quot;:&quot;linear&quot;,&quot;cvw_anchor&quot;:&quot;top-bottom&quot;,&quot;cvw_repeat&quot;:&quot;true&quot;}\" >\n<div class=\"so-widget-sow-editor so-widget-sow-editor-base\">\n<div class=\"siteorigin-widget-tinymce textwidget\">\n<p><strong>CNC 8055 DE SOBREMESA:<\/strong><br \/>\nEl CNC 8055 no dispone de su versi\u00f3n para PC, por lo que planteamos estas alternativas para la realizaci\u00f3n de los ejercicios propuestos.<\/p>\n<ul>\n<li>Utilizar el CNC de la m\u00e1quina.\n<ul>\n<li>A pie de m\u00e1quina.<\/li>\n<li>Desde el ordenador, conect\u00e1ndote al CNC de la m\u00e1quina, a trav\u00e9s del WinDNC. En este caso, el CNC tiene que tener activada la opci\u00f3n de Telediagnosis y tiene que estar en la misma red. Esta opci\u00f3n, no permite simular el programa editado.<\/li>\n<\/ul>\n<\/li>\n<li>Alquilar el CNC 8055 de sobremesa, mientras dure la formaci\u00f3n.\n<ul>\n<li>CNC configurado para trabajar en modo fresadora o torno.<\/li>\n<li>Permite editar, programar, simular y ejecutar todas las prestaciones.<\/li>\n<li>Stock limitado hasta fin de existencias.<\/li>\n<li>Precio: 605 Euros (IVA y portes incluidos). Precio v\u00e1lido para env\u00edos a Espa\u00f1a (pen\u00ednsula). Consultar precio con Fagor Automation para otros destinos.<\/li>\n<\/ul>\n<\/li>\n<\/ul>\n<\/div>\n<\/div>\n<\/div>\n<\/div>\n<\/div>\n<\/div>\n","protected":false},"excerpt":{"rendered":"<p>TEMARIO Operaci\u00f3n (teclado y modos) Modos de programaci\u00f3n (ISO, conversacional) Creaci\u00f3n de programa Geometr\u00edas en &#8230; <a title=\"CNC 8055 FRESADORA \u2013 PROGRAMACI\u00d3N \/ OPERACI\u00d3N \u2013 3 ejes\" class=\"read-more\" href=\"https:\/\/www.fagorautomation.com\/es\/servicios\/formacion\/cnc-8055-fresadora-programacion-operacion-3-ejes\/\" aria-label=\"Leer m\u00e1s sobre CNC 8055 FRESADORA \u2013 PROGRAMACI\u00d3N \/ OPERACI\u00d3N \u2013 3 ejes\"> <\/a><\/p>\n","protected":false},"author":1,"featured_media":0,"parent":207,"menu_order":0,"comment_status":"closed","ping_status":"closed","template":"","meta":{"_acf_changed":false,"footnotes":""},"categories":[827],"tags":[],"class_list":{"0":"post-825073","1":"page","2":"type-page","3":"status-publish","5":"category-menu-servicios"},"acf":[],"wpml_current_locale":"es_ES","wpml_translations":[],"_links":{"self":[{"href":"https:\/\/www.fagorautomation.com\/es\/wp-json\/wp\/v2\/pages\/825073","targetHints":{"allow":["GET"]}}],"collection":[{"href":"https:\/\/www.fagorautomation.com\/es\/wp-json\/wp\/v2\/pages"}],"about":[{"href":"https:\/\/www.fagorautomation.com\/es\/wp-json\/wp\/v2\/types\/page"}],"author":[{"embeddable":true,"href":"https:\/\/www.fagorautomation.com\/es\/wp-json\/wp\/v2\/users\/1"}],"replies":[{"embeddable":true,"href":"https:\/\/www.fagorautomation.com\/es\/wp-json\/wp\/v2\/comments?post=825073"}],"version-history":[{"count":0,"href":"https:\/\/www.fagorautomation.com\/es\/wp-json\/wp\/v2\/pages\/825073\/revisions"}],"up":[{"embeddable":true,"href":"https:\/\/www.fagorautomation.com\/es\/wp-json\/wp\/v2\/pages\/207"}],"wp:attachment":[{"href":"https:\/\/www.fagorautomation.com\/es\/wp-json\/wp\/v2\/media?parent=825073"}],"wp:term":[{"taxonomy":"category","embeddable":true,"href":"https:\/\/www.fagorautomation.com\/es\/wp-json\/wp\/v2\/categories?post=825073"},{"taxonomy":"post_tag","embeddable":true,"href":"https:\/\/www.fagorautomation.com\/es\/wp-json\/wp\/v2\/tags?post=825073"}],"curies":[{"name":"wp","href":"https:\/\/api.w.org\/{rel}","templated":true}]}}