{"id":832095,"date":"2022-03-22T10:26:40","date_gmt":"2022-03-22T10:26:40","guid":{"rendered":"https:\/\/www.fagorautomation.com\/work-with-us\/"},"modified":"2022-05-05T10:52:40","modified_gmt":"2022-05-05T09:52:40","slug":"travaillez-avec-nous","status":"publish","type":"page","link":"https:\/\/www.fagorautomation.com\/fr\/entreprise\/travaillez-avec-nous\/","title":{"rendered":"Travaillez avec nous"},"content":{"rendered":"<div id=\"pl-832095\"  class=\"panel-layout\" ><div id=\"pg-832095-0\"  class=\"panel-grid panel-no-style\" ><div id=\"pgc-832095-0-0\"  class=\"panel-grid-cell\" ><div id=\"panel-832095-0-0-0\" class=\"so-panel widget widget_sow-headline panel-first-child panel-last-child\" data-index=\"0\" ><div\n\t\t\t\n\t\t\tclass=\"so-widget-sow-headline so-widget-sow-headline-default-9d924bbb40ae-832095\"\n\t\t\t\n\t\t><div class=\"sow-headline-container \">\n\t\t\t\t\t\t\t<h2 class=\"sow-headline\">\n\t\t\t\t\t\tVoulez-vous rejoindre <br \/>notre \u00e9quipe ?\t\t\t\t\t\t<\/h2>\n\t\t\t\t\t\t\t\t\t\t\t\t<p class=\"sow-sub-headline\">\n\t\t\t\t\t\tNous aimons les personnes ayant de l'initiative <br \/>et d\u00e9sireuses de travailler\t\t\t\t\t\t<\/p>\n\t\t\t\t\t\t<\/div>\n<\/div><\/div><\/div><div id=\"pgc-832095-0-1\"  class=\"panel-grid-cell\" ><div id=\"panel-832095-0-1-0\" class=\"so-panel widget widget_sow-editor panel-first-child panel-last-child\" data-index=\"1\" ><div class=\"panel-widget-style panel-widget-style-for-832095-0-1-0\" ><div\n\t\t\t\n\t\t\tclass=\"so-widget-sow-editor so-widget-sow-editor-base\"\n\t\t\t\n\t\t>\n<div class=\"siteorigin-widget-tinymce textwidget\">\n\t<p>Nous sommes une entreprise avec une grande exp\u00e9rience dans le d\u00e9veloppement et la fabrication de produits pour l'automatisation et le contr\u00f4le des machines.<br \/>\nSi vous souhaitez rejoindre notre \u00e9quipe, d\u00e9couvrez nos offres d'emploi ou envoyez-nous votre CV.<\/p>\n<\/div>\n<\/div><\/div><\/div><\/div><\/div><div id=\"pg-832095-1\"  class=\"panel-grid panel-has-style\" ><div class=\"botonera panel-row-style panel-row-style-for-832095-1\" ><div id=\"pgc-832095-1-0\"  class=\"panel-grid-cell panel-grid-cell-empty\" ><\/div><div id=\"pgc-832095-1-1\"  class=\"panel-grid-cell\" ><div id=\"panel-832095-1-1-0\" class=\"so-panel widget widget_sow-features panel-first-child panel-last-child\" data-index=\"2\" ><div class=\"contacto-iconos panel-widget-style panel-widget-style-for-832095-1-1-0\" ><div\n\t\t\t\n\t\t\tclass=\"so-widget-sow-features so-widget-sow-features-default-ff5535e10a47-832095\"\n\t\t\t\n\t\t><ul\n\tclass=\"sow-features-list\n\tsow-features-responsive\">\n\n\t\t\t<li\n\t\t\tclass=\"sow-features-feature sow-icon-container-position-top\"\n\t\t\tstyle=\"display: flex; flex-direction: column; width: calc(100% - 25px);\"\n\t\t>\n\t\t\t\t\t\t\t<a href=\"https:\/\/fagorautomation.epreselec.com\/Default.aspx\" target=\"_blank\" rel=\"noopener noreferrer nofollow\" class=\"sow-features-feature-linked-column\">\n\t\t\t\t\t<span class=\"so-sr-only\">\n\t\t\t\t\t\t\t\t\t\t\t<\/span>\n\t\t\t\t<\/a>\n\t\t\t\n\t\t\t\t\t\t<a class=\"sow-icon-container sow-container-round\" style=\"color: #ffffff; \" href=\"https:\/\/fagorautomation.epreselec.com\/Default.aspx\" target=\"_blank\" rel=\"noopener noreferrer nofollow\">\n\t\t\t\t\t\t\t\t\t\t<div class=\"sow-icon-image\" style=\"background-image: url(https:\/\/www.fagorautomation.com\/wp-content\/uploads\/icono-cv.png); font-size: 50px\"><\/div>\n\t\t\t\t\t\t\t\t\t<\/a>\n\n\t\t\t<div class=\"textwidget\">\n\t\t\t\t\n\t\t\t\t\t\t\t\t\t<h2 class=\"sow-features-feature-title\">\n\t\t\t\t\t\tEnvoyer un CV\t\t\t\t\t<\/h2>\n\t\t\t\t\n\t\t\t\t\t\t\t<\/div>\n\t\t\t\t\t\t\t\t<\/li>\n\n\t<\/ul>\n<\/div><\/div><\/div><\/div><div id=\"pgc-832095-1-2\"  class=\"panel-grid-cell panel-grid-cell-mobile-last\" ><div id=\"panel-832095-1-2-0\" class=\"so-panel widget widget_sow-features panel-first-child panel-last-child\" data-index=\"3\" ><div class=\"contacto-iconos panel-widget-style panel-widget-style-for-832095-1-2-0\" ><div\n\t\t\t\n\t\t\tclass=\"so-widget-sow-features so-widget-sow-features-default-0655534fe9b8-832095\"\n\t\t\t\n\t\t><ul\n\tclass=\"sow-features-list\n\tsow-features-responsive\">\n\n\t\t\t<li\n\t\t\tclass=\"sow-features-feature sow-icon-container-position-top\"\n\t\t\tstyle=\"display: flex; flex-direction: column; width: calc(100% - 25px);\"\n\t\t>\n\t\t\t\t\t\t\t<a href=\"https:\/\/fagorautomation.epreselec.com\/Ofertas\/Ofertas.aspx?id_origen=web+corporativa\" target=\"_blank\" rel=\"noopener noreferrer nofollow\" class=\"sow-features-feature-linked-column\">\n\t\t\t\t\t<span class=\"so-sr-only\">\n\t\t\t\t\t\t\t\t\t\t\t<\/span>\n\t\t\t\t<\/a>\n\t\t\t\n\t\t\t\t\t\t<a class=\"sow-icon-container sow-container-round\" style=\"color: #ffffff; \" href=\"https:\/\/fagorautomation.epreselec.com\/Ofertas\/Ofertas.aspx?id_origen=web+corporativa\" target=\"_blank\" rel=\"noopener noreferrer nofollow\">\n\t\t\t\t\t\t\t\t\t\t<div class=\"sow-icon-image\" style=\"background-image: url(https:\/\/www.fagorautomation.com\/wp-content\/uploads\/icono-ofertas-empleo.png); font-size: 50px\"><\/div>\n\t\t\t\t\t\t\t\t\t<\/a>\n\n\t\t\t<div class=\"textwidget\">\n\t\t\t\t\n\t\t\t\t\t\t\t\t\t<h2 class=\"sow-features-feature-title\">\n\t\t\t\t\t\tOffres d'emploi\t\t\t\t\t<\/h2>\n\t\t\t\t\n\t\t\t\t\t\t\t<\/div>\n\t\t\t\t\t\t\t\t<\/li>\n\n\t<\/ul>\n<\/div><\/div><\/div><\/div><div id=\"pgc-832095-1-3\"  class=\"panel-grid-cell panel-grid-cell-empty\" ><\/div><\/div><\/div><div id=\"pg-832095-2\"  class=\"panel-grid panel-has-style\" ><div class=\"siteorigin-panels-stretch panel-row-style panel-row-style-for-832095-2\" data-stretch-type=\"full-stretched\" ><div id=\"pgc-832095-2-0\"  class=\"panel-grid-cell\" ><div id=\"panel-832095-2-0-0\" class=\"so-panel widget widget_sow-image panel-first-child panel-last-child\" data-index=\"4\" ><div\n\t\t\t\n\t\t\tclass=\"so-widget-sow-image so-widget-sow-image-default-dbf295114b96-832095\"\n\t\t\t\n\t\t>\n<div class=\"sow-image-container\">\n\t\t<img loading=\"lazy\" decoding=\"async\" src=\"https:\/\/www.fagorautomation.com\/wp-content\/uploads\/trabaja-con-nosotros1.jpg\" width=\"700\" height=\"380\" srcset=\"https:\/\/www.fagorautomation.com\/wp-content\/uploads\/trabaja-con-nosotros1.jpg 700w, https:\/\/www.fagorautomation.com\/wp-content\/uploads\/trabaja-con-nosotros1-300x163.jpg 300w\" sizes=\"auto, (max-width: 700px) 100vw, 700px\" alt=\"\" class=\"so-widget-image\" title=\"\">\n\t<\/div>\n\n<\/div><\/div><\/div><div id=\"pgc-832095-2-1\"  class=\"panel-grid-cell\" ><div id=\"panel-832095-2-1-0\" class=\"so-panel widget widget_sow-image panel-first-child panel-last-child\" data-index=\"5\" ><div\n\t\t\t\n\t\t\tclass=\"so-widget-sow-image so-widget-sow-image-default-dbf295114b96-832095\"\n\t\t\t\n\t\t>\n<div class=\"sow-image-container\">\n\t\t<img loading=\"lazy\" decoding=\"async\" src=\"https:\/\/www.fagorautomation.com\/wp-content\/uploads\/trabaja-con-nosotros2.jpg\" width=\"700\" height=\"380\" srcset=\"https:\/\/www.fagorautomation.com\/wp-content\/uploads\/trabaja-con-nosotros2.jpg 700w, https:\/\/www.fagorautomation.com\/wp-content\/uploads\/trabaja-con-nosotros2-300x163.jpg 300w\" sizes=\"auto, (max-width: 700px) 100vw, 700px\" alt=\"\" class=\"so-widget-image\" title=\"\">\n\t<\/div>\n\n<\/div><\/div><\/div><div id=\"pgc-832095-2-2\"  class=\"panel-grid-cell\" ><div id=\"panel-832095-2-2-0\" class=\"so-panel widget widget_sow-image panel-first-child panel-last-child\" data-index=\"6\" ><div\n\t\t\t\n\t\t\tclass=\"so-widget-sow-image so-widget-sow-image-default-dbf295114b96-832095\"\n\t\t\t\n\t\t>\n<div class=\"sow-image-container\">\n\t\t<img loading=\"lazy\" decoding=\"async\" src=\"https:\/\/www.fagorautomation.com\/wp-content\/uploads\/trabaja-con-nosotros3.jpg\" width=\"700\" height=\"380\" srcset=\"https:\/\/www.fagorautomation.com\/wp-content\/uploads\/trabaja-con-nosotros3.jpg 700w, https:\/\/www.fagorautomation.com\/wp-content\/uploads\/trabaja-con-nosotros3-300x163.jpg 300w\" sizes=\"auto, (max-width: 700px) 100vw, 700px\" alt=\"\" class=\"so-widget-image\" title=\"\">\n\t<\/div>\n\n<\/div><\/div><\/div><\/div><\/div><div id=\"pg-832095-3\"  class=\"panel-grid panel-has-style\" ><div class=\"empresa-section04 siteorigin-panels-stretch panel-row-style panel-row-style-for-832095-3\" data-stretch-type=\"full\" ><div id=\"pgc-832095-3-0\"  class=\"panel-grid-cell\" ><div id=\"panel-832095-3-0-0\" class=\"so-panel widget widget_siteorigin-panels-builder panel-first-child panel-last-child\" data-index=\"7\" ><div id=\"pl-w626f928f20379\"  class=\"panel-layout\" ><div id=\"pg-w626f928f20379-0\"  class=\"panel-grid panel-has-style\" ><div class=\"panel-row-style panel-row-style-for-w626f928f20379-0\" ><div id=\"pgc-w626f928f20379-0-0\"  class=\"panel-grid-cell\" ><div id=\"panel-w626f928f20379-0-0-0\" class=\"so-panel widget widget_sow-headline panel-first-child panel-last-child\" data-index=\"0\" ><div\n\t\t\t\n\t\t\tclass=\"so-widget-sow-headline so-widget-sow-headline-default-a65ec30188d8\"\n\t\t\t\n\t\t><div class=\"sow-headline-container \">\n\t\t\t\t\t\t\t<h2 class=\"sow-headline\">\n\t\t\t\t\t\tContact avec nous\t\t\t\t\t\t<\/h2>\n\t\t\t\t\t\t\t\t\t\t\t\t<p class=\"sow-sub-headline\">\n\t\t\t\t\t\t\u00c9crivez-nous et nous vous contacterons dans les plus brefs d\u00e9lais...\t\t\t\t\t\t<\/p>\n\t\t\t\t\t\t<\/div>\n<\/div><\/div><\/div><div id=\"pgc-w626f928f20379-0-1\"  class=\"panel-grid-cell\" ><div class=\"panel-cell-style panel-cell-style-for-w626f928f20379-0-1\" ><div id=\"panel-w626f928f20379-0-1-0\" class=\"so-panel widget widget_sow-editor panel-first-child panel-last-child\" data-index=\"1\" ><div class=\"panel-widget-style panel-widget-style-for-w626f928f20379-0-1-0\" ><div\n\t\t\t\n\t\t\tclass=\"so-widget-sow-editor so-widget-sow-editor-base\"\n\t\t\t\n\t\t>\n<div class=\"siteorigin-widget-tinymce textwidget\">\n\t\n<div class=\"wpcf7 no-js\" id=\"wpcf7-f836766-o1\" lang=\"en\" dir=\"ltr\" data-wpcf7-id=\"836766\">\n<div class=\"screen-reader-response\"><p role=\"status\" aria-live=\"polite\" aria-atomic=\"true\"><\/p> <ul><\/ul><\/div>\n<form action=\"\/fr\/wp-json\/wp\/v2\/pages\/832095#wpcf7-f836766-o1\" method=\"post\" class=\"wpcf7-form init wpcf7-acceptance-as-validation\" aria-label=\"Formulaire de contact\" novalidate=\"novalidate\" data-status=\"init\">\n<fieldset class=\"hidden-fields-container\"><input type=\"hidden\" name=\"_wpcf7\" value=\"836766\" \/><input type=\"hidden\" name=\"_wpcf7_version\" value=\"6.1.5\" \/><input type=\"hidden\" name=\"_wpcf7_locale\" value=\"en\" \/><input type=\"hidden\" name=\"_wpcf7_unit_tag\" value=\"wpcf7-f836766-o1\" \/><input type=\"hidden\" name=\"_wpcf7_container_post\" value=\"0\" \/><input type=\"hidden\" name=\"_wpcf7_posted_data_hash\" value=\"\" \/>\n<\/fieldset>\n<div class=\"form-empresa\">\n\t<h3>Vos donn\u00e9es:\n\t<\/h3>\n\t<p><label><span class=\"wpcf7-form-control-wrap\" data-name=\"your-name\"><input size=\"40\" maxlength=\"400\" class=\"wpcf7-form-control wpcf7-text wpcf7-validates-as-required\" autocomplete=\"name\" aria-required=\"true\" aria-invalid=\"false\" placeholder=\"Nom\" value=\"\" type=\"text\" name=\"your-name\" \/><\/span><\/label>\n\t<\/p>\n\t<p><label><span class=\"wpcf7-form-control-wrap\" data-name=\"your-email\"><input size=\"40\" maxlength=\"400\" class=\"wpcf7-form-control wpcf7-email wpcf7-validates-as-required wpcf7-text wpcf7-validates-as-email\" autocomplete=\"email\" aria-required=\"true\" aria-invalid=\"false\" placeholder=\"Courriel\" value=\"\" type=\"email\" name=\"your-email\" \/><\/span><\/label>\n\t<\/p>\n\t<p><label><span class=\"wpcf7-form-control-wrap\" data-name=\"acceptance-84\"><span class=\"wpcf7-form-control wpcf7-acceptance\"><span class=\"wpcf7-list-item\"><input type=\"checkbox\" name=\"acceptance-84\" value=\"1\" aria-invalid=\"false\" \/><\/span><\/span><\/span> J'ai lu et j'accepte <a href=\"\/fr\/avis-juridique\/\" target=\"_blank\" style=\"color:#efefef;\">les conditions d'utilisation<\/a> et la <a href=\"\/fr\/politique-de-confidentialite\/\" target=\"_blank\" style=\"color:#efefef;\">politique de confidentialit\u00e9.<\/a><\/label>\n\t<\/p>\n\t<p><input class=\"wpcf7-form-control wpcf7-submit has-spinner submit-empresa\" type=\"submit\" value=\"Contact \u2192\" \/>\n\t<\/p>\n<\/div><p style=\"display: none !important;\" class=\"akismet-fields-container\" data-prefix=\"_wpcf7_ak_\"><label>&#916;<textarea name=\"_wpcf7_ak_hp_textarea\" cols=\"45\" rows=\"8\" maxlength=\"100\"><\/textarea><\/label><input type=\"hidden\" id=\"ak_js_1\" name=\"_wpcf7_ak_js\" value=\"216\"\/><script>document.getElementById( \"ak_js_1\" ).setAttribute( \"value\", ( new Date() ).getTime() );<\/script><\/p><div class=\"wpcf7-response-output\" aria-hidden=\"true\"><\/div>\n<\/form>\n<\/div>\n\n<\/div>\n<\/div><\/div><\/div><\/div><\/div><\/div><\/div><\/div><\/div><\/div><\/div><\/div><\/div>","protected":false},"excerpt":{"rendered":"<p>Nous sommes une entreprise avec une grande exp\u00e9rience dans le d\u00e9veloppement et la fabrication de &#8230; <a title=\"Travaillez avec nous\" class=\"read-more\" href=\"https:\/\/www.fagorautomation.com\/fr\/entreprise\/travaillez-avec-nous\/\" aria-label=\"En savoir plus sur Travaillez avec nous\"> <\/a><\/p>\n","protected":false},"author":1,"featured_media":0,"parent":832683,"menu_order":0,"comment_status":"closed","ping_status":"closed","template":"","meta":{"_acf_changed":false,"footnotes":""},"categories":[1330],"tags":[],"class_list":{"0":"post-832095","1":"page","2":"type-page","3":"status-publish","5":"category-menu-empresa-fr"},"acf":[],"wpml_current_locale":"fr_FR","wpml_translations":[{"locale":"en","id":706004,"post_title":"Work with us","href":"https:\/\/www.fagorautomation.com\/en\/corporate\/work-with-us\/"},{"locale":"es_ES","id":706017,"post_title":"Trabaja con nosotros","href":"https:\/\/www.fagorautomation.com\/es\/corporativo\/trabaja-con-nosotros\/"},{"locale":"en_US","id":832098,"post_title":"Work with us","href":"https:\/\/www.fagorautomation.com\/en-us\/corporate\/work-with-us\/"},{"locale":"it_IT","id":832099,"post_title":"Lavora con noi","href":"https:\/\/www.fagorautomation.com\/it\/corporate\/lavora-con-noi\/"},{"locale":"pt_BR","id":832101,"post_title":"Venha trabalhar conosco","href":"https:\/\/www.fagorautomation.com\/pt-br\/corporativo\/venha-trabalhar-conosco\/"},{"locale":"pt_PT","id":832102,"post_title":"Trabalhe connosco","href":"https:\/\/www.fagorautomation.com\/pt-pt\/corporativo\/trabalhe-connosco\/"},{"locale":"de_DE","id":832096,"post_title":"Arbeiten Sie mit uns","href":"https:\/\/www.fagorautomation.com\/de\/kooperative\/arbeiten-sie-mit-uns\/"},{"locale":"en_IN","id":832097,"post_title":"Work with us","href":"https:\/\/www.fagorautomation.com\/hi\/corporate\/work-with-us\/"},{"locale":"ja","id":832100,"post_title":"\u79c1\u305f\u3061\u3068\u4e00\u7dd2\u306b\u50cd\u304d\u307e\u305b\u3093\u304b","href":"https:\/\/www.fagorautomation.com\/ja\/%e3%82%b3%e3%83%bc%e3%83%9d%e3%83%ac%e3%83%bc%e3%83%88\/work-with-us\/"},{"locale":"eu_ES","id":832094,"post_title":"Lan egin gurekin","href":"https:\/\/www.fagorautomation.com\/eu\/korporatiboa\/work-with-us\/"},{"locale":"zh_CN","id":909777,"post_title":"\u4e0e\u6211\u4eec\u8054\u7cfb","href":"https:\/\/www.fagorautomation.com\/zh-hans\/%e5%85%ac%e5%8f%b8%e7%ae%80%e4%bb%8b\/%e4%b8%8e%e6%88%91%e4%bb%ac%e8%81%94%e7%b3%bb\/"}],"_links":{"self":[{"href":"https:\/\/www.fagorautomation.com\/fr\/wp-json\/wp\/v2\/pages\/832095","targetHints":{"allow":["GET"]}}],"collection":[{"href":"https:\/\/www.fagorautomation.com\/fr\/wp-json\/wp\/v2\/pages"}],"about":[{"href":"https:\/\/www.fagorautomation.com\/fr\/wp-json\/wp\/v2\/types\/page"}],"author":[{"embeddable":true,"href":"https:\/\/www.fagorautomation.com\/fr\/wp-json\/wp\/v2\/users\/1"}],"replies":[{"embeddable":true,"href":"https:\/\/www.fagorautomation.com\/fr\/wp-json\/wp\/v2\/comments?post=832095"}],"version-history":[{"count":0,"href":"https:\/\/www.fagorautomation.com\/fr\/wp-json\/wp\/v2\/pages\/832095\/revisions"}],"up":[{"embeddable":true,"href":"https:\/\/www.fagorautomation.com\/fr\/wp-json\/wp\/v2\/pages\/832683"}],"wp:attachment":[{"href":"https:\/\/www.fagorautomation.com\/fr\/wp-json\/wp\/v2\/media?parent=832095"}],"wp:term":[{"taxonomy":"category","embeddable":true,"href":"https:\/\/www.fagorautomation.com\/fr\/wp-json\/wp\/v2\/categories?post=832095"},{"taxonomy":"post_tag","embeddable":true,"href":"https:\/\/www.fagorautomation.com\/fr\/wp-json\/wp\/v2\/tags?post=832095"}],"curies":[{"name":"wp","href":"https:\/\/api.w.org\/{rel}","templated":true}]}}