{"id":832423,"date":"2021-12-02T12:07:16","date_gmt":"2021-12-02T11:07:16","guid":{"rendered":"https:\/\/www.fagorautomation.com\/fagor-digital-suite\/"},"modified":"2022-09-02T12:34:15","modified_gmt":"2022-09-02T11:34:15","slug":"fagor-digital-suite","status":"publish","type":"page","link":"https:\/\/www.fagorautomation.com\/fr\/fagor-digital-suite\/","title":{"rendered":"Fagor Digital Suite"},"content":{"rendered":"<div id=\"pl-832423\"  class=\"panel-layout\" ><div id=\"pg-832423-0\"  class=\"panel-grid panel-has-style\" ><div class=\"aos-init section01 panel-row-style panel-row-style-for-832423-0\" data-aos=\"fade\" data-aos-duration=\"300\" data-aos-easing=\"linear\" data-aos-anchor-placement=\"top-bottom\" data-aos-once=\"true\" ><div id=\"pgc-832423-0-0\"  class=\"panel-grid-cell\" ><div id=\"panel-832423-0-0-0\" class=\"widget_text so-panel widget widget_custom_html panel-first-child\" data-index=\"0\" ><div class=\"widget_text landing-title panel-widget-style panel-widget-style-for-832423-0-0-0\" ><div class=\"textwidget custom-html-widget\"><h1 class=\"landing-red-fagor\" style=\"line-height: 1 !important;\">Fagor Digital Suite<\/h1>\n<h3>Decision making made simple<\/h3>\n<div class=\"intro\"><p>Notre solution de num\u00e9risation pour vos machines.<\/p><\/div><\/div><\/div><\/div><div id=\"panel-832423-0-0-1\" class=\"so-panel widget widget_sow-video\" data-index=\"1\" ><div\n\t\t\t\n\t\t\tclass=\"so-widget-sow-video so-widget-sow-video-default-c08170c47cfb-832423\"\n\t\t\t\n\t\t>\n<div class=\"sow-video-wrapper\n use-fitvids\">\n\t\t\t<iframe loading=\"lazy\" title=\"Fagor Digital Suite_ES\" src=\"https:\/\/player.vimeo.com\/video\/614586091?dnt=1&amp;app_id=122963&autoplay=1&mute=1&playlist&loop=1&api=true\" width=\"1200\" height=\"675\" frameborder=\"0\" allow=\"autoplay; fullscreen; picture-in-picture; clipboard-write; encrypted-media; web-share\" referrerpolicy=\"strict-origin-when-cross-origin\" allowfullscreen mozallowfullscreen webkitallowfullscreen sandbox=\"allow-scripts allow-same-origin allow-presentation\"><\/iframe>\t<\/div>\n<\/div><\/div><div id=\"panel-832423-0-0-2\" class=\"so-panel widget widget_siteorigin-panels-builder panel-last-child\" data-index=\"2\" ><div class=\"landing-description panel-widget-style panel-widget-style-for-832423-0-0-2\" ><div id=\"pl-w625e92eade807\"  class=\"panel-layout\" ><div id=\"pg-w625e92eade807-0\"  class=\"panel-grid panel-no-style\" ><div id=\"pgc-w625e92eade807-0-0\"  class=\"panel-grid-cell\" ><div id=\"panel-w625e92eade807-0-0-0\" class=\"so-panel widget widget_sow-editor panel-first-child panel-last-child\" data-index=\"0\" ><div class=\"landing-texto panel-widget-style panel-widget-style-for-w625e92eade807-0-0-0\" ><div\n\t\t\t\n\t\t\tclass=\"so-widget-sow-editor so-widget-sow-editor-base\"\n\t\t\t\n\t\t>\n<div class=\"siteorigin-widget-tinymce textwidget\">\n\t<p>FAGOR DIGITAL SUITE est la <strong>solution de num\u00e9risation de Fagor<\/strong> qui permet de connecter les machines avec le reste des syst\u00e8mes de production et de gestion, en capturant toutes les donn\u00e9es n\u00e9cessaires et en les transformant en informations pr\u00e9cieuses pour faciliter la prise de d\u00e9cision.<\/p>\n<\/div>\n<\/div><\/div><\/div><\/div><\/div><\/div><\/div><\/div><\/div><\/div><\/div><div id=\"pg-832423-1\"  class=\"panel-grid panel-has-style\" ><div class=\"aos-init section02 siteorigin-panels-stretch panel-row-style panel-row-style-for-832423-1\" data-aos=\"fade\" data-aos-duration=\"300\" data-aos-easing=\"ease-in-sine\" data-aos-anchor-placement=\"top-bottom\" data-aos-once=\"true\" data-stretch-type=\"full\" ><div id=\"pgc-832423-1-0\"  class=\"panel-grid-cell\" ><div id=\"panel-832423-1-0-0\" class=\"widget_text so-panel widget widget_custom_html panel-first-child\" data-index=\"3\" ><div class=\"widget_text landing-title panel-widget-style panel-widget-style-for-832423-1-0-0\" ><div class=\"textwidget custom-html-widget\"><h2 class=\"landing-red-fagor landing-border-bottom\">01. Caract\u00e9ristiques<\/h2>\n<\/div><\/div><\/div><div id=\"panel-832423-1-0-1\" class=\"so-panel widget widget_siteorigin-panels-builder panel-last-child\" data-index=\"4\" ><div id=\"pl-w625e92eadeac8\"  class=\"panel-layout\" ><div id=\"pg-w625e92eadeac8-0\"  class=\"panel-grid panel-no-style\" ><div id=\"pgc-w625e92eadeac8-0-0\"  class=\"panel-grid-cell\" ><div id=\"panel-w625e92eadeac8-0-0-0\" class=\"so-panel widget widget_sow-features panel-first-child panel-last-child\" data-index=\"0\" ><div\n\t\t\t\n\t\t\tclass=\"so-widget-sow-features so-widget-sow-features-default-12692aa1a16a\"\n\t\t\t\n\t\t><ul\n\tclass=\"sow-features-list\n\tsow-features-responsive\">\n\n\t\t\t<li\n\t\t\tclass=\"sow-features-feature sow-icon-container-position-right\"\n\t\t\tstyle=\"display: flex; flex-direction: row; width: calc(100% - 25px);\"\n\t\t>\n\t\t\t\n\t\t\t\t\t\t<div\t\t\t\tclass=\"sow-icon-container sow-container-square\"\n\t\t\t\tstyle=\"color: ; \"\n\t\t\t\t\n\t\t\t\t\t\t\t>\n\t\t\t\t\t\t\t\t\t\t<div class=\"sow-icon-image\" style=\"background-image: url(https:\/\/www.fagorautomation.com\/wp-content\/uploads\/fagor_iconos-digital-suite-05.png); font-size: 50px\"><\/div>\n\t\t\t\t\t\t\t\t\t<\/div>\n\n\t\t\t<div class=\"textwidget\">\n\t\t\t\t\n\t\t\t\t\n\t\t\t\t\t\t\t\t\t<div class=\"sow-features-feature-text\">\n\t\t\t\t\t<strong>Solution<\/strong>:\nStandard ou personnalis\u00e9e selon les besoins du client.\t\t\t\t\t<\/div>\n\t\t\t\t\t\t\t\t<\/div>\n\t\t\t\t\t\t\t\t<\/li>\n\n\t<\/ul>\n<\/div><\/div><\/div><div id=\"pgc-w625e92eadeac8-0-1\"  class=\"panel-grid-cell\" ><div id=\"panel-w625e92eadeac8-0-1-0\" class=\"so-panel widget widget_sow-features panel-first-child panel-last-child\" data-index=\"1\" ><div\n\t\t\t\n\t\t\tclass=\"so-widget-sow-features so-widget-sow-features-default-fe136b117c82\"\n\t\t\t\n\t\t><ul\n\tclass=\"sow-features-list\n\tsow-features-responsive\">\n\n\t\t\t<li\n\t\t\tclass=\"sow-features-feature sow-icon-container-position-right\"\n\t\t\tstyle=\"display: flex; flex-direction: row; width: calc(100% - 25px);\"\n\t\t>\n\t\t\t\n\t\t\t\t\t\t<div\t\t\t\tclass=\"sow-icon-container sow-container-square\"\n\t\t\t\tstyle=\"color: ; \"\n\t\t\t\t\n\t\t\t\t\t\t\t>\n\t\t\t\t\t\t\t\t\t\t<div class=\"sow-icon-image\" style=\"background-image: url(https:\/\/www.fagorautomation.com\/wp-content\/uploads\/fagor_iconos-digital-suite-06.png); font-size: 45px\"><\/div>\n\t\t\t\t\t\t\t\t\t<\/div>\n\n\t\t\t<div class=\"textwidget\">\n\t\t\t\t\n\t\t\t\t\n\t\t\t\t\t\t\t\t\t<div class=\"sow-features-feature-text\">\n\t\t\t\t\t<strong>Multi-marques:<\/strong>\nCompatible avec les principales CNC du march\u00e9.\t\t\t\t\t<\/div>\n\t\t\t\t\t\t\t\t<\/div>\n\t\t\t\t\t\t\t\t<\/li>\n\n\t<\/ul>\n<\/div><\/div><\/div><div id=\"pgc-w625e92eadeac8-0-2\"  class=\"panel-grid-cell\" ><div id=\"panel-w625e92eadeac8-0-2-0\" class=\"so-panel widget widget_sow-features panel-first-child panel-last-child\" data-index=\"2\" ><div\n\t\t\t\n\t\t\tclass=\"so-widget-sow-features so-widget-sow-features-default-fe136b117c82\"\n\t\t\t\n\t\t><ul\n\tclass=\"sow-features-list\n\tsow-features-responsive\">\n\n\t\t\t<li\n\t\t\tclass=\"sow-features-feature sow-icon-container-position-right\"\n\t\t\tstyle=\"display: flex; flex-direction: row; width: calc(100% - 25px);\"\n\t\t>\n\t\t\t\n\t\t\t\t\t\t<div\t\t\t\tclass=\"sow-icon-container sow-container-square\"\n\t\t\t\tstyle=\"color: ; \"\n\t\t\t\t\n\t\t\t\t\t\t\t>\n\t\t\t\t\t\t\t\t\t\t<div class=\"sow-icon-image\" style=\"background-image: url(https:\/\/www.fagorautomation.com\/wp-content\/uploads\/fagor_iconos-digital-suite-03.png); font-size: 45px\"><\/div>\n\t\t\t\t\t\t\t\t\t<\/div>\n\n\t\t\t<div class=\"textwidget\">\n\t\t\t\t\n\t\t\t\t\n\t\t\t\t\t\t\t\t\t<div class=\"sow-features-feature-text\">\n\t\t\t\t\t<strong>Multiprotocole:<\/strong>\nOPCUA, UMATI, MTConnet, MQTT, etc.\t\t\t\t\t<\/div>\n\t\t\t\t\t\t\t\t<\/div>\n\t\t\t\t\t\t\t\t<\/li>\n\n\t<\/ul>\n<\/div><\/div><\/div><\/div><div id=\"pg-w625e92eadeac8-1\"  class=\"panel-grid panel-no-style\" ><div id=\"pgc-w625e92eadeac8-1-0\"  class=\"panel-grid-cell\" ><div id=\"panel-w625e92eadeac8-1-0-0\" class=\"so-panel widget widget_sow-features panel-first-child panel-last-child\" data-index=\"3\" ><div\n\t\t\t\n\t\t\tclass=\"so-widget-sow-features so-widget-sow-features-default-fe136b117c82\"\n\t\t\t\n\t\t><ul\n\tclass=\"sow-features-list\n\tsow-features-responsive\">\n\n\t\t\t<li\n\t\t\tclass=\"sow-features-feature sow-icon-container-position-right\"\n\t\t\tstyle=\"display: flex; flex-direction: row; width: calc(100% - 25px);\"\n\t\t>\n\t\t\t\n\t\t\t\t\t\t<div\t\t\t\tclass=\"sow-icon-container sow-container-square\"\n\t\t\t\tstyle=\"color: ; \"\n\t\t\t\t\n\t\t\t\t\t\t\t>\n\t\t\t\t\t\t\t\t\t\t<div class=\"sow-icon-image\" style=\"background-image: url(https:\/\/www.fagorautomation.com\/wp-content\/uploads\/fagor_iconos-digital-suite-04.png); font-size: 45px\"><\/div>\n\t\t\t\t\t\t\t\t\t<\/div>\n\n\t\t\t<div class=\"textwidget\">\n\t\t\t\t\n\t\t\t\t\n\t\t\t\t\t\t\t\t\t<div class=\"sow-features-feature-text\">\n\t\t\t\t\t<strong>Interop\u00e9rabilit\u00e9:<\/strong>\nConnectable avec tous les autres syst\u00e8mes.\t\t\t\t\t<\/div>\n\t\t\t\t\t\t\t\t<\/div>\n\t\t\t\t\t\t\t\t<\/li>\n\n\t<\/ul>\n<\/div><\/div><\/div><div id=\"pgc-w625e92eadeac8-1-1\"  class=\"panel-grid-cell\" ><div id=\"panel-w625e92eadeac8-1-1-0\" class=\"so-panel widget widget_sow-features panel-first-child panel-last-child\" data-index=\"4\" ><div\n\t\t\t\n\t\t\tclass=\"so-widget-sow-features so-widget-sow-features-default-fe136b117c82\"\n\t\t\t\n\t\t><ul\n\tclass=\"sow-features-list\n\tsow-features-responsive\">\n\n\t\t\t<li\n\t\t\tclass=\"sow-features-feature sow-icon-container-position-right\"\n\t\t\tstyle=\"display: flex; flex-direction: row; width: calc(100% - 25px);\"\n\t\t>\n\t\t\t\n\t\t\t\t\t\t<div\t\t\t\tclass=\"sow-icon-container sow-container-square\"\n\t\t\t\tstyle=\"color: ; \"\n\t\t\t\t\n\t\t\t\t\t\t\t>\n\t\t\t\t\t\t\t\t\t\t<div class=\"sow-icon-image\" style=\"background-image: url(https:\/\/www.fagorautomation.com\/wp-content\/uploads\/fagor_iconos-digital-suite-02.png); font-size: 45px\"><\/div>\n\t\t\t\t\t\t\t\t\t<\/div>\n\n\t\t\t<div class=\"textwidget\">\n\t\t\t\t\n\t\t\t\t\n\t\t\t\t\t\t\t\t\t<div class=\"sow-features-feature-text\">\n\t\t\t\t\t<strong>HMIs <\/strong>\nstandard ou personnalis\u00e9s\t\t\t\t\t<\/div>\n\t\t\t\t\t\t\t\t<\/div>\n\t\t\t\t\t\t\t\t<\/li>\n\n\t<\/ul>\n<\/div><\/div><\/div><div id=\"pgc-w625e92eadeac8-1-2\"  class=\"panel-grid-cell\" ><div id=\"panel-w625e92eadeac8-1-2-0\" class=\"so-panel widget widget_sow-features panel-first-child panel-last-child\" data-index=\"5\" ><div\n\t\t\t\n\t\t\tclass=\"so-widget-sow-features so-widget-sow-features-default-fe136b117c82\"\n\t\t\t\n\t\t><ul\n\tclass=\"sow-features-list\n\tsow-features-responsive\">\n\n\t\t\t<li\n\t\t\tclass=\"sow-features-feature sow-icon-container-position-right\"\n\t\t\tstyle=\"display: flex; flex-direction: row; width: calc(100% - 25px);\"\n\t\t>\n\t\t\t\n\t\t\t\t\t\t<div\t\t\t\tclass=\"sow-icon-container sow-container-square\"\n\t\t\t\tstyle=\"color: ; \"\n\t\t\t\t\n\t\t\t\t\t\t\t>\n\t\t\t\t\t\t\t\t\t\t<div class=\"sow-icon-image\" style=\"background-image: url(https:\/\/www.fagorautomation.com\/wp-content\/uploads\/fagor_iconos-digital-suite_mesa-de-trabajo-1.png); font-size: 45px\"><\/div>\n\t\t\t\t\t\t\t\t\t<\/div>\n\n\t\t\t<div class=\"textwidget\">\n\t\t\t\t\n\t\t\t\t\n\t\t\t\t\t\t\t\t\t<div class=\"sow-features-feature-text\">\n\t\t\t\t\t<p><strong>Mise en \u0153uvre rapide<\/strong>, \u00e9volutive en termes d'\u00e9quipements et de fonctionnalit\u00e9s et peu intrusive.<\/p>\n\t\t\t\t\t<\/div>\n\t\t\t\t\t\t\t\t<\/div>\n\t\t\t\t\t\t\t\t<\/li>\n\n\t<\/ul>\n<\/div><\/div><\/div><\/div><div id=\"pg-w625e92eadeac8-2\"  class=\"panel-grid panel-no-style\" ><div id=\"pgc-w625e92eadeac8-2-0\"  class=\"panel-grid-cell\" ><div id=\"panel-w625e92eadeac8-2-0-0\" class=\"so-panel widget widget_sow-features panel-first-child panel-last-child\" data-index=\"6\" ><div\n\t\t\t\n\t\t\tclass=\"so-widget-sow-features so-widget-sow-features-default-fe136b117c82\"\n\t\t\t\n\t\t><ul\n\tclass=\"sow-features-list\n\tsow-features-responsive\">\n\n\t\t\t<li\n\t\t\tclass=\"sow-features-feature sow-icon-container-position-right\"\n\t\t\tstyle=\"display: flex; flex-direction: row; width: calc(100% - 25px);\"\n\t\t>\n\t\t\t\n\t\t\t\t\t\t<div\t\t\t\tclass=\"sow-icon-container sow-container-square\"\n\t\t\t\tstyle=\"color: ; \"\n\t\t\t\t\n\t\t\t\t\t\t\t>\n\t\t\t\t\t\t\t\t\t\t<div class=\"sow-icon-image\" style=\"background-image: url(https:\/\/www.fagorautomation.com\/wp-content\/uploads\/fagor_iconos-digital-suite-07.png); font-size: 45px\"><\/div>\n\t\t\t\t\t\t\t\t\t<\/div>\n\n\t\t\t<div class=\"textwidget\">\n\t\t\t\t\n\t\t\t\t\n\t\t\t\t\t\t\t\t\t<div class=\"sow-features-feature-text\">\n\t\t\t\t\t<strong>Cybers\u00e9curit\u00e9<\/strong>: ISO\/IEC 15408:2009, ISO\/IEC 18045:2008 et CommonCriteria.\t\t\t\t\t<\/div>\n\t\t\t\t\t\t\t\t<\/div>\n\t\t\t\t\t\t\t\t<\/li>\n\n\t<\/ul>\n<\/div><\/div><\/div><div id=\"pgc-w625e92eadeac8-2-1\"  class=\"panel-grid-cell panel-grid-cell-empty panel-grid-cell-mobile-last\" ><\/div><div id=\"pgc-w625e92eadeac8-2-2\"  class=\"panel-grid-cell panel-grid-cell-empty\" ><\/div><\/div><\/div><\/div><\/div><\/div><\/div><div id=\"pg-832423-2\"  class=\"panel-grid panel-has-style\" ><div class=\"aos-init section03 siteorigin-panels-stretch panel-row-style panel-row-style-for-832423-2\" data-aos=\"fade-up\" data-aos-duration=\"600\" data-aos-easing=\"ease-in\" data-aos-delay=\"300\" data-aos-anchor-placement=\"top-bottom\" data-aos-once=\"true\" data-stretch-type=\"full\" ><div id=\"pgc-832423-2-0\"  class=\"panel-grid-cell\" ><div id=\"panel-832423-2-0-0\" class=\"widget_text so-panel widget widget_custom_html panel-first-child\" data-index=\"5\" ><div class=\"widget_text landing-title panel-widget-style panel-widget-style-for-832423-2-0-0\" ><div class=\"textwidget custom-html-widget\"><h2 class=\"landing-red-fagor landing-border-bottom\">02. Orient\u00e9 vers l'utilisateur<\/h2>\n\n<div class=\"intro\"><p>La solution est con\u00e7ue <b>pour les utilisateurs<\/b> qui recherchent des indicateurs pour am\u00e9liorer la disponibilit\u00e9 et l'efficacit\u00e9 de leurs machines, en int\u00e9grant les informations provenant de la machine, du bureau technique, du personnel, de la planification, de la production, etc.<\/p><\/div><\/div><\/div><\/div><div id=\"panel-832423-2-0-1\" class=\"so-panel widget widget_siteorigin-panels-builder panel-last-child\" data-index=\"6\" ><div id=\"pl-w625e92eae0303\"  class=\"panel-layout\" ><div id=\"pg-w625e92eae0303-0\"  class=\"panel-grid panel-no-style\" ><div id=\"pgc-w625e92eae0303-0-0\"  class=\"panel-grid-cell\" ><div id=\"panel-w625e92eae0303-0-0-0\" class=\"so-panel widget widget_sow-editor panel-first-child panel-last-child\" data-index=\"0\" ><div\n\t\t\t\n\t\t\tclass=\"so-widget-sow-editor so-widget-sow-editor-base\"\n\t\t\t\n\t\t>\n<div class=\"siteorigin-widget-tinymce textwidget\">\n\t<ul>\n<li>Les modules qui composent l'offre standard pour l'utilisateur, fournissent des informations pr\u00e9cieuses en temps r\u00e9el et historiques par p\u00e9riodes, \u00e9volution et comparaison dans des domaines tels que : disponibilit\u00e9, efficacit\u00e9, qualit\u00e9, OEE, donn\u00e9es de consommation \u00e9lectrique et \u00e9nerg\u00e9tique, reporting par profils, etc.<\/li>\n<\/ul>\n<\/div>\n<\/div><\/div><\/div><\/div><\/div><\/div><\/div><\/div><\/div><div id=\"pg-832423-3\"  class=\"panel-grid panel-has-style\" ><div class=\"aos-init section02 siteorigin-panels-stretch panel-row-style panel-row-style-for-832423-3\" data-aos=\"fade-up\" data-aos-duration=\"300\" data-aos-easing=\"linear\" data-aos-anchor-placement=\"top-bottom\" data-aos-once=\"true\" data-stretch-type=\"full\" ><div id=\"pgc-832423-3-0\"  class=\"panel-grid-cell\" ><div id=\"panel-832423-3-0-0\" class=\"widget_text so-panel widget widget_custom_html panel-first-child\" data-index=\"7\" ><div class=\"widget_text landing-title panel-widget-style panel-widget-style-for-832423-3-0-0\" ><div class=\"textwidget custom-html-widget\"><h2 class=\"landing-red-fagor landing-border-bottom\">03. Orient\u00e9 fabricant<\/h2>\n\n<div class=\"intro\"><p>La solution <strong>pour les constructeurs de machines <\/strong> qui veulent g\u00e9rer leurs actifs tout en permettant de nouveaux services sur ceux-ci. Une suite d'outils est fournie au fabricant de machines qui permet la cr\u00e9ation de nouveaux produits et services num\u00e9riques:<\/p><\/div><\/div><\/div><\/div><div id=\"panel-832423-3-0-1\" class=\"so-panel widget widget_siteorigin-panels-builder panel-last-child\" data-index=\"8\" ><div id=\"pl-w625e92eae0516\"  class=\"panel-layout\" ><div id=\"pg-w625e92eae0516-0\"  class=\"panel-grid panel-no-style\" ><div id=\"pgc-w625e92eae0516-0-0\"  class=\"panel-grid-cell\" ><div id=\"panel-w625e92eae0516-0-0-0\" class=\"so-panel widget widget_sow-editor panel-first-child panel-last-child\" data-index=\"0\" ><div\n\t\t\t\n\t\t\tclass=\"so-widget-sow-editor so-widget-sow-editor-base\"\n\t\t\t\n\t\t>\n<div class=\"siteorigin-widget-tinymce textwidget\">\n\t<ul>\n<li>Tous les services orient\u00e9s utilisateur : Les fabricants pourront acc\u00e9der \u00e0 tous les modules et fonctionnalit\u00e9s li\u00e9s aux donn\u00e9es de la machine.<\/li>\n<li>Cloud virtuel personnalis\u00e9 avec gestion des actifs, des acc\u00e8s, des utilisateurs, etc.<\/li>\n<li>T\u00e9l\u00e9service et maintenance : Permet l'acc\u00e8s et le diagnostic \u00e0 distance, la gestion des notifications et des alarmes, etc.<\/li>\n<li>La plateforme permet la mise \u00e0 niveau \u00e0 distance des micrologiciels, des automates, etc.<\/li>\n<li>D\u00e9veloppement et administration d'APIs : Permet le d\u00e9veloppement et le d\u00e9ploiement d'applications dans votre parc de machines, avec une gestion globale ou individualis\u00e9e, qui peut \u00eatre orient\u00e9e vers les nouvelles fonctionnalit\u00e9s, la maintenance, etc.<\/li>\n<\/ul>\n<\/div>\n<\/div><\/div><\/div><\/div><\/div><\/div><\/div><\/div><\/div><\/div>","protected":false},"excerpt":{"rendered":"<p>Fagor Digital Suite Decision making made simple Notre solution de num\u00e9risation pour vos machines. FAGOR &#8230; <a title=\"Fagor Digital Suite\" class=\"read-more\" href=\"https:\/\/www.fagorautomation.com\/fr\/fagor-digital-suite\/\" aria-label=\"En savoir plus sur Fagor Digital Suite\"> <\/a><\/p>\n","protected":false},"author":1,"featured_media":952699,"parent":0,"menu_order":0,"comment_status":"closed","ping_status":"closed","template":"","meta":{"_acf_changed":false,"footnotes":""},"categories":[1351],"tags":[],"class_list":{"0":"post-832423","1":"page","2":"type-page","3":"status-publish","4":"has-post-thumbnail","6":"category-landing-page-fr","7":"resize-featured-image"},"acf":[],"wpml_current_locale":"fr_FR","wpml_translations":[{"locale":"en","id":825890,"post_title":"Fagor Digital Suite","href":"https:\/\/www.fagorautomation.com\/en\/fagor-digital-suite\/"},{"locale":"es_ES","id":330,"post_title":"Fagor Digital Suite","href":"https:\/\/www.fagorautomation.com\/es\/fagor-digital-suite\/"},{"locale":"en_US","id":832426,"post_title":"Fagor Digital Suite","href":"https:\/\/www.fagorautomation.com\/en-us\/fagor-digital-suite\/"},{"locale":"it_IT","id":832427,"post_title":"Fagor Digital Suite","href":"https:\/\/www.fagorautomation.com\/it\/fagor-digital-suite\/"},{"locale":"pt_BR","id":832420,"post_title":"Fagor Digital Suite","href":"https:\/\/www.fagorautomation.com\/pt-br\/fagor-digital-suite\/"},{"locale":"pt_PT","id":832421,"post_title":"Fagor Digital Suite","href":"https:\/\/www.fagorautomation.com\/pt-pt\/fagor-digital-suite\/"},{"locale":"de_DE","id":832424,"post_title":"Fagor Digital Suite","href":"https:\/\/www.fagorautomation.com\/de\/fagor-digital-suite\/"},{"locale":"en_IN","id":832425,"post_title":"Fagor Digital Suite","href":"https:\/\/www.fagorautomation.com\/hi\/fagor-digital-suite\/"},{"locale":"ja","id":832428,"post_title":"Fagor Digital Suite","href":"https:\/\/www.fagorautomation.com\/ja\/fagor-digital-suite\/"},{"locale":"eu_ES","id":832422,"post_title":"Fagor Digital Suite","href":"https:\/\/www.fagorautomation.com\/eu\/fagor-digital-suite\/"},{"locale":"zh_CN","id":906366,"post_title":"Digital suite","href":"https:\/\/www.fagorautomation.com\/zh-hans\/digital-suite\/"}],"_links":{"self":[{"href":"https:\/\/www.fagorautomation.com\/fr\/wp-json\/wp\/v2\/pages\/832423","targetHints":{"allow":["GET"]}}],"collection":[{"href":"https:\/\/www.fagorautomation.com\/fr\/wp-json\/wp\/v2\/pages"}],"about":[{"href":"https:\/\/www.fagorautomation.com\/fr\/wp-json\/wp\/v2\/types\/page"}],"author":[{"embeddable":true,"href":"https:\/\/www.fagorautomation.com\/fr\/wp-json\/wp\/v2\/users\/1"}],"replies":[{"embeddable":true,"href":"https:\/\/www.fagorautomation.com\/fr\/wp-json\/wp\/v2\/comments?post=832423"}],"version-history":[{"count":0,"href":"https:\/\/www.fagorautomation.com\/fr\/wp-json\/wp\/v2\/pages\/832423\/revisions"}],"wp:featuredmedia":[{"embeddable":true,"href":"https:\/\/www.fagorautomation.com\/fr\/wp-json\/wp\/v2\/media\/952699"}],"wp:attachment":[{"href":"https:\/\/www.fagorautomation.com\/fr\/wp-json\/wp\/v2\/media?parent=832423"}],"wp:term":[{"taxonomy":"category","embeddable":true,"href":"https:\/\/www.fagorautomation.com\/fr\/wp-json\/wp\/v2\/categories?post=832423"},{"taxonomy":"post_tag","embeddable":true,"href":"https:\/\/www.fagorautomation.com\/fr\/wp-json\/wp\/v2\/tags?post=832423"}],"curies":[{"name":"wp","href":"https:\/\/api.w.org\/{rel}","templated":true}]}}