{"id":832683,"date":"2021-12-01T08:47:20","date_gmt":"2021-12-01T07:47:20","guid":{"rendered":"https:\/\/www.fagorautomation.com\/corporate\/"},"modified":"2022-05-04T22:34:52","modified_gmt":"2022-05-04T21:34:52","slug":"entreprise","status":"publish","type":"page","link":"https:\/\/www.fagorautomation.com\/fr\/entreprise\/","title":{"rendered":"Entreprise"},"content":{"rendered":"<div id=\"pl-832683\"  class=\"panel-layout\" ><div id=\"pg-832683-0\"  class=\"panel-grid panel-has-style\" ><div class=\"empresa-section01 panel-row-style panel-row-style-for-832683-0\" ><div id=\"pgc-832683-0-0\"  class=\"panel-grid-cell\" ><div id=\"panel-832683-0-0-0\" class=\"so-panel widget widget_sow-headline panel-first-child panel-last-child\" data-index=\"0\" ><div\n\t\t\t\n\t\t\tclass=\"so-widget-sow-headline so-widget-sow-headline-default-6b5115c76cdb-832683\"\n\t\t\t\n\t\t><div class=\"sow-headline-container \">\n\t\t\t\t\t\t\t<p class=\"sow-sub-headline\">\n\t\t\t\t\t\t<strong>Fagor Automation<\/strong>  est une entreprise ayant une grande exp\u00e9rience dans le d\u00e9veloppement et la fabrication de produits pour l'automatisation et le contr\u00f4le des machines.\t\t\t\t\t\t<\/p>\n\t\t\t\t\t\t<\/div>\n<\/div><\/div><\/div><div id=\"pgc-832683-0-1\"  class=\"panel-grid-cell\" ><div id=\"panel-832683-0-1-0\" class=\"so-panel widget widget_sow-editor panel-first-child panel-last-child\" data-index=\"1\" ><div\n\t\t\t\n\t\t\tclass=\"so-widget-sow-editor so-widget-sow-editor-base\"\n\t\t\t\n\t\t>\n<div class=\"siteorigin-widget-tinymce textwidget\">\n\t<p>Elle excelle dans sa capacit\u00e9 \u00e0 d\u00e9velopper des logiciels et la versatilit\u00e9 de son processus productif pour offrir des solutions adapt\u00e9es aux besoins de leurs clients.<\/p>\n<p>Historiquement, chez FAGOR AUTOMATION, nous avons concentr\u00e9 nos efforts sur le secteur de la machine-outil o\u00f9 nous sommes l'un des leaders mondiaux. Notre r\u00e9seau technique et commercial diversifi\u00e9 est r\u00e9parti dans plus de 50 pays \u00e0 travers de nombreuses filiales et distributeurs.<\/p>\n<\/div>\n<\/div><\/div><\/div><\/div><\/div><div id=\"pg-832683-1\"  class=\"panel-grid panel-has-style\" ><div class=\"empresa-section02 siteorigin-panels-stretch panel-row-style panel-row-style-for-832683-1\" data-stretch-type=\"full\" ><div id=\"pgc-832683-1-0\"  class=\"panel-grid-cell\" ><div id=\"panel-832683-1-0-0\" class=\"so-panel widget widget_siteorigin-panels-builder panel-first-child panel-last-child\" data-index=\"2\" ><div id=\"pl-w625ea4ea114ac\"  class=\"panel-layout\" ><div id=\"pg-w625ea4ea114ac-0\"  class=\"panel-grid panel-has-style\" ><div class=\"cifras-home panel-row-style panel-row-style-for-w625ea4ea114ac-0\" ><div id=\"pgc-w625ea4ea114ac-0-0\"  class=\"panel-grid-cell\" ><div id=\"panel-w625ea4ea114ac-0-0-0\" class=\"so-panel widget widget_sow-headline panel-first-child\" data-index=\"0\" ><div class=\"panel-widget-style panel-widget-style-for-w625ea4ea114ac-0-0-0\" ><div\n\t\t\t\n\t\t\tclass=\"so-widget-sow-headline so-widget-sow-headline-default-4df8eb182716 so-widget-fittext-wrapper\"\n\t\t\t data-fit-text-compressor=\"0.85\"\n\t\t><div class=\"sow-headline-container \">\n\t\t\t\t\t\t\t<h2 class=\"sow-headline\">\n\t\t\t\t\t\tVaste r\u00e9seau commercial\t\t\t\t\t\t<\/h2>\n\t\t\t\t\t\t<\/div>\n<\/div><\/div><\/div><div id=\"panel-w625ea4ea114ac-0-0-1\" class=\"so-panel widget widget_lsow-odometers panel-last-child\" data-index=\"1\" ><div class=\"cifras panel-widget-style panel-widget-style-for-w625ea4ea114ac-0-0-1\" ><div\n\t\t\t\n\t\t\tclass=\"so-widget-lsow-odometers so-widget-lsow-odometers-default-d75171398898\"\n\t\t\t\n\t\t>\n<div class=\"lsow-odometers lsow-grid-container  lsow-grid-desktop-4 lsow-grid-tablet-2 lsow-grid-mobile-1\"><div class=\"lsow-grid-item lsow-odometer\"><span class=\"lsow-prefix\">+<\/span><div class=\"lsow-number odometer\" data-stop=\"50\">0<\/div><!-- .lsow-number --><div class=\"lsow-stats-title-wrap\"><div class=\"lsow-stats-title\"><span class=\"lsow-icon-wrapper\"><\/span>pays<\/div><\/div><\/div><!-- .lsow-odometer --><div class=\"lsow-grid-item lsow-odometer\"><div class=\"lsow-number odometer\" data-stop=\"4\">0<\/div><!-- .lsow-number --><div class=\"lsow-stats-title-wrap\"><div class=\"lsow-stats-title\"><span class=\"lsow-icon-wrapper\"><\/span>usines de production<\/div><\/div><\/div><!-- .lsow-odometer --><div class=\"lsow-grid-item lsow-odometer\"><span class=\"lsow-prefix\">+<\/span><div class=\"lsow-number odometer\" data-stop=\"30\">0<\/div><!-- .lsow-number --><div class=\"lsow-stats-title-wrap\"><div class=\"lsow-stats-title\"><span class=\"lsow-icon-wrapper\"><\/span>filiales<\/div><\/div><\/div><!-- .lsow-odometer --><div class=\"lsow-grid-item lsow-odometer\"><span class=\"lsow-prefix\">+<\/span><div class=\"lsow-number odometer\" data-stop=\"40\">0<\/div><!-- .lsow-number --><div class=\"lsow-stats-title-wrap\"><div class=\"lsow-stats-title\"><span class=\"lsow-icon-wrapper\"><\/span>distributeurs<\/div><\/div><\/div><!-- .lsow-odometer --><\/div><!-- .lsow-odometers --><div class=\"lsow-clear\"><\/div><\/div><\/div><\/div><\/div><\/div><\/div><div id=\"pg-w625ea4ea114ac-1\"  class=\"panel-grid panel-no-style\" ><div id=\"pgc-w625ea4ea114ac-1-0\"  class=\"panel-grid-cell\" ><div id=\"panel-w625ea4ea114ac-1-0-0\" class=\"so-panel widget widget_sow-button panel-first-child panel-last-child\" data-index=\"2\" ><div\n\t\t\t\n\t\t\tclass=\"so-widget-sow-button so-widget-sow-button-flat-6b127c703005\"\n\t\t\t\n\t\t><div class=\"ow-button-base ow-button-align-center\"\n>\n\t\t\t<a\n\t\t\t\t\thref=\"https:\/\/www.fagorautomation.com\/en\/corporate\/location\/\"\n\t\t\t\t\tclass=\"sowb-button ow-icon-placement-left ow-button-hover\" \t>\n\t\t<span>\n\t\t\t\n\t\t\tRencontrez notre r\u00e9seau commercial\t\t<\/span>\n\t\t\t<\/a>\n\t<\/div>\n<\/div><\/div><\/div><\/div><\/div><\/div><\/div><\/div><\/div><div id=\"pg-832683-2\"  class=\"panel-grid panel-has-style\" ><div class=\"empresa-section03 panel-row-style panel-row-style-for-832683-2\" ><div id=\"pgc-832683-2-0\"  class=\"panel-grid-cell\" ><div id=\"panel-832683-2-0-0\" class=\"so-panel widget widget_sow-image panel-first-child panel-last-child\" data-index=\"3\" ><div class=\"panel-widget-style panel-widget-style-for-832683-2-0-0\" ><div\n\t\t\t\n\t\t\tclass=\"so-widget-sow-image so-widget-sow-image-default-dbf295114b96-832683\"\n\t\t\t\n\t\t>\n<div class=\"sow-image-container\">\n\t\t\t<a href=\"https:\/\/www.mondragon-corporation.com\/en\/\" target=\"_blank\" rel=\"noopener noreferrer nofollow\">\n\t\t\t<img \n\tsrc=\"https:\/\/www.fagorautomation.com\/wp-content\/uploads\/corporacion-mondragon-1.jpg\" width=\"800\" height=\"533\" srcset=\"https:\/\/www.fagorautomation.com\/wp-content\/uploads\/corporacion-mondragon-1.jpg 800w, https:\/\/www.fagorautomation.com\/wp-content\/uploads\/corporacion-mondragon-1-300x200.jpg 300w, https:\/\/www.fagorautomation.com\/wp-content\/uploads\/corporacion-mondragon-1-768x512.jpg 768w, https:\/\/www.fagorautomation.com\/wp-content\/uploads\/corporacion-mondragon-1-272x182.jpg 272w\" sizes=\"(max-width: 800px) 100vw, 800px\" title=\"Corporation MONDRAGON\" alt=\"Corporation MONDRAGON\" \t\tclass=\"so-widget-image\"\/>\n\t\t\t<\/a><\/div>\n\n<\/div><\/div><\/div><\/div><div id=\"pgc-832683-2-1\"  class=\"panel-grid-cell\" ><div id=\"panel-832683-2-1-0\" class=\"so-panel widget widget_sow-headline panel-first-child\" data-index=\"4\" ><div\n\t\t\t\n\t\t\tclass=\"so-widget-sow-headline so-widget-sow-headline-default-b0f25f4fff28-832683 so-widget-fittext-wrapper\"\n\t\t\t data-fit-text-compressor=\"0.85\"\n\t\t><div class=\"sow-headline-container \">\n\t\t\t\t\t\t\t<h2 class=\"sow-headline\">\n\t\t\t\t\t\tCorporation MONDRAGON\t\t\t\t\t\t<\/h2>\n\t\t\t\t\t\t<\/div>\n<\/div><\/div><div id=\"panel-832683-2-1-1\" class=\"so-panel widget widget_sow-editor\" data-index=\"5\" ><div\n\t\t\t\n\t\t\tclass=\"so-widget-sow-editor so-widget-sow-editor-base\"\n\t\t\t\n\t\t>\n<div class=\"siteorigin-widget-tinymce textwidget\">\n\t<p>FAGOR AUTOMATION fait partie de la <strong>Corporation MONDRAGON<\/strong>, le premier groupe d'entreprises basque et le dixi\u00e8me d'Espagne. Il est compos\u00e9 de plus de 260 entreprises et entit\u00e9s structur\u00e9es \u00e0 leur tour en quatre domaines sectoriels : finances, industrie, distribution et connaissance (centres de formation et de R&amp;D).<\/p>\n<\/div>\n<\/div><\/div><div id=\"panel-832683-2-1-2\" class=\"so-panel widget widget_sow-features\" data-index=\"6\" ><div class=\"cifras-mondragon panel-widget-style panel-widget-style-for-832683-2-1-2\" ><div\n\t\t\t\n\t\t\tclass=\"so-widget-sow-features so-widget-sow-features-default-4b689551a4bf-832683\"\n\t\t\t\n\t\t><ul\n\tclass=\"sow-features-list\n\tsow-features-responsive\">\n\n\t\t\t<li\n\t\t\tclass=\"sow-features-feature sow-icon-container-position-top\"\n\t\t\tstyle=\"display: flex; flex-direction: column; width: calc(33.333% - 25px);\"\n\t\t>\n\t\t\t\n\t\t\t\t\t\t<div\t\t\t\tclass=\"sow-icon-container sow-container-none\"\n\t\t\t\tstyle=\"color: ; \"\n\t\t\t\t\n\t\t\t\t\t\t\t>\n\t\t\t\t\t\t\t<\/div>\n\n\t\t\t<div class=\"textwidget\">\n\t\t\t\t\n\t\t\t\t\t\t\t\t\t<h4 class=\"sow-features-feature-title\">\n\t\t\t\t\t\t12.229 M\u20ac\t\t\t\t\t<\/h4>\n\t\t\t\t\n\t\t\t\t\t\t\t\t\t<div class=\"sow-features-feature-text\">\n\t\t\t\t\t<p>Chiffre d'affaires<\/p>\n\t\t\t\t\t<\/div>\n\t\t\t\t\t\t\t\t<\/div>\n\t\t\t\t\t\t\t\t<\/li>\n\n\t\t\t<li\n\t\t\tclass=\"sow-features-feature sow-icon-container-position-top\"\n\t\t\tstyle=\"display: flex; flex-direction: column; width: calc(33.333% - 25px);\"\n\t\t>\n\t\t\t\n\t\t\t\t\t\t<div\t\t\t\tclass=\"sow-icon-container sow-container-none\"\n\t\t\t\tstyle=\"color: ; \"\n\t\t\t\t\n\t\t\t\t\t\t\t>\n\t\t\t\t\t\t\t<\/div>\n\n\t\t\t<div class=\"textwidget\">\n\t\t\t\t\n\t\t\t\t\t\t\t\t\t<h4 class=\"sow-features-feature-title\">\n\t\t\t\t\t\t+250\t\t\t\t\t<\/h4>\n\t\t\t\t\n\t\t\t\t\t\t\t\t\t<div class=\"sow-features-feature-text\">\n\t\t\t\t\t<p>Coop\u00e9ratives:<\/p>\n\t\t\t\t\t<\/div>\n\t\t\t\t\t\t\t\t<\/div>\n\t\t\t\t\t\t\t\t<\/li>\n\n\t\t\t<li\n\t\t\tclass=\"sow-features-feature sow-icon-container-position-top\"\n\t\t\tstyle=\"display: flex; flex-direction: column; width: calc(33.333% - 25px);\"\n\t\t>\n\t\t\t\n\t\t\t\t\t\t<div\t\t\t\tclass=\"sow-icon-container sow-container-none\"\n\t\t\t\tstyle=\"color: ; \"\n\t\t\t\t\n\t\t\t\t\t\t\t>\n\t\t\t\t\t\t\t<\/div>\n\n\t\t\t<div class=\"textwidget\">\n\t\t\t\t\n\t\t\t\t\t\t\t\t\t<h4 class=\"sow-features-feature-title\">\n\t\t\t\t\t\t81.507\t\t\t\t\t<\/h4>\n\t\t\t\t\n\t\t\t\t\t\t\t\t\t<div class=\"sow-features-feature-text\">\n\t\t\t\t\t<p>Personnes<\/p>\n\t\t\t\t\t<\/div>\n\t\t\t\t\t\t\t\t<\/div>\n\t\t\t\t\t\t\t\t<\/li>\n\n\t\t\t<li\n\t\t\tclass=\"sow-features-feature sow-icon-container-position-top\"\n\t\t\tstyle=\"display: flex; flex-direction: column; width: calc(33.333% - 25px);\"\n\t\t>\n\t\t\t\n\t\t\t\t\t\t<div\t\t\t\tclass=\"sow-icon-container sow-container-none\"\n\t\t\t\tstyle=\"color: ; \"\n\t\t\t\t\n\t\t\t\t\t\t\t>\n\t\t\t\t\t\t\t<\/div>\n\n\t\t\t<div class=\"textwidget\">\n\t\t\t\t\n\t\t\t\t\t\t\t\t\t<h4 class=\"sow-features-feature-title\">\n\t\t\t\t\t\t188 M\u20ac\t\t\t\t\t<\/h4>\n\t\t\t\t\n\t\t\t\t\t\t\t\t\t<div class=\"sow-features-feature-text\">\n\t\t\t\t\t<p>d'investissement en R&amp;D:<\/p>\n\t\t\t\t\t<\/div>\n\t\t\t\t\t\t\t\t<\/div>\n\t\t\t\t\t\t\t\t<\/li>\n\n\t\t\t<li\n\t\t\tclass=\"sow-features-feature sow-icon-container-position-top\"\n\t\t\tstyle=\"display: flex; flex-direction: column; width: calc(33.333% - 25px);\"\n\t\t>\n\t\t\t\n\t\t\t\t\t\t<div\t\t\t\tclass=\"sow-icon-container sow-container-none\"\n\t\t\t\tstyle=\"color: ; \"\n\t\t\t\t\n\t\t\t\t\t\t\t>\n\t\t\t\t\t\t\t<\/div>\n\n\t\t\t<div class=\"textwidget\">\n\t\t\t\t\n\t\t\t\t\t\t\t\t\t<h4 class=\"sow-features-feature-title\">\n\t\t\t\t\t\t14\t\t\t\t\t<\/h4>\n\t\t\t\t\n\t\t\t\t\t\t\t\t\t<div class=\"sow-features-feature-text\">\n\t\t\t\t\t<p>centres technologiques<\/p>\n\t\t\t\t\t<\/div>\n\t\t\t\t\t\t\t\t<\/div>\n\t\t\t\t\t\t\t\t<\/li>\n\n\t\t\t<li\n\t\t\tclass=\"sow-features-feature sow-icon-container-position-top\"\n\t\t\tstyle=\"display: flex; flex-direction: column; width: calc(33.333% - 25px);\"\n\t\t>\n\t\t\t\n\t\t\t\t\t\t<div\t\t\t\tclass=\"sow-icon-container sow-container-none\"\n\t\t\t\tstyle=\"color: ; \"\n\t\t\t\t\n\t\t\t\t\t\t\t>\n\t\t\t\t\t\t\t<\/div>\n\n\t\t\t<div class=\"textwidget\">\n\t\t\t\t\n\t\t\t\t\t\t\t\t\t<h4 class=\"sow-features-feature-title\">\n\t\t\t\t\t\t521\t\t\t\t\t<\/h4>\n\t\t\t\t\n\t\t\t\t\t\t\t\t\t<div class=\"sow-features-feature-text\">\n\t\t\t\t\t<p>familles de brevets:<\/p>\n\t\t\t\t\t<\/div>\n\t\t\t\t\t\t\t\t<\/div>\n\t\t\t\t\t\t\t\t<\/li>\n\n\t<\/ul>\n<\/div><\/div><\/div><div id=\"panel-832683-2-1-3\" class=\"so-panel widget widget_sow-button panel-last-child\" data-index=\"7\" ><div\n\t\t\t\n\t\t\tclass=\"so-widget-sow-button so-widget-sow-button-flat-a8e9619a6254-832683\"\n\t\t\t\n\t\t><div class=\"ow-button-base ow-button-align-left\"\n>\n\t\t\t<a href=\"https:\/\/www.mondragon-corporation.com\/en\/\" class=\"sowb-button ow-icon-placement-left ow-button-hover\" target=\"_blank\" rel=\"noopener noreferrer nofollow\">\n\t\t<span>\n\t\t\t\n\t\t\tVisitez le site web\t\t<\/span>\n\t\t\t<\/a>\n\t<\/div>\n<\/div><\/div><\/div><\/div><\/div><div id=\"pg-832683-3\"  class=\"panel-grid panel-has-style\" ><div class=\"empresa-section04 siteorigin-panels-stretch panel-row-style panel-row-style-for-832683-3\" data-stretch-type=\"full\" ><div id=\"pgc-832683-3-0\"  class=\"panel-grid-cell\" ><div class=\"panel-cell-style panel-cell-style-for-832683-3-0\" ><div id=\"panel-832683-3-0-0\" class=\"so-panel widget widget_sow-headline panel-first-child\" data-index=\"8\" ><div class=\"panel-widget-style panel-widget-style-for-832683-3-0-0\" ><div\n\t\t\t\n\t\t\tclass=\"so-widget-sow-headline so-widget-sow-headline-default-0c5ccad63f18-832683 so-widget-fittext-wrapper\"\n\t\t\t data-fit-text-compressor=\"0.85\"\n\t\t><div class=\"sow-headline-container \">\n\t\t\t\t\t\t\t<h2 class=\"sow-headline\">\n\t\t\t\t\t\tProjets de R&amp;D&amp;I\t\t\t\t\t\t<\/h2>\n\t\t\t\t\t\t\t\t\t\t\t\t<p class=\"sow-sub-headline\">\n\t\t\t\t\t\tRecherche, d\u00e9veloppement et innovation\t\t\t\t\t\t<\/p>\n\t\t\t\t\t\t<\/div>\n<\/div><\/div><\/div><div id=\"panel-832683-3-0-1\" class=\"so-panel widget widget_sow-button panel-last-child\" data-index=\"9\" ><div class=\"panel-widget-style panel-widget-style-for-832683-3-0-1\" ><div\n\t\t\t\n\t\t\tclass=\"so-widget-sow-button so-widget-sow-button-flat-e16a275f2f15-832683\"\n\t\t\t\n\t\t><div class=\"ow-button-base ow-button-align-left\"\n>\n\t\t\t<a href=\"https:\/\/www.fagorautomation.com\/en\/rdi-projects\/\" class=\"sowb-button ow-icon-placement-left ow-button-hover\">\n\t\t<span>\n\t\t\t\n\t\t\t+ d'infos\t\t<\/span>\n\t\t\t<\/a>\n\t<\/div>\n<\/div><\/div><\/div><\/div><\/div><\/div><\/div><div id=\"pg-832683-4\"  class=\"panel-grid panel-has-style\" ><div class=\"empresa-section04 siteorigin-panels-stretch panel-row-style panel-row-style-for-832683-4\" data-stretch-type=\"full\" ><div id=\"pgc-832683-4-0\"  class=\"panel-grid-cell\" ><div class=\"panel-cell-style panel-cell-style-for-832683-4-0\" ><div id=\"panel-832683-4-0-0\" class=\"so-panel widget widget_sow-headline panel-first-child\" data-index=\"10\" ><div class=\"panel-widget-style panel-widget-style-for-832683-4-0-0\" ><div\n\t\t\t\n\t\t\tclass=\"so-widget-sow-headline so-widget-sow-headline-default-76191b1f7dd3-832683\"\n\t\t\t\n\t\t><div class=\"sow-headline-container \">\n\t\t\t\t\t\t\t<h2 class=\"sow-headline\">\n\t\t\t\t\t\tA la recherche de talents\t\t\t\t\t\t<\/h2>\n\t\t\t\t\t\t\t\t\t\t\t\t<p class=\"sow-sub-headline\">\n\t\t\t\t\t\tFaites partie de notre \u00e9quipe!\t\t\t\t\t\t<\/p>\n\t\t\t\t\t\t<\/div>\n<\/div><\/div><\/div><div id=\"panel-832683-4-0-1\" class=\"so-panel widget widget_sow-button panel-last-child\" data-index=\"11\" ><div class=\"panel-widget-style panel-widget-style-for-832683-4-0-1\" ><div\n\t\t\t\n\t\t\tclass=\"so-widget-sow-button so-widget-sow-button-flat-0117a1be39d0-832683\"\n\t\t\t\n\t\t><div class=\"ow-button-base ow-button-align-left\"\n>\n\t\t\t<a href=\"https:\/\/www.fagorautomation.com\/en\/corporate\/work-with-us\/\" class=\"sowb-button ow-icon-placement-left ow-button-hover\">\n\t\t<span>\n\t\t\t\n\t\t\t+ d'infos\t\t<\/span>\n\t\t\t<\/a>\n\t<\/div>\n<\/div><\/div><\/div><\/div><\/div><\/div><\/div><div id=\"pg-832683-5\"  class=\"panel-grid panel-has-style\" ><div class=\"empresa-section04 siteorigin-panels-stretch panel-row-style panel-row-style-for-832683-5\" data-stretch-type=\"full\" ><div id=\"pgc-832683-5-0\"  class=\"panel-grid-cell\" ><div class=\"panel-cell-style panel-cell-style-for-832683-5-0\" ><div id=\"panel-832683-5-0-0\" class=\"so-panel widget widget_sow-headline panel-first-child\" data-index=\"12\" ><div class=\"panel-widget-style panel-widget-style-for-832683-5-0-0\" ><div\n\t\t\t\n\t\t\tclass=\"so-widget-sow-headline so-widget-sow-headline-default-44fb90209951-832683 so-widget-fittext-wrapper\"\n\t\t\t data-fit-text-compressor=\"0.85\"\n\t\t><div class=\"sow-headline-container \">\n\t\t\t\t\t\t\t<h2 class=\"sow-headline\">\n\t\t\t\t\t\tQualit\u00e9\t\t\t\t\t\t<\/h2>\n\t\t\t\t\t\t\t\t\t\t\t\t<p class=\"sow-sub-headline\">\n\t\t\t\t\t\tDes produits fiables qui r\u00e9pondent \u00e0 toutes les normes\t\t\t\t\t\t<\/p>\n\t\t\t\t\t\t<\/div>\n<\/div><\/div><\/div><div id=\"panel-832683-5-0-1\" class=\"so-panel widget widget_sow-button panel-last-child\" data-index=\"13\" ><div class=\"panel-widget-style panel-widget-style-for-832683-5-0-1\" ><div\n\t\t\t\n\t\t\tclass=\"so-widget-sow-button so-widget-sow-button-flat-0117a1be39d0-832683\"\n\t\t\t\n\t\t><div class=\"ow-button-base ow-button-align-left\"\n>\n\t\t\t<a href=\"https:\/\/www.fagorautomation.com\/en\/corporate\/quality\/\" class=\"sowb-button ow-icon-placement-left ow-button-hover\">\n\t\t<span>\n\t\t\t\n\t\t\t+ d'infos\t\t<\/span>\n\t\t\t<\/a>\n\t<\/div>\n<\/div><\/div><\/div><\/div><\/div><\/div><\/div><div id=\"pg-832683-6\"  class=\"panel-grid panel-has-style\" ><div class=\"empresa-medios siteorigin-panels-stretch panel-row-style panel-row-style-for-832683-6\" data-stretch-type=\"full\" ><div id=\"pgc-832683-6-0\"  class=\"panel-grid-cell\" ><div class=\"panel-cell-style panel-cell-style-for-832683-6-0\" ><div id=\"panel-832683-6-0-0\" class=\"so-panel widget widget_sow-headline panel-first-child\" data-index=\"14\" ><div class=\"panel-widget-style panel-widget-style-for-832683-6-0-0\" ><div\n\t\t\t\n\t\t\tclass=\"so-widget-sow-headline so-widget-sow-headline-default-0c5ccad63f18-832683 so-widget-fittext-wrapper\"\n\t\t\t data-fit-text-compressor=\"0.85\"\n\t\t><div class=\"sow-headline-container \">\n\t\t\t\t\t\t\t<h2 class=\"sow-headline\">\n\t\t\t\t\t\tM\u00e9dias et presse\t\t\t\t\t\t<\/h2>\n\t\t\t\t\t\t\t\t\t\t\t\t<p class=\"sow-sub-headline\">\n\t\t\t\t\t\tT\u00e9l\u00e9chargez nos logos officiels\t\t\t\t\t\t<\/p>\n\t\t\t\t\t\t<\/div>\n<\/div><\/div><\/div><div id=\"panel-832683-6-0-1\" class=\"so-panel widget widget_sow-button panel-last-child\" data-index=\"15\" ><div class=\"panel-widget-style panel-widget-style-for-832683-6-0-1\" ><div\n\t\t\t\n\t\t\tclass=\"so-widget-sow-button so-widget-sow-button-flat-572deff4db4a-832683\"\n\t\t\t\n\t\t><div class=\"ow-button-base ow-button-align-left\"\n>\n\t\t\t<a href=\"https:\/\/www.fagorautomation.com\/en\/corporate\/media-press\/\" class=\"sowb-button ow-icon-placement-left\">\n\t\t<span>\n\t\t\t\n\t\t\t+ d'infos\t\t<\/span>\n\t\t\t<\/a>\n\t<\/div>\n<\/div><\/div><\/div><\/div><\/div><\/div><\/div><div id=\"pg-832683-7\"  class=\"panel-grid panel-has-style\" ><div class=\"empresa-section04 siteorigin-panels-stretch panel-row-style panel-row-style-for-832683-7\" data-stretch-type=\"full\" ><div id=\"pgc-832683-7-0\"  class=\"panel-grid-cell\" ><div id=\"panel-832683-7-0-0\" class=\"so-panel widget widget_siteorigin-panels-builder panel-first-child panel-last-child\" data-index=\"16\" ><div id=\"pl-w626950b9aee52\"  class=\"panel-layout\" ><div id=\"pg-w626950b9aee52-0\"  class=\"panel-grid panel-no-style\" ><div id=\"pgc-w626950b9aee52-0-0\"  class=\"panel-grid-cell\" ><div id=\"panel-w626950b9aee52-0-0-0\" class=\"so-panel widget widget_sow-headline panel-first-child panel-last-child\" data-index=\"0\" ><div\n\t\t\t\n\t\t\tclass=\"so-widget-sow-headline so-widget-sow-headline-default-e41e1b04151e so-widget-fittext-wrapper\"\n\t\t\t data-fit-text-compressor=\"0.85\"\n\t\t><div class=\"sow-headline-container \">\n\t\t\t\t\t\t\t<h2 class=\"sow-headline\">\n\t\t\t\t\t\tContact avec nous\t\t\t\t\t\t<\/h2>\n\t\t\t\t\t\t\t\t\t\t\t\t<p class=\"sow-sub-headline\">\n\t\t\t\t\t\t\u00c9crivez-nous et nous vous contacterons dans les plus brefs d\u00e9lais...\t\t\t\t\t\t<\/p>\n\t\t\t\t\t\t<\/div>\n<\/div><\/div><\/div><div id=\"pgc-w626950b9aee52-0-1\"  class=\"panel-grid-cell\" ><div id=\"panel-w626950b9aee52-0-1-0\" class=\"so-panel widget widget_sow-editor panel-first-child panel-last-child\" data-index=\"1\" ><div class=\"panel-widget-style panel-widget-style-for-w626950b9aee52-0-1-0\" ><div\n\t\t\t\n\t\t\tclass=\"so-widget-sow-editor so-widget-sow-editor-base\"\n\t\t\t\n\t\t>\n<div class=\"siteorigin-widget-tinymce textwidget\">\n\t\n<div class=\"wpcf7 no-js\" id=\"wpcf7-f836766-o1\" lang=\"en\" dir=\"ltr\" data-wpcf7-id=\"836766\">\n<div class=\"screen-reader-response\"><p role=\"status\" aria-live=\"polite\" aria-atomic=\"true\"><\/p> <ul><\/ul><\/div>\n<form action=\"\/fr\/wp-json\/wp\/v2\/pages\/832683#wpcf7-f836766-o1\" method=\"post\" class=\"wpcf7-form init wpcf7-acceptance-as-validation\" aria-label=\"Formulaire de contact\" novalidate=\"novalidate\" data-status=\"init\">\n<fieldset class=\"hidden-fields-container\"><input type=\"hidden\" name=\"_wpcf7\" value=\"836766\" \/><input type=\"hidden\" name=\"_wpcf7_version\" value=\"6.1.5\" \/><input type=\"hidden\" name=\"_wpcf7_locale\" value=\"en\" \/><input type=\"hidden\" name=\"_wpcf7_unit_tag\" value=\"wpcf7-f836766-o1\" \/><input type=\"hidden\" name=\"_wpcf7_container_post\" value=\"0\" \/><input type=\"hidden\" name=\"_wpcf7_posted_data_hash\" value=\"\" \/>\n<\/fieldset>\n<div class=\"form-empresa\">\n\t<h3>Vos donn\u00e9es:\n\t<\/h3>\n\t<p><label><span class=\"wpcf7-form-control-wrap\" data-name=\"your-name\"><input size=\"40\" maxlength=\"400\" class=\"wpcf7-form-control wpcf7-text wpcf7-validates-as-required\" autocomplete=\"name\" aria-required=\"true\" aria-invalid=\"false\" placeholder=\"Nom\" value=\"\" type=\"text\" name=\"your-name\" \/><\/span><\/label>\n\t<\/p>\n\t<p><label><span class=\"wpcf7-form-control-wrap\" data-name=\"your-email\"><input size=\"40\" maxlength=\"400\" class=\"wpcf7-form-control wpcf7-email wpcf7-validates-as-required wpcf7-text wpcf7-validates-as-email\" autocomplete=\"email\" aria-required=\"true\" aria-invalid=\"false\" placeholder=\"Courriel\" value=\"\" type=\"email\" name=\"your-email\" \/><\/span><\/label>\n\t<\/p>\n\t<p><label><span class=\"wpcf7-form-control-wrap\" data-name=\"acceptance-84\"><span class=\"wpcf7-form-control wpcf7-acceptance\"><span class=\"wpcf7-list-item\"><input type=\"checkbox\" name=\"acceptance-84\" value=\"1\" aria-invalid=\"false\" \/><\/span><\/span><\/span> J'ai lu et j'accepte <a href=\"\/fr\/avis-juridique\/\" target=\"_blank\" style=\"color:#efefef;\">les conditions d'utilisation<\/a> et la <a href=\"\/fr\/politique-de-confidentialite\/\" target=\"_blank\" style=\"color:#efefef;\">politique de confidentialit\u00e9.<\/a><\/label>\n\t<\/p>\n\t<p><input class=\"wpcf7-form-control wpcf7-submit has-spinner submit-empresa\" type=\"submit\" value=\"Contact \u2192\" \/>\n\t<\/p>\n<\/div><p style=\"display: none !important;\" class=\"akismet-fields-container\" data-prefix=\"_wpcf7_ak_\"><label>&#916;<textarea name=\"_wpcf7_ak_hp_textarea\" cols=\"45\" rows=\"8\" maxlength=\"100\"><\/textarea><\/label><input type=\"hidden\" id=\"ak_js_1\" name=\"_wpcf7_ak_js\" value=\"65\"\/><script>document.getElementById( \"ak_js_1\" ).setAttribute( \"value\", ( new Date() ).getTime() );<\/script><\/p><div class=\"wpcf7-response-output\" aria-hidden=\"true\"><\/div>\n<\/form>\n<\/div>\n\n<\/div>\n<\/div><\/div><\/div><\/div><\/div><\/div><\/div><\/div><\/div><\/div><\/div>","protected":false},"excerpt":{"rendered":"<p>Elle excelle dans sa capacit\u00e9 \u00e0 d\u00e9velopper des logiciels et la versatilit\u00e9 de son processus &#8230; <a title=\"Entreprise\" class=\"read-more\" href=\"https:\/\/www.fagorautomation.com\/fr\/entreprise\/\" aria-label=\"En savoir plus sur Entreprise\"> <\/a><\/p>\n","protected":false},"author":1,"featured_media":0,"parent":0,"menu_order":0,"comment_status":"closed","ping_status":"closed","template":"","meta":{"_acf_changed":false,"footnotes":""},"categories":[1351,1330],"tags":[],"class_list":{"0":"post-832683","1":"page","2":"type-page","3":"status-publish","5":"category-landing-page-fr","6":"category-menu-empresa-fr"},"acf":[],"wpml_current_locale":"fr_FR","wpml_translations":[{"locale":"en","id":820922,"post_title":"Corporate","href":"https:\/\/www.fagorautomation.com\/en\/corporate\/"},{"locale":"es_ES","id":226,"post_title":"Corporativo","href":"https:\/\/www.fagorautomation.com\/es\/corporativo\/"},{"locale":"en_US","id":832686,"post_title":"Corporate","href":"https:\/\/www.fagorautomation.com\/en-us\/corporate\/"},{"locale":"it_IT","id":832687,"post_title":"Corporate","href":"https:\/\/www.fagorautomation.com\/it\/corporate\/"},{"locale":"pt_BR","id":832680,"post_title":"Corporativo","href":"https:\/\/www.fagorautomation.com\/pt-br\/corporativo\/"},{"locale":"pt_PT","id":832681,"post_title":"Corporativo","href":"https:\/\/www.fagorautomation.com\/pt-pt\/corporativo\/"},{"locale":"de_DE","id":832684,"post_title":"Kooperative","href":"https:\/\/www.fagorautomation.com\/de\/kooperative\/"},{"locale":"en_IN","id":832685,"post_title":"Corporate","href":"https:\/\/www.fagorautomation.com\/hi\/corporate\/"},{"locale":"ja","id":832688,"post_title":"\u30b3\u30fc\u30dd\u30ec\u30fc\u30c8","href":"https:\/\/www.fagorautomation.com\/ja\/%e3%82%b3%e3%83%bc%e3%83%9d%e3%83%ac%e3%83%bc%e3%83%88\/"},{"locale":"eu_ES","id":832682,"post_title":"Korporatiboa","href":"https:\/\/www.fagorautomation.com\/eu\/korporatiboa\/"},{"locale":"zh_CN","id":906370,"post_title":"\u516c\u53f8\u7b80\u4ecb","href":"https:\/\/www.fagorautomation.com\/zh-hans\/%e5%85%ac%e5%8f%b8%e7%ae%80%e4%bb%8b\/"}],"_links":{"self":[{"href":"https:\/\/www.fagorautomation.com\/fr\/wp-json\/wp\/v2\/pages\/832683","targetHints":{"allow":["GET"]}}],"collection":[{"href":"https:\/\/www.fagorautomation.com\/fr\/wp-json\/wp\/v2\/pages"}],"about":[{"href":"https:\/\/www.fagorautomation.com\/fr\/wp-json\/wp\/v2\/types\/page"}],"author":[{"embeddable":true,"href":"https:\/\/www.fagorautomation.com\/fr\/wp-json\/wp\/v2\/users\/1"}],"replies":[{"embeddable":true,"href":"https:\/\/www.fagorautomation.com\/fr\/wp-json\/wp\/v2\/comments?post=832683"}],"version-history":[{"count":0,"href":"https:\/\/www.fagorautomation.com\/fr\/wp-json\/wp\/v2\/pages\/832683\/revisions"}],"wp:attachment":[{"href":"https:\/\/www.fagorautomation.com\/fr\/wp-json\/wp\/v2\/media?parent=832683"}],"wp:term":[{"taxonomy":"category","embeddable":true,"href":"https:\/\/www.fagorautomation.com\/fr\/wp-json\/wp\/v2\/categories?post=832683"},{"taxonomy":"post_tag","embeddable":true,"href":"https:\/\/www.fagorautomation.com\/fr\/wp-json\/wp\/v2\/tags?post=832683"}],"curies":[{"name":"wp","href":"https:\/\/api.w.org\/{rel}","templated":true}]}}