{"id":17111,"date":"2021-12-10T08:20:08","date_gmt":"2021-12-10T08:20:08","guid":{"rendered":"https:\/\/www.fagorautomation.com\/aviso-legal\/"},"modified":"2022-04-13T16:41:03","modified_gmt":"2022-04-13T15:41:03","slug":"informazioni-legali","status":"publish","type":"page","link":"https:\/\/www.fagorautomation.com\/it\/informazioni-legali\/","title":{"rendered":"Informazioni legali"},"content":{"rendered":"<p>I diritti di propriet\u00e0 intellettuale del sito fagorautomation.com e dei vari elementi in esso contenuti sono di titolarit\u00e0 di Fagor Automation Sociedad Cooperativa.<\/p>\n<p>I testi, la normativa e in generale ogni informazione contenuta nelle pagine di questo sito hanno carattere meramente informativo, per cui si suggerisce di verificare la validit\u00e0 e l\u00b4esattezza dei dati presso le rispettive fonti ufficiali.<\/p>\n<p>Fagor Automation Sociedad Cooperativa si riserva il diritto di effettuare cambiamenti sul sito senza preavviso, allo scopo di aggiornare, correggere, modificare, aggiungere o eliminare i contenuti del sito o il suo disegno.<\/p>\n<p>Fagor Automation Sociedad Cooperativa non garantisce l\u00b4inesistenza di errori nell\u00b4accesso al sito, nel suo contenuto, o che esso sia adeguatamente aggiornato, pur realizzando gli sforzi necessari per evitarli ed eventualmente risanarli o aggiornarli nel minor tempo possibile.<\/p>\n<p>Sia l\u00b4accesso al sito sia l\u00b4uso che si far\u00e0 delle informazioni contenute nello stesso, sono responsabilit\u00e0 esclusiva degli utenti. Fagor Automation Sociedad Cooperativa non risponder\u00e0 di nessuna conseguenza, danno o pregiudizio eventualmente derivante da tale accesso o uso d\u00b4informazione, fatta eccezione per le azioni risultanti dall\u00b4applicazione delle disposizioni legali alle quali essa \u00e8 tenuta nello stretto esercizio delle proprie competenze.<\/p>\n","protected":false},"excerpt":{"rendered":"<p>I diritti di propriet\u00e0 intellettuale del sito fagorautomation.com e dei vari elementi in esso contenuti &#8230; <a title=\"Informazioni legali\" class=\"read-more\" href=\"https:\/\/www.fagorautomation.com\/it\/informazioni-legali\/\" aria-label=\"Per saperne di pi\u00f9 su Informazioni legali\"> <\/a><\/p>\n","protected":false},"author":1,"featured_media":0,"parent":0,"menu_order":0,"comment_status":"closed","ping_status":"closed","template":"","meta":{"_acf_changed":false,"footnotes":""},"categories":[1289],"tags":[],"class_list":{"0":"post-17111","1":"page","2":"type-page","3":"status-publish","5":"category-page-title-franja-red-it"},"acf":[],"wpml_current_locale":"it_IT","wpml_translations":[{"locale":"en","id":17106,"post_title":"Legal disclaimer","href":"https:\/\/www.fagorautomation.com\/en\/legal-disclaimer\/"},{"locale":"es_ES","id":17088,"post_title":"Aviso legal","href":"https:\/\/www.fagorautomation.com\/es\/aviso-legal\/"},{"locale":"en_US","id":17110,"post_title":"Legal disclaimer","href":"https:\/\/www.fagorautomation.com\/en-us\/legal-disclaimer\/"},{"locale":"fr_FR","id":17107,"post_title":"Avis juridique","href":"https:\/\/www.fagorautomation.com\/fr\/avis-juridique\/"},{"locale":"pt_BR","id":17113,"post_title":"Aviso legal","href":"https:\/\/www.fagorautomation.com\/pt-br\/aviso-legal\/"},{"locale":"pt_PT","id":17114,"post_title":"Aviso legal","href":"https:\/\/www.fagorautomation.com\/pt-pt\/aviso-legal\/"},{"locale":"de_DE","id":17108,"post_title":"Impressum","href":"https:\/\/www.fagorautomation.com\/de\/impressum\/"},{"locale":"en_IN","id":17109,"post_title":"Legal disclaimer","href":"https:\/\/www.fagorautomation.com\/hi\/legal-disclaimer\/"},{"locale":"ja","id":17112,"post_title":"\u6cd5\u7684\u901a\u77e5","href":"https:\/\/www.fagorautomation.com\/ja\/%e6%b3%95%e7%9a%84%e9%80%9a%e7%9f%a5\/"},{"locale":"eu_ES","id":17105,"post_title":"Lege Oharra","href":"https:\/\/www.fagorautomation.com\/eu\/lege-oharra\/"},{"locale":"zh_CN","id":909806,"post_title":"Legal disclaimer","href":"https:\/\/www.fagorautomation.com\/zh-hans\/legal-disclaimer\/"}],"_links":{"self":[{"href":"https:\/\/www.fagorautomation.com\/it\/wp-json\/wp\/v2\/pages\/17111","targetHints":{"allow":["GET"]}}],"collection":[{"href":"https:\/\/www.fagorautomation.com\/it\/wp-json\/wp\/v2\/pages"}],"about":[{"href":"https:\/\/www.fagorautomation.com\/it\/wp-json\/wp\/v2\/types\/page"}],"author":[{"embeddable":true,"href":"https:\/\/www.fagorautomation.com\/it\/wp-json\/wp\/v2\/users\/1"}],"replies":[{"embeddable":true,"href":"https:\/\/www.fagorautomation.com\/it\/wp-json\/wp\/v2\/comments?post=17111"}],"version-history":[{"count":0,"href":"https:\/\/www.fagorautomation.com\/it\/wp-json\/wp\/v2\/pages\/17111\/revisions"}],"wp:attachment":[{"href":"https:\/\/www.fagorautomation.com\/it\/wp-json\/wp\/v2\/media?parent=17111"}],"wp:term":[{"taxonomy":"category","embeddable":true,"href":"https:\/\/www.fagorautomation.com\/it\/wp-json\/wp\/v2\/categories?post=17111"},{"taxonomy":"post_tag","embeddable":true,"href":"https:\/\/www.fagorautomation.com\/it\/wp-json\/wp\/v2\/tags?post=17111"}],"curies":[{"name":"wp","href":"https:\/\/api.w.org\/{rel}","templated":true}]}}