{"id":832581,"date":"2021-12-02T09:03:21","date_gmt":"2021-12-02T09:03:21","guid":{"rendered":"https:\/\/www.fagorautomation.com\/services\/upgrade-and-retrofits-upgrade-retrofit\/"},"modified":"2022-11-04T09:12:09","modified_gmt":"2022-11-04T08:12:09","slug":"upgrade-and-retrofits-upgrade-retrofit","status":"publish","type":"page","link":"https:\/\/www.fagorautomation.com\/ja\/%e3%82%b5%e3%83%bc%e3%83%93%e3%82%b9\/upgrade-and-retrofits-upgrade-retrofit\/","title":{"rendered":"\u30a2\u30c3\u30d7\u30b0\u30ec\u30fc\u30c9\u3068\u30ec\u30c8\u30ed\u30d5\u30a3\u30c3\u30c8 (\u30a2\u30c3\u30d7\u30b0\u30ec\u30fc\u30c9\/\u30ec\u30c8\u30ed\u30d5\u30a3\u30c3\u30c8)"},"content":{"rendered":"<div id=\"pl-832581\"  class=\"panel-layout\" ><div id=\"pg-832581-0\"  class=\"panel-grid panel-no-style\" ><div id=\"pgc-832581-0-0\"  class=\"panel-grid-cell\" ><div id=\"panel-832581-0-0-0\" class=\"so-panel widget widget_sow-editor panel-first-child\" data-index=\"0\" ><div\n\t\t\t\n\t\t\tclass=\"so-widget-sow-editor so-widget-sow-editor-base\"\n\t\t\t\n\t\t>\n<div class=\"siteorigin-widget-tinymce textwidget\">\n\t<p>Fagor Automation \u306f\u3001\u88fd\u54c1\u5bff\u547d\u3092\u901a\u3058\u3066\u6295\u8cc7\u3092\u6700\u5927\u9650\u306b\u6d3b\u7528\u3059\u308b\u306e\u306b\u5f79\u7acb\u3061\u3001\u3088\u308a\u53ce\u76ca\u6027\u304c\u9ad8\u304f\u3001\u3088\u308a\u9ad8\u901f\u3067\u3001\u4fe1\u983c\u6027\u304c\u9ad8\u304f\u3001\u4f7f\u3044\u3084\u3059\u3044\u3082\u306e\u306b\u3057\u307e\u3059\u3002<\/p>\n<\/div>\n<\/div><\/div><div id=\"panel-832581-0-0-1\" class=\"so-panel widget widget_sow-features panel-last-child\" data-index=\"1\" ><div\n\t\t\t\n\t\t\tclass=\"so-widget-sow-features so-widget-sow-features-default-471311f58d43-832581\"\n\t\t\t\n\t\t><ul\n\tclass=\"sow-features-list\n\tsow-features-responsive\">\n\n\t\t\t<li\n\t\t\tclass=\"sow-features-feature sow-icon-container-position-right\"\n\t\t\tstyle=\"display: flex; flex-direction: row; width: calc(100% - 25px);\"\n\t\t>\n\t\t\t\n\t\t\t\t\t\t<div\t\t\t\tclass=\"sow-icon-container sow-container-square\"\n\t\t\t\tstyle=\"color: ; \"\n\t\t\t\t\n\t\t\t\t\t\t\t>\n\t\t\t\t<span class=\"sow-icon-fontawesome sow-fas\" data-sow-icon=\"&#xf00c;\"\n\t\tstyle=\"font-size: 20px; color: #e1081d\" \n\t\taria-hidden=\"true\"><\/span>\t\t\t<\/div>\n\n\t\t\t<div class=\"textwidget\">\n\t\t\t\t\n\t\t\t\t\n\t\t\t\t\t\t\t\t\t<div class=\"sow-features-feature-text\">\n\t\t\t\t\t<p>\u6a5f\u68b0\u306e\u751f\u7523\u6027\u3092\u6700\u5927\u5316\u3057\u307e\u3059\u3002<\/p>\n\t\t\t\t\t<\/div>\n\t\t\t\t\t\t\t\t<\/div>\n\t\t\t\t\t\t\t\t<\/li>\n\n\t\t\t<li\n\t\t\tclass=\"sow-features-feature sow-icon-container-position-right\"\n\t\t\tstyle=\"display: flex; flex-direction: row; width: calc(100% - 25px);\"\n\t\t>\n\t\t\t\n\t\t\t\t\t\t<div\t\t\t\tclass=\"sow-icon-container sow-container-square\"\n\t\t\t\tstyle=\"color: ; \"\n\t\t\t\t\n\t\t\t\t\t\t\t>\n\t\t\t\t<span class=\"sow-icon-fontawesome sow-fas\" data-sow-icon=\"&#xf00c;\"\n\t\tstyle=\"font-size: 20px; color: #e1081d\" \n\t\taria-hidden=\"true\"><\/span>\t\t\t<\/div>\n\n\t\t\t<div class=\"textwidget\">\n\t\t\t\t\n\t\t\t\t\n\t\t\t\t\t\t\t\t\t<div class=\"sow-features-feature-text\">\n\t\t\t\t\t<p>\u52b9\u7387\u3092\u6539\u5584\u3057\u307e\u3059\u3002<\/p>\n\t\t\t\t\t<\/div>\n\t\t\t\t\t\t\t\t<\/div>\n\t\t\t\t\t\t\t\t<\/li>\n\n\t\t\t<li\n\t\t\tclass=\"sow-features-feature sow-icon-container-position-right\"\n\t\t\tstyle=\"display: flex; flex-direction: row; width: calc(100% - 25px);\"\n\t\t>\n\t\t\t\n\t\t\t\t\t\t<div\t\t\t\tclass=\"sow-icon-container sow-container-square\"\n\t\t\t\tstyle=\"color: ; \"\n\t\t\t\t\n\t\t\t\t\t\t\t>\n\t\t\t\t<span class=\"sow-icon-fontawesome sow-fas\" data-sow-icon=\"&#xf00c;\"\n\t\tstyle=\"font-size: 20px; color: #e1081d\" \n\t\taria-hidden=\"true\"><\/span>\t\t\t<\/div>\n\n\t\t\t<div class=\"textwidget\">\n\t\t\t\t\n\t\t\t\t\n\t\t\t\t\t\t\t\t\t<div class=\"sow-features-feature-text\">\n\t\t\t\t\t<p>\u4fe1\u983c\u6027\u3092\u9ad8\u3081\u307e\u3059\u3002<\/p>\n\t\t\t\t\t<\/div>\n\t\t\t\t\t\t\t\t<\/div>\n\t\t\t\t\t\t\t\t<\/li>\n\n\t\t\t<li\n\t\t\tclass=\"sow-features-feature sow-icon-container-position-right\"\n\t\t\tstyle=\"display: flex; flex-direction: row; width: calc(100% - 25px);\"\n\t\t>\n\t\t\t\n\t\t\t\t\t\t<div\t\t\t\tclass=\"sow-icon-container sow-container-square\"\n\t\t\t\tstyle=\"color: ; \"\n\t\t\t\t\n\t\t\t\t\t\t\t>\n\t\t\t\t<span class=\"sow-icon-fontawesome sow-fas\" data-sow-icon=\"&#xf00c;\"\n\t\tstyle=\"font-size: 20px; color: #e1081d\" \n\t\taria-hidden=\"true\"><\/span>\t\t\t<\/div>\n\n\t\t\t<div class=\"textwidget\">\n\t\t\t\t\n\t\t\t\t\n\t\t\t\t\t\t\t\t\t<div class=\"sow-features-feature-text\">\n\t\t\t\t\t<p>\u6a5f\u5668\u3068\u4f5c\u696d\u74b0\u5883\u3092\u8fd1\u4ee3\u5316\u3057\u307e\u3059\u3002<\/p>\n\t\t\t\t\t<\/div>\n\t\t\t\t\t\t\t\t<\/div>\n\t\t\t\t\t\t\t\t<\/li>\n\n\t\t\t<li\n\t\t\tclass=\"sow-features-feature sow-icon-container-position-right\"\n\t\t\tstyle=\"display: flex; flex-direction: row; width: calc(100% - 25px);\"\n\t\t>\n\t\t\t\n\t\t\t\t\t\t<div\t\t\t\tclass=\"sow-icon-container sow-container-square\"\n\t\t\t\tstyle=\"color: ; \"\n\t\t\t\t\n\t\t\t\t\t\t\t>\n\t\t\t\t<span class=\"sow-icon-fontawesome sow-fas\" data-sow-icon=\"&#xf00c;\"\n\t\tstyle=\"font-size: 20px; color: #e1081d\" \n\t\taria-hidden=\"true\"><\/span>\t\t\t<\/div>\n\n\t\t\t<div class=\"textwidget\">\n\t\t\t\t\n\t\t\t\t\n\t\t\t\t\t\t\t\t\t<div class=\"sow-features-feature-text\">\n\t\t\t\t\t<p>\u30e1\u30f3\u30c6\u30ca\u30f3\u30b9\u30b3\u30b9\u30c8\u3092\u524a\u6e1b\u3057\u307e\u3059\u3002<\/p>\n\t\t\t\t\t<\/div>\n\t\t\t\t\t\t\t\t<\/div>\n\t\t\t\t\t\t\t\t<\/li>\n\n\t<\/ul>\n<\/div><\/div><\/div><div id=\"pgc-832581-0-1\"  class=\"panel-grid-cell\" ><div id=\"panel-832581-0-1-0\" class=\"so-panel widget widget_sow-image panel-first-child panel-last-child\" data-index=\"2\" ><div\n\t\t\t\n\t\t\tclass=\"so-widget-sow-image so-widget-sow-image-default-dbf295114b96-832581\"\n\t\t\t\n\t\t>\n<div class=\"sow-image-container\">\n\t\t<img \n\tsrc=\"https:\/\/www.fagorautomation.com\/wp-content\/uploads\/actualizacion-reconversion-3-2.jpg\" width=\"350\" height=\"202\" srcset=\"https:\/\/www.fagorautomation.com\/wp-content\/uploads\/actualizacion-reconversion-3-2.jpg 350w, https:\/\/www.fagorautomation.com\/wp-content\/uploads\/actualizacion-reconversion-3-2-300x173.jpg 300w\" sizes=\"(max-width: 350px) 100vw, 350px\" title=\"Upgrade and Retrofits (Upgrade \/ Retrofit)\" alt=\"Upgrade and Retrofits (Upgrade \/ Retrofit)\" \t\tclass=\"so-widget-image\"\/>\n\t<\/div>\n\n<\/div><\/div><\/div><\/div><div id=\"pg-832581-1\"  class=\"panel-grid panel-no-style\" ><div id=\"pgc-832581-1-0\"  class=\"panel-grid-cell\" ><div id=\"panel-832581-1-0-0\" class=\"so-panel widget widget_sow-editor panel-first-child\" data-index=\"3\" ><div\n\t\t\t\n\t\t\tclass=\"so-widget-sow-editor so-widget-sow-editor-base\"\n\t\t\t\n\t\t>\n<div class=\"siteorigin-widget-tinymce textwidget\">\n\t<p>\u4ee5\u4e0b\u306b\u3064\u3044\u3066\u306f\u3001\u6a5f\u68b0\u30e1\u30fc\u30ab\u30fc\u307e\u305f\u306f Fagor Automation \u306b\u76f4\u63a5\u304a\u554f\u3044\u5408\u308f\u305b\u304f\u3060\u3055\u3044\u3002<\/p>\n<\/div>\n<\/div><\/div><div id=\"panel-832581-1-0-1\" class=\"so-panel widget widget_sow-features panel-last-child\" data-index=\"4\" ><div\n\t\t\t\n\t\t\tclass=\"so-widget-sow-features so-widget-sow-features-default-471311f58d43-832581\"\n\t\t\t\n\t\t><ul\n\tclass=\"sow-features-list\n\tsow-features-responsive\">\n\n\t\t\t<li\n\t\t\tclass=\"sow-features-feature sow-icon-container-position-right\"\n\t\t\tstyle=\"display: flex; flex-direction: row; width: calc(100% - 25px);\"\n\t\t>\n\t\t\t\n\t\t\t\t\t\t<div\t\t\t\tclass=\"sow-icon-container sow-container-square\"\n\t\t\t\tstyle=\"color: ; \"\n\t\t\t\t\n\t\t\t\t\t\t\t>\n\t\t\t\t<span class=\"sow-icon-fontawesome sow-fas\" data-sow-icon=\"&#xf00c;\"\n\t\tstyle=\"font-size: 20px; color: #e1081d\" \n\t\taria-hidden=\"true\"><\/span>\t\t\t<\/div>\n\n\t\t\t<div class=\"textwidget\">\n\t\t\t\t\n\t\t\t\t\n\t\t\t\t\t\t\t\t\t<div class=\"sow-features-feature-text\">\n\t\t\t\t\t<p>\u6539\u9020 - \u6a5f\u68b0\u306e\u6539\u9020<\/p>\n\t\t\t\t\t<\/div>\n\t\t\t\t\t\t\t\t<\/div>\n\t\t\t\t\t\t\t\t<\/li>\n\n\t\t\t<li\n\t\t\tclass=\"sow-features-feature sow-icon-container-position-right\"\n\t\t\tstyle=\"display: flex; flex-direction: row; width: calc(100% - 25px);\"\n\t\t>\n\t\t\t\n\t\t\t\t\t\t<div\t\t\t\tclass=\"sow-icon-container sow-container-square\"\n\t\t\t\tstyle=\"color: ; \"\n\t\t\t\t\n\t\t\t\t\t\t\t>\n\t\t\t\t<span class=\"sow-icon-fontawesome sow-fas\" data-sow-icon=\"&#xf00c;\"\n\t\tstyle=\"font-size: 20px; color: #e1081d\" \n\t\taria-hidden=\"true\"><\/span>\t\t\t<\/div>\n\n\t\t\t<div class=\"textwidget\">\n\t\t\t\t\n\t\t\t\t\n\t\t\t\t\t\t\t\t\t<div class=\"sow-features-feature-text\">\n\t\t\t\t\t<p>CNC\u6a5f\u5668\u306e\u30a2\u30c3\u30d7\u30b0\u30ec\u30fc\u30c9<\/p>\n\t\t\t\t\t<\/div>\n\t\t\t\t\t\t\t\t<\/div>\n\t\t\t\t\t\t\t\t<\/li>\n\n\t\t\t<li\n\t\t\tclass=\"sow-features-feature sow-icon-container-position-right\"\n\t\t\tstyle=\"display: flex; flex-direction: row; width: calc(100% - 25px);\"\n\t\t>\n\t\t\t\n\t\t\t\t\t\t<div\t\t\t\tclass=\"sow-icon-container sow-container-square\"\n\t\t\t\tstyle=\"color: ; \"\n\t\t\t\t\n\t\t\t\t\t\t\t>\n\t\t\t\t<span class=\"sow-icon-fontawesome sow-fas\" data-sow-icon=\"&#xf00c;\"\n\t\tstyle=\"font-size: 20px; color: #e1081d\" \n\t\taria-hidden=\"true\"><\/span>\t\t\t<\/div>\n\n\t\t\t<div class=\"textwidget\">\n\t\t\t\t\n\t\t\t\t\n\t\t\t\t\t\t\t\t\t<div class=\"sow-features-feature-text\">\n\t\t\t\t\t<p>\u6a5f\u68b0\u306e\u30aa\u30fc\u30d0\u30fc\u30db\u30fc\u30eb\u3068\u6700\u9069\u5316<\/p>\n\t\t\t\t\t<\/div>\n\t\t\t\t\t\t\t\t<\/div>\n\t\t\t\t\t\t\t\t<\/li>\n\n\t<\/ul>\n<\/div><\/div><\/div><div id=\"pgc-832581-1-1\"  class=\"panel-grid-cell\" ><div id=\"panel-832581-1-1-0\" class=\"so-panel widget widget_sow-image panel-first-child panel-last-child\" data-index=\"5\" ><div\n\t\t\t\n\t\t\tclass=\"so-widget-sow-image so-widget-sow-image-default-dbf295114b96-832581\"\n\t\t\t\n\t\t>\n<div class=\"sow-image-container\">\n\t\t<img \n\tsrc=\"https:\/\/www.fagorautomation.com\/wp-content\/uploads\/revision-maquina-2-3.jpg\" width=\"350\" height=\"202\" srcset=\"https:\/\/www.fagorautomation.com\/wp-content\/uploads\/revision-maquina-2-3.jpg 350w, https:\/\/www.fagorautomation.com\/wp-content\/uploads\/revision-maquina-2-3-300x173.jpg 300w\" sizes=\"(max-width: 350px) 100vw, 350px\" title=\"Actualizaci\u00f3n y reconversiones (Upgrade \/ Retrofit)\" alt=\"Actualizaci\u00f3n y reconversiones (Upgrade \/ Retrofit)\" \t\tclass=\"so-widget-image\"\/>\n\t<\/div>\n\n<\/div><\/div><\/div><\/div><div id=\"pg-832581-2\"  class=\"panel-grid panel-no-style\" ><div id=\"pgc-832581-2-0\"  class=\"panel-grid-cell\" ><div id=\"panel-832581-2-0-0\" class=\"so-panel widget widget_sow-editor panel-first-child panel-last-child\" data-index=\"6\" ><div\n\t\t\t\n\t\t\tclass=\"so-widget-sow-editor so-widget-sow-editor-base\"\n\t\t\t\n\t\t><h3 class=\"widget-title\">\u6a5f\u68b0\u306e\u30aa\u30fc\u30d0\u30fc\u30db\u30fc\u30eb\u3068\u6700\u9069\u5316<\/h3>\n<div class=\"siteorigin-widget-tinymce textwidget\">\n\t<ul>\n<li><strong>\u30aa\u30b7\u30ed\u30b9\u30b3\u30fc\u30d7\u6a5f\u80fd:<\/strong> \u8ef8\u306e\u8abf\u6574\u306b\u5f79\u7acb\u3064\u6a5f\u80fd\u3002<\/li>\n<li><strong>\u5fae\u8abf\u6574\u6a5f\u80fd:<\/strong> \u3055\u307e\u3056\u307e\u306a\u30de\u30b7\u30f3\u5236\u5fa1\u30eb\u30fc\u30d7\u306e\u81ea\u52d5\u6700\u9069\u5316\u3092\u5b9f\u884c\u3057\u3066\u3001\u304a\u5ba2\u69d8\u306e\u8981\u6c42\u3059\u308b\u6700\u9ad8\u306e\u54c1\u8cea\u3068\u30d1\u30d5\u30a9\u30fc\u30de\u30f3\u30b9\u3067\u52a0\u5de5\u3092\u5b9f\u73fe\u3059\u308b\u81ea\u52d5\u8abf\u6574\u6a5f\u80fd\u3002<\/li>\n<li><strong>\u5faa\u74b0\u6027\u30c6\u30b9\u30c8\u6a5f\u80fd:<\/strong> \u30e2\u30fc\u30b7\u30e7\u30f3\u53cd\u8ee2\u3067\u306e\u8ef8\u306e\u52d5\u4f5c\u3092\u6539\u5584\u3059\u308b\u6a5f\u80fd\u3002<\/li>\n<li><strong>\u30dc\u30fc\u30c9\u7dda\u56f3:<\/strong> \u6a5f\u68b0\u3068\u30d5\u30a3\u30eb\u30bf\u30fc\u306e\u632f\u52d5\u6210\u5206\u306e\u5468\u6ce2\u6570\u5fdc\u7b54\u3092\u77e5\u308b\u305f\u3081\u306e\u30aa\u30d7\u30b7\u30e7\u30f3\u3002<\/li>\n<li><strong>\u30ec\u30fc\u30b6\u30fc \u30ad\u30e3\u30ea\u30d6\u30ec\u30fc\u30b7\u30e7\u30f3\u6a5f\u80fd:<\/strong> \u6a5f\u68b0\u306e\u6027\u80fd\u3092\u6700\u9069\u5316\u3059\u308b\u305f\u3081\u306e\u6a5f\u68b0\u8ef8\u306e\u6b63\u78ba\u306a\u4f4d\u7f6e\u5408\u308f\u305b\u3068\u6b63\u78ba\u306a\u8abf\u6574\u3002<\/li>\n<li><strong>\u4f53\u7a4d\u88dc\u6b63\u6a5f\u80fd:<\/strong> \u6a5f\u68b0\u306e\u4f5c\u696d\u3092 3 \u6b21\u5143\u3067\u5236\u5fa1\u3057\u3001\u3053\u308c\u3089\u306e\u6b20\u9665\u3092\u81ea\u52d5\u7684\u306b\u88dc\u6b63\u3057\u3066\u3001\u76ee\u7684\u306e\u7cbe\u5ea6\u3068\u516c\u5dee\u3092\u5099\u3048\u305f\u90e8\u54c1\u3092\u53d6\u5f97\u3059\u308b\u3053\u3068\u306b\u3088\u308a\u3001\u6700\u9ad8\u306e\u7cbe\u5ea6\u3092\u5b9f\u73fe\u3057\u307e\u3059\u3002<\/li>\n<li><strong>\u30c7\u30fc\u30bf\u30bb\u30fc\u30d5\u6a5f\u80fd:<\/strong> \u5fc5\u8981\u306a\u5834\u5408\u306b\u81ea\u7531\u306b\u4f7f\u7528\u3067\u304d\u308b\u3001\u5168\u6a5f\u68b0\u69cb\u6210\u30d1\u30e9\u30e1\u30fc\u30bf\u30fc\u306e\u30d0\u30c3\u30af\u30a2\u30c3\u30d7 \u6a5f\u80fd\u3002<\/li>\n<\/ul>\n<\/div>\n<\/div><\/div><\/div><\/div><\/div>","protected":false},"excerpt":{"rendered":"<p>Fagor Automatio &#8230; <a title=\"\u30a2\u30c3\u30d7\u30b0\u30ec\u30fc\u30c9\u3068\u30ec\u30c8\u30ed\u30d5\u30a3\u30c3\u30c8 (\u30a2\u30c3\u30d7\u30b0\u30ec\u30fc\u30c9\/\u30ec\u30c8\u30ed\u30d5\u30a3\u30c3\u30c8)\" class=\"read-more\" href=\"https:\/\/www.fagorautomation.com\/ja\/%e3%82%b5%e3%83%bc%e3%83%93%e3%82%b9\/upgrade-and-retrofits-upgrade-retrofit\/\" aria-label=\"\u30a2\u30c3\u30d7\u30b0\u30ec\u30fc\u30c9\u3068\u30ec\u30c8\u30ed\u30d5\u30a3\u30c3\u30c8 (\u30a2\u30c3\u30d7\u30b0\u30ec\u30fc\u30c9\/\u30ec\u30c8\u30ed\u30d5\u30a3\u30c3\u30c8) \u306b\u3064\u3044\u3066\u3055\u3089\u306b\u8aad\u3080\"> <\/a><\/p>\n","protected":false},"author":1,"featured_media":0,"parent":832442,"menu_order":0,"comment_status":"closed","ping_status":"closed","template":"servicios.php","meta":{"_acf_changed":false,"footnotes":""},"categories":[1314,1294],"tags":[],"class_list":{"0":"post-832581","1":"page","2":"type-page","3":"status-publish","5":"category-menu-servicios-ja","6":"category-page-servicios-ja"},"acf":[],"wpml_current_locale":"ja","wpml_translations":[{"locale":"en","id":826068,"post_title":"Upgrade and Retrofits (Upgrade \/ Retrofit)","href":"https:\/\/www.fagorautomation.com\/en\/services\/upgrade-and-retrofits-upgrade-retrofit\/"},{"locale":"es_ES","id":214,"post_title":"Actualizaci\u00f3n y reconversiones (Upgrade \/ Retrofit)","href":"https:\/\/www.fagorautomation.com\/es\/servicios\/actualizacion-y-reconversiones-upgrade-retrofit\/"},{"locale":"en_US","id":832579,"post_title":"Upgrade and Retrofits (Upgrade \/ Retrofit)","href":"https:\/\/www.fagorautomation.com\/en-us\/services\/upgrade-and-retrofits-upgrade-retrofit\/"},{"locale":"it_IT","id":832580,"post_title":"Upgrade e retrofit (Aggiornamento \/ Retrofit)","href":"https:\/\/www.fagorautomation.com\/it\/servizi\/upgrade-e-retrofit-aggiornamento-retrofit\/"},{"locale":"fr_FR","id":832576,"post_title":"Mise \u00e0 niveau et r\u00e9trofits (Upgrade \/ Retrofit)","href":"https:\/\/www.fagorautomation.com\/fr\/services\/mise-a-niveau-et-retrofits-upgrade-retrofit\/"},{"locale":"pt_BR","id":832582,"post_title":"Atualiza\u00e7\u00e3o e reconvers\u00f5es (Upgrade \/ Retrofit)","href":"https:\/\/www.fagorautomation.com\/pt-br\/servicios\/atualizacao-e-reconversoes-upgrade-retrofit\/"},{"locale":"pt_PT","id":832583,"post_title":"Atualiza\u00e7\u00e3o e reconvers\u00f5es (Upgrade \/ Retrofit)","href":"https:\/\/www.fagorautomation.com\/pt-pt\/servicos-oferecidos-por-fagor-automation\/atualizacao-e-reconversoes-upgrade-retrofit\/"},{"locale":"de_DE","id":832577,"post_title":"Upgrades und Nachr\u00fcstungen (Upgrade \/ Retrofit)","href":"https:\/\/www.fagorautomation.com\/de\/dienstleistungen-die-fagor-automation-anbietet\/upgrades-und-nachruestungen-upgrade-retrofit\/"},{"locale":"en_IN","id":832578,"post_title":"Upgrade and Retrofits (Upgrade \/ Retrofit)","href":"https:\/\/www.fagorautomation.com\/hi\/services\/upgrade-and-retrofits-upgrade-retrofit\/"},{"locale":"eu_ES","id":832575,"post_title":"Eguneratzea eta birmoldaketak (Upgrade \/ Retrofit)","href":"https:\/\/www.fagorautomation.com\/eu\/zerbitzuak\/upgrade-and-retrofits-upgrade-retrofit\/"},{"locale":"zh_CN","id":906332,"post_title":"\u5347\u7ea7\u548c\u6539\u9020","href":"https:\/\/www.fagorautomation.com\/zh-hans\/%e5%8f%91%e6%a0%bc%e8%87%aa%e5%8a%a8%e5%8c%96%e6%8a%80%e6%9c%af%e6%9c%8d%e5%8a%a1\/%e5%8d%87%e7%ba%a7%e5%92%8c%e6%94%b9%e9%80%a0\/"}],"_links":{"self":[{"href":"https:\/\/www.fagorautomation.com\/ja\/wp-json\/wp\/v2\/pages\/832581","targetHints":{"allow":["GET"]}}],"collection":[{"href":"https:\/\/www.fagorautomation.com\/ja\/wp-json\/wp\/v2\/pages"}],"about":[{"href":"https:\/\/www.fagorautomation.com\/ja\/wp-json\/wp\/v2\/types\/page"}],"author":[{"embeddable":true,"href":"https:\/\/www.fagorautomation.com\/ja\/wp-json\/wp\/v2\/users\/1"}],"replies":[{"embeddable":true,"href":"https:\/\/www.fagorautomation.com\/ja\/wp-json\/wp\/v2\/comments?post=832581"}],"version-history":[{"count":0,"href":"https:\/\/www.fagorautomation.com\/ja\/wp-json\/wp\/v2\/pages\/832581\/revisions"}],"up":[{"embeddable":true,"href":"https:\/\/www.fagorautomation.com\/ja\/wp-json\/wp\/v2\/pages\/832442"}],"wp:attachment":[{"href":"https:\/\/www.fagorautomation.com\/ja\/wp-json\/wp\/v2\/media?parent=832581"}],"wp:term":[{"taxonomy":"category","embeddable":true,"href":"https:\/\/www.fagorautomation.com\/ja\/wp-json\/wp\/v2\/categories?post=832581"},{"taxonomy":"post_tag","embeddable":true,"href":"https:\/\/www.fagorautomation.com\/ja\/wp-json\/wp\/v2\/tags?post=832581"}],"curies":[{"name":"wp","href":"https:\/\/api.w.org\/{rel}","templated":true}]}}