{"id":17123,"date":"2021-12-10T08:19:11","date_gmt":"2021-12-10T08:19:11","guid":{"rendered":"https:\/\/www.fagorautomation.com\/politica-de-privacidad\/"},"modified":"2022-04-25T19:55:02","modified_gmt":"2022-04-25T18:55:02","slug":"politica-de-privacidade","status":"publish","type":"page","link":"https:\/\/www.fagorautomation.com\/pt-br\/politica-de-privacidade\/","title":{"rendered":"Pol\u00edtica de privacidade"},"content":{"rendered":"<p>Em conformidade com o que estabelece a regulamenta\u00e7\u00e3o aplic\u00e1vel em mat\u00e9ria de prote\u00e7\u00e3o de dados e a Lei 34\/2002, de 11 de julho, sobre os servi\u00e7os da empresa da informa\u00e7\u00e3o e de com\u00e9rcio eletr\u00f4nico (LSSI), a FAGOR AUTOMATION S. COOP. (doravante, &#8220;FAGOR&#8221;) informa os usu\u00e1rios de sua Pol\u00edtica de Privacidade, para que possam decidir de forma livre e volunt\u00e1ria se desejam fornecer os dados pessoais que possam ser exigidos na subscri\u00e7\u00e3o ou registro de alguns dos servi\u00e7os oferecidos.<\/p>\n<p><strong>CONFIDENCIALIDADE NO TRATAMENTO AUTOMATIZADO DOS DADOS DE CAR\u00c1TER PESSOAL<br \/>\n<\/strong>Os dados pessoais coletados atrav\u00e9s do site ser\u00e3o tratados de forma secreta e confidencial.<\/p>\n<p>Atrav\u00e9s do site da FAGOR, nenhum dado pessoal \u00e9 coletado, nem transferido para terceiros, sem o seu pr\u00e9vio conhecimento.<\/p>\n<p><strong>RESPONS\u00c1VEL PELO TRATAMENTO<br \/>\n<\/strong>A responsabilidade pelo tratamento \u00e9 da FAGOR AUTOMATION, S.COOP., empresa domiciliada em San Andres Auzoa, 19, 20500 Arrasate-Mondrag\u00f3n (Gipuzkoa), e NIF F20071114.<\/p>\n<p>Para entrar em contato conosco, ligue para o n\u00famero de telefone 943 039 800 ou dirija-se ao e-mail <a href=\"mailto:info@fagorautomation.es\">info@fagorautomation.es<\/a>.<\/p>\n<p><strong>FinalidadE DA COLETA E TRATAMENTO AUTOMATIZADO DOS DADOS DE CAR\u00c1TER PESSOAL<br \/>\n<\/strong>A FAGOR compromete-se a n\u00e3o utilizar os dados pessoais, objeto de tratamento, para fins diferentes daqueles para os quais os dados foram coletados.<\/p>\n<ul>\n<li><strong>Contato<br \/>\n<\/strong>Os dados de car\u00e1ter pessoal que s\u00e3o fornecidos pelo formul\u00e1rio dispon\u00edvel na se\u00e7\u00e3o do Contato n\u00e3o permanecem registrados em quaisquer Arquivos ou Bases de Dados, sendo coletados unicamente com a finalidade de fornecer respostas \u00e0 solicita\u00e7\u00e3o.<\/li>\n<\/ul>\n<ul>\n<li><strong>Produtos<\/strong><\/li>\n<li>Os dados de car\u00e1ter pessoal fornecidos atrav\u00e9s dos formul\u00e1rios dispon\u00edveis nas se\u00e7\u00f5es dos diversos produtos da empresa n\u00e3o permanecem registrados em quaisquer Arquivos ou Bases de Dados, sendo coletados unicamente com a finalidade de fornecer respostas \u00e0 solicita\u00e7\u00e3o.<\/li>\n<\/ul>\n<ul>\n<li><strong>Servi\u00e7os<br \/>\n<\/strong>Os dados de car\u00e1ter pessoal que s\u00e3o fornecidos pelos formul\u00e1rios dispon\u00edveis na se\u00e7\u00e3o de Servi\u00e7os ficam registrados em Arquivos ou Bases de Dados, e t\u00eam por finalidade a gest\u00e3o, administra\u00e7\u00e3o, presta\u00e7\u00e3o, amplia\u00e7\u00e3o e melhoria dos servi\u00e7os oferecidos pela Fagor atrav\u00e9s do seu site.<\/li>\n<\/ul>\n<ul>\n<li><strong>Downloads<br \/>\n<\/strong>Os dados fornecidos no registro como Usu\u00e1rio na se\u00e7\u00e3o de Downloads ficam registrados em Arquivos ou Bases de Dados, e t\u00eam por finalidade a gest\u00e3o, administra\u00e7\u00e3o, presta\u00e7\u00e3o, amplia\u00e7\u00e3o e melhoria dos servi\u00e7os oferecidos pela Fagor atrav\u00e9s do seu site.<\/li>\n<\/ul>\n<ul>\n<li><strong>Newsletter \/ Boletim<br \/>\n<\/strong>Os dados fornecidos no registro da subscri\u00e7\u00e3o de Newsletters ou Boletins Informativos ficam registrados em Arquivos ou Bases de Dados, e t\u00eam por finalidade o envio, por meio eletr\u00f4nico, de not\u00edcias, informa\u00e7\u00f5es comerciais ou publicit\u00e1rias acerca dos produtos e servi\u00e7os oferecidos pela Fagor.<\/li>\n<\/ul>\n<ul>\n<li><strong>Envio de CV<br \/>\n<\/strong>Os dados fornecidos atrav\u00e9s do envio de Curriculum Vitae, bem como o documento em si, ficam registrados em Arquivos ou Bases de Dados, e t\u00eam por finalidade a sele\u00e7\u00e3o de pessoal.<\/li>\n<\/ul>\n<p><strong>SOLICITA\u00c7\u00c3O DO TRATAMENTO<br \/>\n<\/strong>Os dados de car\u00e1ter pessoal ser\u00e3o tratados com o seu consentimento, e nele \u00e9 baseado o tratamento aqui realizado.<\/p>\n<p><strong>DESTINAT\u00c1RIOS<br \/>\n<\/strong>A FAGOR n\u00e3o ceder\u00e1 seus dados de car\u00e1ter pessoal a terceiros n\u00e3o relacionados com o respons\u00e1vel.<\/p>\n<p>Da mesma forma, n\u00e3o ser\u00e3o realizadas transfer\u00eancias internacionais de dados a terceiros fora da Uni\u00e3o Europeia.<\/p>\n<p>Os terceiros que, no \u00e2mbito de uma presta\u00e7\u00e3o de servi\u00e7os \u00e0 Fagor, podem ter acesso a dados de car\u00e1ter pessoal, assinaram os contratos correspondentes para a presta\u00e7\u00e3o de servi\u00e7os e asseguram o cumprimento dos regulamentos relativos \u00e0 prote\u00e7\u00e3o de dados.<\/p>\n<p><strong>CATEGORIAS E TIPOS DOS DADOS TRATADOS<br \/>\n<\/strong>Os dados de car\u00e1ter pessoal que coletaremos s\u00e3o os seguintes dados de identifica\u00e7\u00e3o:<\/p>\n<ul>\n<li>Nome e sobrenome<\/li>\n<li>Endere\u00e7o<\/li>\n<li>Curriculum Vitae<\/li>\n<li>E-mail e telefone de contato.<\/li>\n<\/ul>\n<p>Os dados coletados s\u00e3o necess\u00e1rios para os fins descritos em se\u00e7\u00e3o anterior.<\/p>\n<p><strong>TEMPO DE MANUTEN\u00c7\u00c3O DOS DADOS PESSOAIS<br \/>\n<\/strong>Os seus dados ser\u00e3o mantidos pelo tempo m\u00ednimo necess\u00e1rio para a presta\u00e7\u00e3o adequada do servi\u00e7o oferecido, bem como para atender \u00e0s responsabilidades que possam surgir a partir dele e de qualquer outro requisito legal.<\/p>\n<p>No caso de envio de Curriculum Vitae, os dados ser\u00e3o mantidos pelo tempo que durar o processo de sele\u00e7\u00e3o e, em qualquer caso, por um per\u00edodo de 2 anos. Sem preju\u00edzo do referido per\u00edodo, o interessado receber\u00e1 uma comunica\u00e7\u00e3o anual solicitando a atualiza\u00e7\u00e3o de seus dados. No caso de n\u00e3o os atualizar, a FAGOR proceder\u00e1 \u00e0 supress\u00e3o dos dados em quest\u00e3o, transcorrido o per\u00edodo de 2 anos.<\/p>\n<p>No caso de usar os seus dados para receber o boletim informativo ou a newsletter, seus dados ser\u00e3o mantidos at\u00e9 que voc\u00ea expresse sua vontade de deixar de receber tais comunica\u00e7\u00f5es.<\/p>\n<p><strong>DIREITOS DOS USU\u00c1RIOS EM RELA\u00c7\u00c3O AOS SEUS DADOS PESSOAIS<br \/>\n<\/strong>Os Usu\u00e1rios podem exercer seus direitos de acesso, retifica\u00e7\u00e3o, cancelamento e oposi\u00e7\u00e3o. Tamb\u00e9m t\u00eam o direito de cancelar o consentimento a qualquer momento. Poder\u00e1 exercer os direitos acima citados atrav\u00e9s de uma correspond\u00eancia escrita para este fim, indicando seu nome e sobrenome, e anexando uma c\u00f3pia do Documento Nacional de Identidade ou similar para:<\/p>\n<p>Fagor Automation S. Coop.<br \/>\nB\u00ba San Andres 19, Apdo 144<br \/>\n20500 Arrasate-Mondragon<br \/>\nGipuzkoa<\/p>\n<p>Caso considere que a Fagor n\u00e3o est\u00e1 cumprindo com a regulamenta\u00e7\u00e3o, voc\u00ea tem o direito de apresentar uma reclama\u00e7\u00e3o junto \u00e0 autoridade competente.<\/p>\n<p><strong>SEGURAN\u00c7A NO TRATAMENTO, PROCESSAMENTO E CUST\u00d3DIA DE DADOS<br \/>\n<\/strong>A FAGOR adota as medidas t\u00e9cnicas e organizacionais necess\u00e1rias para evitar a perda, uso indevido, altera\u00e7\u00e3o, acesso n\u00e3o autorizado e roubo dos dados pessoais fornecidos, levando em conta o estado da tecnologia, os custos de aplica\u00e7\u00e3o, a natureza, o \u00e2mbito, contexto e finalidade do tratamento, bem como os riscos de probabilidade e gravidade vari\u00e1veis para os seus direitos e liberdades. Apesar disso, o Usu\u00e1rio deve estar ciente de que as medidas de seguran\u00e7a na Internet n\u00e3o s\u00e3o inexpugn\u00e1veis.<\/p>\n<p>Em qualquer caso, as medidas de seguran\u00e7a aplicadas pela FAGOR garantem e incluem:<\/p>\n<ul>\n<li>a capacidade de garantir a confidencialidade, integridade, disponibilidade e resili\u00eancia permanentes dos sistemas e servi\u00e7os de tratamento;<\/li>\n<li>a capacidade de restaurar a disponibilidade e o acesso aos dados pessoais rapidamente em caso de incidente f\u00edsico ou t\u00e9cnico;<\/li>\n<li>um processo de verifica\u00e7\u00e3o e avalia\u00e7\u00e3o regular da efic\u00e1cia das medidas t\u00e9cnicas e organizacionais utilizadas para garantir a seguran\u00e7a do tratamento.<\/li>\n<\/ul>\n<p><strong>BAIXA NO SERVI\u00c7O DE ENVIO DO BOLETIM INFORMATIVO OU NEWSLETTER<br \/>\n<\/strong>O Usu\u00e1rio tem o direito de revogar a qualquer momento o consentimento dado para o envio de comunica\u00e7\u00f5es comerciais, notificando a FAGOR que ele n\u00e3o deseja continuar recebendo estas comunica\u00e7\u00f5es. Para isso, o usu\u00e1rio pode revogar o seu consentimento enviando um e-mail para o endere\u00e7o <a href=\"mailto:komunikazioa@fagorautomation.es\">komunikazioa@fagorautomation.es<\/a>, indicando \u201cBAIXA\u201d no assunto, ou clicando no link inclu\u00eddo em cada comunica\u00e7\u00e3o comercial.<\/p>\n<p><strong>LINKS<br \/>\n<\/strong>A Pol\u00edtica de Privacidade aqui estabelecida se aplica ao site da FAGOR, e n\u00e3o \u00e9 garantida no acesso atrav\u00e9s de links para este site, ou links deste site com outros sites da Internet.<\/p>\n<p>&nbsp;<\/p>\n","protected":false},"excerpt":{"rendered":"<p>Em conformidade com o que estabelece a regulamenta\u00e7\u00e3o aplic\u00e1vel em mat\u00e9ria de prote\u00e7\u00e3o de dados &#8230; <a title=\"Pol\u00edtica de privacidade\" class=\"read-more\" href=\"https:\/\/www.fagorautomation.com\/pt-br\/politica-de-privacidade\/\" aria-label=\"Read more about Pol\u00edtica de privacidade\"> <\/a><\/p>\n","protected":false},"author":1,"featured_media":0,"parent":0,"menu_order":0,"comment_status":"closed","ping_status":"closed","template":"","meta":{"_acf_changed":false,"footnotes":""},"categories":[398,1557],"tags":[],"class_list":{"0":"post-17123","1":"page","2":"type-page","3":"status-publish","5":"category-page-title-franja-red-pt-br","6":"category-sin-footer-breadcrumb-pt-bt"},"acf":[],"wpml_current_locale":"pt_BR","wpml_translations":[{"locale":"en","id":17116,"post_title":"Privacy policy","href":"https:\/\/www.fagorautomation.com\/en\/privacy-policy\/"},{"locale":"es_ES","id":17086,"post_title":"Pol\u00edtica de privacidad","href":"https:\/\/www.fagorautomation.com\/es\/politica-de-privacidad\/"},{"locale":"en_US","id":17120,"post_title":"Privacy policy","href":"https:\/\/www.fagorautomation.com\/en-us\/privacy-policy\/"},{"locale":"it_IT","id":17121,"post_title":"Politica sulla riservatezza","href":"https:\/\/www.fagorautomation.com\/it\/politica-sulla-riservatezza\/"},{"locale":"fr_FR","id":17117,"post_title":"Politique de confidentialit\u00e9","href":"https:\/\/www.fagorautomation.com\/fr\/politique-de-confidentialite\/"},{"locale":"pt_PT","id":17124,"post_title":"Pol\u00edtica de privacidade","href":"https:\/\/www.fagorautomation.com\/pt-pt\/politica-de-privacidade\/"},{"locale":"de_DE","id":17118,"post_title":"Datenschutz","href":"https:\/\/www.fagorautomation.com\/de\/datenschutz\/"},{"locale":"en_IN","id":17119,"post_title":"Privacy policy","href":"https:\/\/www.fagorautomation.com\/hi\/privacy-policy\/"},{"locale":"ja","id":17122,"post_title":"\u30d7\u30e9\u30a4\u30d0\u30b7\u30fc\u30dd\u30ea\u30b7\u30fc","href":"https:\/\/www.fagorautomation.com\/ja\/%e3%83%97%e3%83%a9%e3%82%a4%e3%83%90%e3%82%b7%e3%83%bc%e3%83%9d%e3%83%aa%e3%82%b7%e3%83%bc\/"},{"locale":"eu_ES","id":17115,"post_title":"Pribatasun politika","href":"https:\/\/www.fagorautomation.com\/eu\/pribatasun-politika\/"},{"locale":"zh_CN","id":909807,"post_title":"Privacy policy","href":"https:\/\/www.fagorautomation.com\/zh-hans\/privacy-policy\/"}],"_links":{"self":[{"href":"https:\/\/www.fagorautomation.com\/pt-br\/wp-json\/wp\/v2\/pages\/17123","targetHints":{"allow":["GET"]}}],"collection":[{"href":"https:\/\/www.fagorautomation.com\/pt-br\/wp-json\/wp\/v2\/pages"}],"about":[{"href":"https:\/\/www.fagorautomation.com\/pt-br\/wp-json\/wp\/v2\/types\/page"}],"author":[{"embeddable":true,"href":"https:\/\/www.fagorautomation.com\/pt-br\/wp-json\/wp\/v2\/users\/1"}],"replies":[{"embeddable":true,"href":"https:\/\/www.fagorautomation.com\/pt-br\/wp-json\/wp\/v2\/comments?post=17123"}],"version-history":[{"count":0,"href":"https:\/\/www.fagorautomation.com\/pt-br\/wp-json\/wp\/v2\/pages\/17123\/revisions"}],"wp:attachment":[{"href":"https:\/\/www.fagorautomation.com\/pt-br\/wp-json\/wp\/v2\/media?parent=17123"}],"wp:term":[{"taxonomy":"category","embeddable":true,"href":"https:\/\/www.fagorautomation.com\/pt-br\/wp-json\/wp\/v2\/categories?post=17123"},{"taxonomy":"post_tag","embeddable":true,"href":"https:\/\/www.fagorautomation.com\/pt-br\/wp-json\/wp\/v2\/tags?post=17123"}],"curies":[{"name":"wp","href":"https:\/\/api.w.org\/{rel}","templated":true}]}}