{"id":832146,"date":"2022-02-28T07:45:47","date_gmt":"2022-02-28T07:45:47","guid":{"rendered":"https:\/\/www.fagorautomation.com\/home\/"},"modified":"2024-01-08T10:41:38","modified_gmt":"2024-01-08T08:41:38","slug":"fagor-automation","status":"publish","type":"page","link":"https:\/\/www.fagorautomation.com\/pt-pt\/","title":{"rendered":"Fagor Automation"},"content":{"rendered":"<div id=\"pl-832146\"  class=\"panel-layout\" ><div id=\"pg-832146-0\"  class=\"panel-grid panel-no-style\" ><div id=\"pgc-832146-0-0\"  class=\"panel-grid-cell\" ><div id=\"panel-832146-0-0-0\" class=\"widget_text so-panel widget widget_custom_html panel-first-child panel-last-child\" data-index=\"0\" ><div class=\"textwidget custom-html-widget\"><div style=\"padding:56.25% 0 0 0;position:relative;\"><iframe src=\"https:\/\/player.vimeo.com\/video\/683687549?h=bd89b5cf98&background=1\" style=\"position:absolute;top:0;left:0;width:100%;height:100%;\" frameborder=\"0\" allow=\"autoplay; fullscreen; picture-in-picture\" allowfullscreen><\/iframe><\/div><script src=\"https:\/\/player.vimeo.com\/api\/player.js\"><\/script><\/div><\/div><\/div><\/div><div id=\"pg-832146-1\"  class=\"panel-grid panel-has-style\" ><div class=\"home-section panel-row-style panel-row-style-for-832146-1\" id=\"referentes-del-sector\" ><div id=\"pgc-832146-1-0\"  class=\"panel-grid-cell\" ><div id=\"panel-832146-1-0-0\" class=\"so-panel widget widget_sow-editor panel-first-child panel-last-child\" data-index=\"1\" ><div class=\"frase-cifras panel-widget-style panel-widget-style-for-832146-1-0-0\" ><div\n\t\t\t\n\t\t\tclass=\"so-widget-sow-editor so-widget-sow-editor-base\"\n\t\t\t\n\t\t>\n<div class=\"siteorigin-widget-tinymce textwidget\">\n\t<p>H\u00e1 45 anos imersos no mundo da produ\u00e7\u00e3o industrial, vivenciamos grandes mudan\u00e7as tecnol\u00f3gicas e tornamo-nos uma empresa global gra\u00e7as \u00e0 inova\u00e7\u00e3o. As alian\u00e7as de longo prazo, criadas com os nossos clientes, incentivaram-nos a superar grandes desafios, para <strong>nos tornarmos uma refer\u00eancia no setor, junto com os nossos clientes<\/strong>.<\/p>\n<\/div>\n<\/div><\/div><\/div><\/div><\/div><\/div><div id=\"pg-832146-2\"  class=\"panel-grid panel-has-style\" ><div class=\"cifras-home panel-row-style panel-row-style-for-832146-2\" ><div id=\"pgc-832146-2-0\"  class=\"panel-grid-cell\" ><div id=\"panel-832146-2-0-0\" class=\"so-panel widget widget_lsow-odometers panel-first-child panel-last-child\" data-index=\"2\" ><div class=\"cifras panel-widget-style panel-widget-style-for-832146-2-0-0\" ><div\n\t\t\t\n\t\t\tclass=\"so-widget-lsow-odometers so-widget-lsow-odometers-default-d75171398898-832146\"\n\t\t\t\n\t\t>\n<div class=\"lsow-odometers lsow-grid-container  lsow-grid-desktop-4 lsow-grid-tablet-2 lsow-grid-mobile-1\"><div class=\"lsow-grid-item lsow-odometer\"><span class=\"lsow-prefix\">+<\/span><div class=\"lsow-number odometer\" data-stop=\"50\">0<\/div><!-- .lsow-number --><div class=\"lsow-stats-title-wrap\"><div class=\"lsow-stats-title\"><span class=\"lsow-icon-wrapper\"><\/span>Pa\u00edses<\/div><\/div><\/div><!-- .lsow-odometer --><div class=\"lsow-grid-item lsow-odometer\"><div class=\"lsow-number odometer\" data-stop=\"90\">0<\/div><!-- .lsow-number --><span class=\"lsow-suffix\">%<\/span><div class=\"lsow-stats-title-wrap\"><div class=\"lsow-stats-title\"><span class=\"lsow-icon-wrapper\"><\/span>Exporta\u00e7\u00e3o<\/div><\/div><\/div><!-- .lsow-odometer --><div class=\"lsow-grid-item lsow-odometer\"><span class=\"lsow-prefix\">+<\/span><div class=\"lsow-number odometer\" data-stop=\"10\">0<\/div><!-- .lsow-number --><span class=\"lsow-suffix\">%<\/span><div class=\"lsow-stats-title-wrap\"><div class=\"lsow-stats-title\"><span class=\"lsow-icon-wrapper\"><\/span>Invers\u00e3o em i+D<\/div><\/div><\/div><!-- .lsow-odometer --><div class=\"lsow-grid-item lsow-odometer\"><span class=\"lsow-prefix\">+<\/span><div class=\"lsow-number odometer\" data-stop=\"30\">0<\/div><!-- .lsow-number --><div class=\"lsow-stats-title-wrap\"><div class=\"lsow-stats-title\"><span class=\"lsow-icon-wrapper\"><\/span>Delega\u00e7\u00f5es<\/div><\/div><\/div><!-- .lsow-odometer --><\/div><!-- .lsow-odometers --><div class=\"lsow-clear\"><\/div><\/div><\/div><\/div><\/div><\/div><\/div><div id=\"pg-832146-3\"  class=\"panel-grid panel-has-style\" ><div class=\"home-section  productos siteorigin-panels-stretch panel-row-style panel-row-style-for-832146-3\" data-stretch-type=\"full\" ><div id=\"pgc-832146-3-0\"  class=\"panel-grid-cell\" ><div class=\"content1 panel-cell-style panel-cell-style-for-832146-3-0\" ><div id=\"panel-832146-3-0-0\" class=\"so-panel widget widget_sow-headline panel-first-child\" data-index=\"3\" ><div class=\"panel-widget-style panel-widget-style-for-832146-3-0-0\" ><div\n\t\t\t\n\t\t\tclass=\"so-widget-sow-headline so-widget-sow-headline-default-78689109b7ae-832146\"\n\t\t\t\n\t\t><div class=\"sow-headline-container \">\n\t\t\t\t\t\t\t<h2 class=\"sow-headline\">\n\t\t\t\t\t\tSistemas CNC\t\t\t\t\t\t<\/h2>\n\t\t\t\t\t\t\t\t\t\t\t\t<p class=\"sow-sub-headline\">\n\t\t\t\t\t\tComplete redesign\t\t\t\t\t\t<\/p>\n\t\t\t\t\t\t<\/div>\n<\/div><\/div><\/div><div id=\"panel-832146-3-0-1\" class=\"so-panel widget widget_sow-button\" data-index=\"4\" ><div\n\t\t\t\n\t\t\tclass=\"so-widget-sow-button so-widget-sow-button-flat-74d9ed1f1550-832146\"\n\t\t\t\n\t\t><div class=\"ow-button-base ow-button-align-center\"\n>\n\t\t\t<a href=\"https:\/\/www.fagorautomation.com\/pt-pt\/sistemas-cnc\/\" class=\"sowb-button ow-icon-placement-left ow-button-hover\">\n\t\t<span>\n\t\t\t\n\t\t\t+ informa\u00e7\u00f5es\t\t<\/span>\n\t\t\t<\/a>\n\t<\/div>\n<\/div><\/div><div id=\"panel-832146-3-0-2\" class=\"so-panel widget widget_sow-image panel-last-child\" data-index=\"5\" ><div class=\"panel-widget-style panel-widget-style-for-832146-3-0-2\" ><div\n\t\t\t\n\t\t\tclass=\"so-widget-sow-image so-widget-sow-image-default-c67d20f9f743-832146\"\n\t\t\t\n\t\t>\n<div class=\"sow-image-container\">\n\t\t\t<a href=\"https:\/\/www.fagorautomation.com\/pt-pt\/sistemas-cnc\/\">\n\t\t\t<img \n\tsrc=\"https:\/\/www.fagorautomation.com\/wp-content\/uploads\/sistemas-cnc-2.jpg\" width=\"465\" height=\"200\" srcset=\"https:\/\/www.fagorautomation.com\/wp-content\/uploads\/sistemas-cnc-2.jpg 634w, https:\/\/www.fagorautomation.com\/wp-content\/uploads\/sistemas-cnc-2-300x129.jpg 300w\" sizes=\"(max-width: 465px) 100vw, 465px\" title=\"Sistemas de CNC\" alt=\"Sistemas CNC\" \t\tclass=\"so-widget-image\"\/>\n\t\t\t<\/a><\/div>\n\n<\/div><\/div><\/div><\/div><\/div><div id=\"pgc-832146-3-1\"  class=\"panel-grid-cell\" ><div class=\"content1 panel-cell-style panel-cell-style-for-832146-3-1\" ><div id=\"panel-832146-3-1-0\" class=\"so-panel widget widget_sow-headline panel-first-child\" data-index=\"6\" ><div\n\t\t\t\n\t\t\tclass=\"so-widget-sow-headline so-widget-sow-headline-default-2916643c08ac-832146\"\n\t\t\t\n\t\t><div class=\"sow-headline-container \">\n\t\t\t\t\t\t\t<h2 class=\"sow-headline\">\n\t\t\t\t\t\tSistemas de Capta\u00e7\u00e3o\t\t\t\t\t\t<\/h2>\n\t\t\t\t\t\t\t\t\t\t\t\t<p class=\"sow-sub-headline\">\n\t\t\t\t\t\t3Statech Technology\t\t\t\t\t\t<\/p>\n\t\t\t\t\t\t<\/div>\n<\/div><\/div><div id=\"panel-832146-3-1-1\" class=\"so-panel widget widget_sow-button\" data-index=\"7\" ><div\n\t\t\t\n\t\t\tclass=\"so-widget-sow-button so-widget-sow-button-flat-74d9ed1f1550-832146\"\n\t\t\t\n\t\t><div class=\"ow-button-base ow-button-align-center\"\n>\n\t\t\t<a href=\"https:\/\/www.fagorautomation.com\/pt-pt\/sistemas-de-captacao\/\" class=\"sowb-button ow-icon-placement-left ow-button-hover\">\n\t\t<span>\n\t\t\t\n\t\t\t+ informa\u00e7\u00f5es\t\t<\/span>\n\t\t\t<\/a>\n\t<\/div>\n<\/div><\/div><div id=\"panel-832146-3-1-2\" class=\"so-panel widget widget_sow-image panel-last-child\" data-index=\"8\" ><div class=\"panel-widget-style panel-widget-style-for-832146-3-1-2\" ><div\n\t\t\t\n\t\t\tclass=\"so-widget-sow-image so-widget-sow-image-default-8b5b6f678277-832146\"\n\t\t\t\n\t\t>\n<div class=\"sow-image-container\">\n\t\t\t<a href=\"https:\/\/www.fagorautomation.com\/pt-pt\/sistemas-de-captacao\/\">\n\t\t\t<img \n\tsrc=\"https:\/\/www.fagorautomation.com\/wp-content\/uploads\/sistemas-captacion-2.jpg\" title=\"Sistemas de Capta\u00e7\u00e3o\" alt=\"Sistemas de Capta\u00e7\u00e3o\" \t\tclass=\"so-widget-image\"\/>\n\t\t\t<\/a><\/div>\n\n<\/div><\/div><\/div><\/div><\/div><div id=\"pgc-832146-3-2\"  class=\"panel-grid-cell\" ><div class=\"content1 panel-cell-style panel-cell-style-for-832146-3-2\" ><div id=\"panel-832146-3-2-0\" class=\"so-panel widget widget_sow-headline panel-first-child\" data-index=\"9\" ><div\n\t\t\t\n\t\t\tclass=\"so-widget-sow-headline so-widget-sow-headline-default-14cccf8a6dde-832146\"\n\t\t\t\n\t\t><div class=\"sow-headline-container \">\n\t\t\t\t\t\t\t<h2 class=\"sow-headline\">\n\t\t\t\t\t\tFagor Digital Suite\t\t\t\t\t\t<\/h2>\n\t\t\t\t\t\t\t\t\t\t\t\t<p class=\"sow-sub-headline\">\n\t\t\t\t\t\tDecision making made simple\t\t\t\t\t\t<\/p>\n\t\t\t\t\t\t<\/div>\n<\/div><\/div><div id=\"panel-832146-3-2-1\" class=\"so-panel widget widget_sow-button panel-last-child\" data-index=\"10\" ><div\n\t\t\t\n\t\t\tclass=\"so-widget-sow-button so-widget-sow-button-flat-74d9ed1f1550-832146\"\n\t\t\t\n\t\t><div class=\"ow-button-base ow-button-align-center\"\n>\n\t\t\t<a href=\"https:\/\/www.fagorautomation.com\/pt-pt\/fagor-digital-suite\/\" class=\"sowb-button ow-icon-placement-left ow-button-hover\">\n\t\t<span>\n\t\t\t\n\t\t\t+ informa\u00e7\u00f5es\t\t<\/span>\n\t\t\t<\/a>\n\t<\/div>\n<\/div><\/div><\/div><\/div><\/div><\/div><div id=\"pg-832146-4\"  class=\"panel-grid panel-has-style\" ><div class=\"home-section servicios siteorigin-panels-stretch panel-row-style panel-row-style-for-832146-4\" data-stretch-type=\"full\" ><div id=\"pgc-832146-4-0\"  class=\"panel-grid-cell\" ><div id=\"panel-832146-4-0-0\" class=\"so-panel widget widget_siteorigin-panels-builder panel-first-child panel-last-child\" data-index=\"11\" ><div class=\"panel-widget-style panel-widget-style-for-832146-4-0-0\" ><div id=\"pl-w62713758ad668\"  class=\"panel-layout\" ><div id=\"pg-w62713758ad668-0\"  class=\"panel-grid panel-no-style\" ><div id=\"pgc-w62713758ad668-0-0\"  class=\"panel-grid-cell\" ><div id=\"panel-w62713758ad668-0-0-0\" class=\"so-panel widget widget_sow-headline panel-first-child\" data-index=\"0\" ><div class=\"panel-widget-style panel-widget-style-for-w62713758ad668-0-0-0\" ><div\n\t\t\t\n\t\t\tclass=\"so-widget-sow-headline so-widget-sow-headline-default-98c1301acc82 so-widget-fittext-wrapper\"\n\t\t\t data-fit-text-compressor=\"0.85\"\n\t\t><div class=\"sow-headline-container \">\n\t\t\t\t\t\t\t<h2 class=\"sow-headline\">\n\t\t\t\t\t\tAssist\u00eancia\t\t\t\t\t\t<\/h2>\n\t\t\t\t\t\t<\/div>\n<\/div><\/div><\/div><div id=\"panel-w62713758ad668-0-0-1\" class=\"so-panel widget widget_sow-editor panel-last-child\" data-index=\"1\" ><div class=\"panel-widget-style panel-widget-style-for-w62713758ad668-0-0-1\" ><div\n\t\t\t\n\t\t\tclass=\"so-widget-sow-editor so-widget-sow-editor-base\"\n\t\t\t\n\t\t>\n<div class=\"siteorigin-widget-tinymce textwidget\">\n\t<p>O que voc\u00ea precisa?<br \/>\nAdaptamo-nos \u00e0s suas necessidades para encontrar a melhor solu\u00e7\u00e3o<\/p>\n<\/div>\n<\/div><\/div><\/div><\/div><div id=\"pgc-w62713758ad668-0-1\"  class=\"panel-grid-cell\" ><div class=\"panel-cell-style panel-cell-style-for-w62713758ad668-0-1\" ><div id=\"panel-w62713758ad668-0-1-0\" class=\"so-panel widget widget_sow-button panel-first-child panel-last-child\" data-index=\"2\" ><div class=\"zuria panel-widget-style panel-widget-style-for-w62713758ad668-0-1-0\" ><div\n\t\t\t\n\t\t\tclass=\"so-widget-sow-button so-widget-sow-button-flat-01e2a38599ef\"\n\t\t\t\n\t\t><div class=\"ow-button-base ow-button-align-left\"\n>\n\t\t\t<a href=\"https:\/\/www.fagorautomation.com\/pt-pt\/servicos-oferecidos-por-fagor-automation\/\" class=\"sowb-button ow-icon-placement-left ow-button-hover\">\n\t\t<span>\n\t\t\t\n\t\t\t+ info\t\t<\/span>\n\t\t\t<\/a>\n\t<\/div>\n<\/div><\/div><\/div><\/div><\/div><\/div><\/div><\/div><\/div><\/div><\/div><\/div><div id=\"pg-832146-5\"  class=\"panel-grid panel-has-style\" ><div class=\"aos-init home-section-news siteorigin-panels-stretch panel-row-style panel-row-style-for-832146-5\" data-aos=\"fade\" data-aos-duration=\"300\" data-aos-easing=\"linear\" data-aos-anchor-placement=\"top-bottom\" data-aos-once=\"true\" data-stretch-type=\"full\" ><div id=\"pgc-832146-5-0\"  class=\"panel-grid-cell\" ><div id=\"panel-832146-5-0-0\" class=\"so-panel widget widget_sow-headline panel-first-child\" data-index=\"12\" ><div class=\"panel-widget-style panel-widget-style-for-832146-5-0-0\" ><div\n\t\t\t\n\t\t\tclass=\"so-widget-sow-headline so-widget-sow-headline-default-2916643c08ac-832146 so-widget-fittext-wrapper\"\n\t\t\t data-fit-text-compressor=\"0.85\"\n\t\t><div class=\"sow-headline-container \">\n\t\t\t\t\t\t\t<h2 class=\"sow-headline\">\n\t\t\t\t\t\t\u00daltimas noticias\t\t\t\t\t\t<\/h2>\n\t\t\t\t\t\t<\/div>\n<\/div><\/div><\/div><div id=\"panel-832146-5-0-1\" class=\"so-panel widget widget_sow-blog panel-last-child\" data-index=\"13\" ><div class=\"grid-news panel-widget-style panel-widget-style-for-832146-5-0-1\" ><div\n\t\t\t\n\t\t\tclass=\"so-widget-sow-blog so-widget-sow-blog-grid-e473d06d4fb7-832146\"\n\t\t\t\n\t\t>\t\t<div\n\t\tclass=\"sow-blog sow-blog-layout-grid\"\n\t\tdata-template=\"grid\"\n\t\tdata-settings=\"{&quot;columns&quot;:3,&quot;featured_image&quot;:true,&quot;featured_image_size&quot;:&quot;sow-blog-grid&quot;,&quot;featured_image_size_width&quot;:&quot;&quot;,&quot;featured_image_size_height&quot;:&quot;&quot;,&quot;content&quot;:&quot;excerpt&quot;,&quot;excerpt_length&quot;:20,&quot;date&quot;:true,&quot;filter_categories&quot;:false,&quot;so_field_container_state&quot;:&quot;open&quot;,&quot;read_more&quot;:false,&quot;author&quot;:false,&quot;categories&quot;:false,&quot;tags&quot;:false,&quot;comment_count&quot;:false,&quot;tag&quot;:&quot;h2&quot;,&quot;featured_image_empty&quot;:true,&quot;trim_manual_excerpt&quot;:&quot;&quot;,&quot;template&quot;:&quot;grid&quot;}\"\n\t\tdata-paged=\"1\"\n\t\tdata-paging-id=\"e473d06d4fb7\"\n\t\tdata-total-pages=\"47\"\n\t\tdata-hash=\"9b115af7\"\n\t>\n\t\t\n\t\t\t\t\t\t\t<div class=\"sow-blog-posts\">\n\t\t\t\t<article id=\"post-952736\" class=\"post-952736 post type-post status-publish format-standard has-post-thumbnail hentry category-otros-pt-pt generate-columns tablet-grid-50 mobile-grid-100 grid-parent grid-33 resize-featured-image\" style=\"margin: 0 0 30px;\">\n\t\t\t\t\t<div class=\"sow-entry-thumbnail\">\n\t\t\t\t\t\t\t\t\t\t<a href=\"https:\/\/www.fagorautomation.com\/pt-pt\/moldmak-na-vanguarda-da-industria-4-0-na-producao-inteligente-de-moldes\/\">\n\t\t\t\t\t\t<img loading=\"lazy\" decoding=\"async\" width=\"720\" height=\"480\" src=\"https:\/\/www.fagorautomation.com\/wp-content\/uploads\/portadako-argazkia_webgunerako-720x480.jpg\" class=\"attachment-sow-blog-grid size-sow-blog-grid wp-post-image\" alt=\"\" srcset=\"https:\/\/www.fagorautomation.com\/wp-content\/uploads\/portadako-argazkia_webgunerako-720x480.jpg 720w, https:\/\/www.fagorautomation.com\/wp-content\/uploads\/portadako-argazkia_webgunerako-272x182.jpg 272w, https:\/\/www.fagorautomation.com\/wp-content\/uploads\/portadako-argazkia_webgunerako.jpg 1024w\" sizes=\"auto, (max-width: 720px) 100vw, 720px\" title=\"\">\t\t\t\t\t<\/a>\n\t\t\t\t<\/div>\n\t\t\t\t\t\t\t<div class=\"sow-blog-content-wrapper\"\n\t\t style=\"padding: 25px 30px 33px;\">\n\t\t\t\t<header class=\"sow-entry-header\">\n\t\t\t<h2 class=\"sow-entry-title\" style=\"margin: 0 0 5px;\"><a href=\"https:\/\/www.fagorautomation.com\/pt-pt\/moldmak-na-vanguarda-da-industria-4-0-na-producao-inteligente-de-moldes\/\" rel=\"bookmark\">MOLDMAK: na vanguarda da ind\u00fastria 4.0 na produ\u00e7\u00e3o inteligente de moldes<\/a><\/h2>\t\t\t<div class=\"sow-entry-meta\">\n\t\t\t\t\t\t\t<span class=\"sow-entry-date\">\n\t\t\t\t<a href=\"https:\/\/www.fagorautomation.com\/pt-pt\/moldmak-na-vanguarda-da-industria-4-0-na-producao-inteligente-de-moldes\/\" rel=\"bookmark\">\n\t\t\t\t\t<time class=\"published\" datetime=\"2022-12-13T09:44:48+02:00\">\n\t\t\t\t\t\t13 de Dezembro, 2022\t\t\t\t\t<\/time>\n\t\t\t\t\t<time class=\"updated\" datetime=\"2023-11-06T15:23:25+02:00\">\n\t\t\t\t\t\t6 de Novembro, 2023\t\t\t\t\t<\/time>\n\t\t\t\t<\/a>\n\t\t\t<\/span>\n\t\t\n\t\t\n\t\t\n\t\t\t\t\t<\/div>\n\t\t<\/header>\n\n\t\t\t\t\t<div\n\t\t\t\tclass=\"sow-entry-content\"\n\t\t\t\tstyle=\"margin-top: 20px;\"\n\t\t\t>\n\t\t\t\t<p>MOLDMAK, uma empresa com ampla experi\u00eancia na investiga\u00e7\u00e3o e desenvolvimento do fabrico de moldes, situada em Vale de Cambra, Portugal,...<\/p>\t\t\t<\/div>\n\t\t\t\t<\/div>\n<\/article>\n<article id=\"post-952442\" class=\"post-952442 post type-post status-publish format-standard has-post-thumbnail hentry category-otros-pt-pt generate-columns tablet-grid-50 mobile-grid-100 grid-parent grid-33 resize-featured-image\" style=\"margin: 0 0 30px;\">\n\t\t\t\t\t<div class=\"sow-entry-thumbnail\">\n\t\t\t\t\t\t\t\t\t\t<a href=\"https:\/\/www.fagorautomation.com\/pt-pt\/cheto-a-empresa-portuguesa-especializada-em-moldes-que-confia-na-fagor-automation\/\">\n\t\t\t\t\t\t<img loading=\"lazy\" decoding=\"async\" width=\"720\" height=\"480\" src=\"https:\/\/www.fagorautomation.com\/wp-content\/uploads\/web-cheto-argazkia-4-720x480.jpg\" class=\"attachment-sow-blog-grid size-sow-blog-grid wp-post-image\" alt=\"\" srcset=\"https:\/\/www.fagorautomation.com\/wp-content\/uploads\/web-cheto-argazkia-4-720x480.jpg 720w, https:\/\/www.fagorautomation.com\/wp-content\/uploads\/web-cheto-argazkia-4-272x182.jpg 272w\" sizes=\"auto, (max-width: 720px) 100vw, 720px\" title=\"\">\t\t\t\t\t<\/a>\n\t\t\t\t<\/div>\n\t\t\t\t\t\t\t<div class=\"sow-blog-content-wrapper\"\n\t\t style=\"padding: 25px 30px 33px;\">\n\t\t\t\t<header class=\"sow-entry-header\">\n\t\t\t<h2 class=\"sow-entry-title\" style=\"margin: 0 0 5px;\"><a href=\"https:\/\/www.fagorautomation.com\/pt-pt\/cheto-a-empresa-portuguesa-especializada-em-moldes-que-confia-na-fagor-automation\/\" rel=\"bookmark\">CHETO: a empresa portuguesa especializada em moldes que confia na FAGOR Automation<\/a><\/h2>\t\t\t<div class=\"sow-entry-meta\">\n\t\t\t\t\t\t\t<span class=\"sow-entry-date\">\n\t\t\t\t<a href=\"https:\/\/www.fagorautomation.com\/pt-pt\/cheto-a-empresa-portuguesa-especializada-em-moldes-que-confia-na-fagor-automation\/\" rel=\"bookmark\">\n\t\t\t\t\t<time class=\"published\" datetime=\"2022-12-09T10:53:32+02:00\">\n\t\t\t\t\t\t9 de Dezembro, 2022\t\t\t\t\t<\/time>\n\t\t\t\t\t<time class=\"updated\" datetime=\"2023-11-06T15:23:31+02:00\">\n\t\t\t\t\t\t6 de Novembro, 2023\t\t\t\t\t<\/time>\n\t\t\t\t<\/a>\n\t\t\t<\/span>\n\t\t\n\t\t\n\t\t\n\t\t\t\t\t<\/div>\n\t\t<\/header>\n\n\t\t\t\t\t<div\n\t\t\t\tclass=\"sow-entry-content\"\n\t\t\t\tstyle=\"margin-top: 20px;\"\n\t\t\t>\n\t\t\t\t<p>CHETO (Create High Efficiency Technology Obligations), fabricante portugu\u00eas de m\u00e1quinas CNC de fura\u00e7\u00e3o profunda e fresagem, confia na FAGOR Automation...<\/p>\t\t\t<\/div>\n\t\t\t\t<\/div>\n<\/article>\n<article id=\"post-879235\" class=\"post-879235 post type-post status-publish format-standard has-post-thumbnail hentry category-otros-pt-pt generate-columns tablet-grid-50 mobile-grid-100 grid-parent grid-33 resize-featured-image\" style=\"margin: 0 0 30px;\">\n\t\t\t\t\t<div class=\"sow-entry-thumbnail\">\n\t\t\t\t\t\t\t\t\t\t<a href=\"https:\/\/www.fagorautomation.com\/pt-pt\/fagor-automation-estara-en-la-feria-emaf-del-1-al-4-de-diciembre\/\">\n\t\t\t\t\t\t<img loading=\"lazy\" decoding=\"async\" width=\"480\" height=\"480\" src=\"https:\/\/www.fagorautomation.com\/wp-content\/uploads\/emaf-postfb-es.jpeg\" class=\"attachment-sow-blog-grid size-sow-blog-grid wp-post-image\" alt=\"\" srcset=\"https:\/\/www.fagorautomation.com\/wp-content\/uploads\/emaf-postfb-es.jpeg 1080w, https:\/\/www.fagorautomation.com\/wp-content\/uploads\/emaf-postfb-es-300x300.jpeg 300w, https:\/\/www.fagorautomation.com\/wp-content\/uploads\/emaf-postfb-es-1024x1024.jpeg 1024w, https:\/\/www.fagorautomation.com\/wp-content\/uploads\/emaf-postfb-es-150x150.jpeg 150w, https:\/\/www.fagorautomation.com\/wp-content\/uploads\/emaf-postfb-es-768x768.jpeg 768w\" sizes=\"auto, (max-width: 480px) 100vw, 480px\" title=\"\">\t\t\t\t\t<\/a>\n\t\t\t\t<\/div>\n\t\t\t\t\t\t\t<div class=\"sow-blog-content-wrapper\"\n\t\t style=\"padding: 25px 30px 33px;\">\n\t\t\t\t<header class=\"sow-entry-header\">\n\t\t\t<h2 class=\"sow-entry-title\" style=\"margin: 0 0 5px;\"><a href=\"https:\/\/www.fagorautomation.com\/pt-pt\/fagor-automation-estara-en-la-feria-emaf-del-1-al-4-de-diciembre\/\" rel=\"bookmark\">Fagor Automation estar\u00e1 presente na feira EMAF de 1 a 4 de Dezembro<\/a><\/h2>\t\t\t<div class=\"sow-entry-meta\">\n\t\t\t\t\t\t\t<span class=\"sow-entry-date\">\n\t\t\t\t<a href=\"https:\/\/www.fagorautomation.com\/pt-pt\/fagor-automation-estara-en-la-feria-emaf-del-1-al-4-de-diciembre\/\" rel=\"bookmark\">\n\t\t\t\t\t<time class=\"published\" datetime=\"2021-11-30T10:55:51+02:00\">\n\t\t\t\t\t\t30 de Novembro, 2021\t\t\t\t\t<\/time>\n\t\t\t\t\t<time class=\"updated\" datetime=\"2023-11-06T15:23:37+02:00\">\n\t\t\t\t\t\t6 de Novembro, 2023\t\t\t\t\t<\/time>\n\t\t\t\t<\/a>\n\t\t\t<\/span>\n\t\t\n\t\t\n\t\t\n\t\t\t\t\t<\/div>\n\t\t<\/header>\n\n\t\t\t\t\t<div\n\t\t\t\tclass=\"sow-entry-content\"\n\t\t\t\tstyle=\"margin-top: 20px;\"\n\t\t\t>\n\t\t\t\t<p>A Fagor Automation participar\u00e1 na EMAF, a feira internacional de m\u00e1quinas, equipamentos e servi\u00e7os para a ind\u00fastria que ter\u00e1 lugar...<\/p>\t\t\t<\/div>\n\t\t\t\t<\/div>\n<\/article>\n\t\t\t<\/div>\n\t\t\t\t\t\t<nav class=\"sow-post-navigation\">\n\t\t\t\t<h3 class=\"screen-reader-text\">Pagination<\/h3>\n\t\t\t\t<div class=\"sow-nav-links\">\n\t\t\t\t\t<span aria-current=\"page\" class=\"page-numbers current\">1<\/span>\n<a class=\"page-numbers\" href=\"https:\/\/www.fagorautomation.com\/pt-pt\/fagor-automation-estara-en-la-feria-emaf-del-1-al-4-de-diciembre?sow-e473d06d4fb7=2\">2<\/a>\n<a class=\"page-numbers\" href=\"https:\/\/www.fagorautomation.com\/pt-pt\/fagor-automation-estara-en-la-feria-emaf-del-1-al-4-de-diciembre?sow-e473d06d4fb7=3\">3<\/a>\n<span class=\"page-numbers dots\">&hellip;<\/span>\n<a class=\"page-numbers\" href=\"https:\/\/www.fagorautomation.com\/pt-pt\/fagor-automation-estara-en-la-feria-emaf-del-1-al-4-de-diciembre?sow-e473d06d4fb7=47\">47<\/a>\n<a class=\"next page-numbers\" href=\"https:\/\/www.fagorautomation.com\/pt-pt\/fagor-automation-estara-en-la-feria-emaf-del-1-al-4-de-diciembre?sow-e473d06d4fb7=2\">&rarr;<\/a>\t\t\t\t<\/div>\n\t\t\t<\/nav>\n\t\t\t\t\t\t\t\t<\/div>\n\t<\/div><\/div><\/div><\/div><\/div><\/div><div id=\"pg-832146-6\"  class=\"panel-grid panel-has-style\" ><div class=\"home-section div-documents panel-row-style panel-row-style-for-832146-6\" ><div id=\"pgc-832146-6-0\"  class=\"panel-grid-cell\" ><div class=\"panel-cell-style panel-cell-style-for-832146-6-0\" ><div id=\"panel-832146-6-0-0\" class=\"so-panel widget widget_sow-headline panel-first-child\" data-index=\"14\" ><div\n\t\t\t\n\t\t\tclass=\"so-widget-sow-headline so-widget-sow-headline-default-d7985d4bb724-879235\"\n\t\t\t\n\t\t><div class=\"sow-headline-container \">\n\t\t\t\t\t\t\t<h2 class=\"sow-headline\">\n\t\t\t\t\t\tQual documento necessita?\t\t\t\t\t\t<\/h2>\n\t\t\t\t\t\t\t\t\t\t\t\t<p class=\"sow-sub-headline\">\n\t\t\t\t\t\tProcurar em nossa base de dados <br \/>manuais, cat\u00e1logos, v\u00eddeos, imagens...\t\t\t\t\t\t<\/p>\n\t\t\t\t\t\t<\/div>\n<\/div><\/div><div id=\"panel-832146-6-0-1\" class=\"so-panel widget widget_sow-button panel-last-child\" data-index=\"15\" ><div\n\t\t\t\n\t\t\tclass=\"so-widget-sow-button so-widget-sow-button-flat-74d9ed1f1550-879235\"\n\t\t\t\n\t\t><div class=\"ow-button-base ow-button-align-center\"\n>\n\t\t\t<a href=\"https:\/\/www.fagorautomation.com\/pt-pt\/documentacao\/\" class=\"sowb-button ow-icon-placement-left ow-button-hover\">\n\t\t<span>\n\t\t\t\n\t\t\t+ informa\u00e7\u00f5es\t\t<\/span>\n\t\t\t<\/a>\n\t<\/div>\n<\/div><\/div><\/div><\/div><\/div><\/div><\/div>","protected":false},"excerpt":{"rendered":"<p>H\u00e1 45 anos imersos no mundo da produ\u00e7\u00e3o industrial, vivenciamos grandes mudan\u00e7as tecnol\u00f3gicas e tornamo-nos uma empresa global gra\u00e7as \u00e0&#8230;<\/p>\n","protected":false},"author":1,"featured_media":0,"parent":0,"menu_order":0,"comment_status":"closed","ping_status":"closed","template":"","meta":{"_acf_changed":false,"footnotes":""},"categories":[],"tags":[],"class_list":["post-832146","page","type-page","status-publish"],"acf":[],"wpml_current_locale":"pt_PT","wpml_translations":[],"_links":{"self":[{"href":"https:\/\/www.fagorautomation.com\/pt-pt\/wp-json\/wp\/v2\/pages\/832146","targetHints":{"allow":["GET"]}}],"collection":[{"href":"https:\/\/www.fagorautomation.com\/pt-pt\/wp-json\/wp\/v2\/pages"}],"about":[{"href":"https:\/\/www.fagorautomation.com\/pt-pt\/wp-json\/wp\/v2\/types\/page"}],"author":[{"embeddable":true,"href":"https:\/\/www.fagorautomation.com\/pt-pt\/wp-json\/wp\/v2\/users\/1"}],"replies":[{"embeddable":true,"href":"https:\/\/www.fagorautomation.com\/pt-pt\/wp-json\/wp\/v2\/comments?post=832146"}],"version-history":[{"count":0,"href":"https:\/\/www.fagorautomation.com\/pt-pt\/wp-json\/wp\/v2\/pages\/832146\/revisions"}],"wp:attachment":[{"href":"https:\/\/www.fagorautomation.com\/pt-pt\/wp-json\/wp\/v2\/media?parent=832146"}],"wp:term":[{"taxonomy":"category","embeddable":true,"href":"https:\/\/www.fagorautomation.com\/pt-pt\/wp-json\/wp\/v2\/categories?post=832146"},{"taxonomy":"post_tag","embeddable":true,"href":"https:\/\/www.fagorautomation.com\/pt-pt\/wp-json\/wp\/v2\/tags?post=832146"}],"curies":[{"name":"wp","href":"https:\/\/api.w.org\/{rel}","templated":true}]}}