{"id":832291,"date":"2022-01-31T15:20:43","date_gmt":"2022-01-31T14:20:43","guid":{"rendered":"https:\/\/www.fagorautomation.com\/conventional-machines\/"},"modified":"2025-01-07T18:56:52","modified_gmt":"2025-01-07T16:56:52","slug":"maquina-convencional","status":"publish","type":"page","link":"https:\/\/www.fagorautomation.com\/pt-pt\/sistemas-de-captacao-para-maquina-ferramenta\/maquina-convencional\/","title":{"rendered":"Sistemas de Capta\u00e7\u00e3o para m\u00e1quina convencional"},"content":{"rendered":"<div id=\"pl-832291\"  class=\"panel-layout\" ><div id=\"pg-832291-0\"  class=\"panel-grid panel-no-style\" ><div id=\"pgc-832291-0-0\"  class=\"panel-grid-cell\" ><div id=\"panel-832291-0-0-0\" class=\"so-panel widget widget_sow-headline panel-first-child\" data-index=\"0\" ><div\n\t\t\t\n\t\t\tclass=\"so-widget-sow-headline so-widget-sow-headline-default-4568b5a8e866-832291 so-widget-fittext-wrapper\"\n\t\t\t data-fit-text-compressor=\"0.85\"\n\t\t><div class=\"sow-headline-container \">\n\t\t\t\t\t\t\t<h2 class=\"sow-headline\">\n\t\t\t\t\t\tEncoders lineares e rotativos gama standard\t\t\t\t\t\t<\/h2>\n\t\t\t\t\t\t<\/div>\n<\/div><\/div><div id=\"panel-832291-0-0-1\" class=\"so-panel widget widget_sow-editor panel-last-child\" data-index=\"1\" ><div\n\t\t\t\n\t\t\tclass=\"so-widget-sow-editor so-widget-sow-editor-base\"\n\t\t\t\n\t\t>\n<div class=\"siteorigin-widget-tinymce textwidget\">\n\t<p><span class=\"title_red\">Tipos de transdutores incrementais<\/span><\/p>\n<ul>\n<li><strong>Transdutor linear:<\/strong> Apropriados para aplica\u00e7\u00f5es em m\u00e1quinas fresadoras, mandriladoras, tornos e retificadoras com velocidades de avan\u00e7o de at\u00e9 120 m\/min e n\u00edveis de vibra\u00e7\u00f5es de at\u00e9 10 g.<\/li>\n<li><strong>Transdutor rotativo:<\/strong> Utilizados como sensores de medi\u00e7\u00e3o para movimentos de rota\u00e7\u00e3o, velocidade angular e tamb\u00e9m para movimentos lineares de mecanismos tipo fuso. S\u00e3o muito utilizados em m\u00e1quinas-ferramenta, equipamentos para trabalho de madeira, rob\u00f4s, manipuladores de materiais, etc.<\/li>\n<\/ul>\n<p><span class=\"title_red\">Metodologia de medi\u00e7\u00e3o<\/span><br \/>\nA Fagor Automation utiliza dois m\u00e9todos de medi\u00e7\u00e3o em seus transdutores incrementais:<\/p>\n<ul>\n<li><strong> Cristal graduado:<\/strong> Para os transdutores lineares com curso de medi\u00e7\u00e3o de at\u00e9 3.040 mm e para os transdutores rotativos.<\/li>\n<li><strong>A\u00e7o graduado:<\/strong> Para os transdutores lineares com curso de medida superior a 3.040 mm.<\/li>\n<\/ul>\n<\/div>\n<\/div><\/div><\/div><div id=\"pgc-832291-0-1\"  class=\"panel-grid-cell\" ><div id=\"panel-832291-0-1-0\" class=\"so-panel widget widget_sow-hero panel-first-child panel-last-child\" data-index=\"2\" ><div class=\"box-red panel-widget-style panel-widget-style-for-832291-0-1-0\" ><div\n\t\t\t\n\t\t\tclass=\"so-widget-sow-hero so-widget-sow-hero-default-38c473f4014a-832291 so-widget-fittext-wrapper\"\n\t\t\t data-fit-text-compressor=\"0.85\"\n\t\t>\t\t\t\t<div class=\"sow-slider-base\" style=\"display: none\" tabindex=\"0\">\n\t\t\t\t\t<ul\n\t\t\t\t\tclass=\"sow-slider-images\"\n\t\t\t\t\tdata-settings=\"{&quot;pagination&quot;:true,&quot;speed&quot;:800,&quot;timeout&quot;:8000,&quot;paused&quot;:true,&quot;pause_on_hover&quot;:false,&quot;swipe&quot;:false,&quot;nav_always_show_desktop&quot;:&quot;&quot;,&quot;nav_always_show_mobile&quot;:&quot;&quot;,&quot;breakpoint&quot;:&quot;780px&quot;,&quot;unmute&quot;:false,&quot;anchor&quot;:null}\"\n\t\t\t\t\tstyle=\"min-height: 300px\"\t\t\t\t\tdata-anchor-id=\"\"\n\t\t\t\t>\t\t<li class=\"sow-slider-image  sow-slider-image-cover\" style=\"visibility: visible;;background-color: #333333;cursor: pointer;\" data-url=\"{&quot;url&quot;:&quot;https:\\\/\\\/www.fagorautomation.com\\\/es\\\/sistemas-de-captacion\\\/encoders-lineales-y-rotativos-gama-estandar\\\/&quot;,&quot;new_window&quot;:false}\" >\n\t\t\t\t\t<div class=\"sow-slider-image-container\">\n\t\t\t<div class=\"sow-slider-image-wrapper\">\n\t\t\t\t<h3>Encoders lineales y rotativos gama est\u00e1ndar<\/h3>\n<div class=\"sow-hero-buttons\" ><div\n\t\t\t\n\t\t\tclass=\"so-widget-sow-button so-widget-sow-button-wire-50c6b2a946db\"\n\t\t\t\n\t\t><div class=\"ow-button-base ow-button-align-center\"\n>\n\t\t\t<a\n\t\t\t\t\thref=\"https:\/\/www.fagorautomation.com\/es\/sistemas-de-captacion\/encoders-lineales-y-rotativos-gama-estandar\/\"\n\t\t\t\t\tclass=\"sowb-button ow-icon-placement-left ow-button-hover\" \t>\n\t\t<span>\n\t\t\t\n\t\t\t+ informa\u00e7\u00f5es\t\t<\/span>\n\t\t\t<\/a>\n\t<\/div>\n<\/div><\/div>\n\t\t\t<\/div>\n\t\t<\/div>\n\t\t<div class=\"sow-slider-image-overlay sow-slider-image-cover\" style=\"opacity: 0.6;background-image: url(\/wp-content\/uploads\/img-products\/encoders-gama-standard.jpg)\"  ><\/div>\t\t<\/li>\n\t\t<\/ul>\t\t\t\t<ol class=\"sow-slider-pagination\">\n\t\t\t\t\t\t\t\t\t\t\t<li><a href=\"#\" data-goto=\"0\" aria-label=\"Display slide 1\"><\/a><\/li>\n\t\t\t\t\t\t\t\t\t<\/ol>\n\n\t\t\t\t<div class=\"sow-slide-nav sow-slide-nav-next\">\n\t\t\t\t\t<a href=\"#\" data-goto=\"next\" aria-label=\"Next slide\" data-action=\"next\">\n\t\t\t\t\t\t<em class=\"sow-sld-icon-thin-right\"><\/em>\n\t\t\t\t\t<\/a>\n\t\t\t\t<\/div>\n\n\t\t\t\t<div class=\"sow-slide-nav sow-slide-nav-prev\">\n\t\t\t\t\t<a href=\"#\" data-goto=\"previous\" aria-label=\"Previous slide\" data-action=\"prev\">\n\t\t\t\t\t\t<em class=\"sow-sld-icon-thin-left\"><\/em>\n\t\t\t\t\t<\/a>\n\t\t\t\t<\/div>\n\t\t\t\t<\/div><\/div><\/div><\/div><\/div><\/div><div id=\"pg-832291-1\"  class=\"panel-grid panel-has-style\" ><div class=\"siteorigin-panels-stretch panel-row-style panel-row-style-for-832291-1\" id=\"dro\" data-stretch-type=\"full\" ><div id=\"pgc-832291-1-0\"  class=\"panel-grid-cell\" ><div id=\"panel-832291-1-0-0\" class=\"so-panel widget widget_sow-headline panel-first-child\" data-index=\"3\" ><div\n\t\t\t\n\t\t\tclass=\"so-widget-sow-headline so-widget-sow-headline-default-4568b5a8e866-832291 so-widget-fittext-wrapper\"\n\t\t\t data-fit-text-compressor=\"0.85\"\n\t\t><div class=\"sow-headline-container \">\n\t\t\t\t\t\t\t<h2 class=\"sow-headline\">\n\t\t\t\t\t\tVisualizadores digitales de cotas\t\t\t\t\t\t<\/h2>\n\t\t\t\t\t\t<\/div>\n<\/div><\/div><div id=\"panel-832291-1-0-1\" class=\"so-panel widget widget_siteorigin-panels-builder\" data-index=\"4\" ><div id=\"pl-w644bcd1dec859\"  class=\"panel-layout\" ><div id=\"pg-w644bcd1dec859-0\"  class=\"panel-grid panel-no-style\" ><div id=\"pgc-w644bcd1dec859-0-0\"  class=\"panel-grid-cell\" ><div id=\"panel-w644bcd1dec859-0-0-0\" class=\"so-panel widget widget_sow-editor panel-first-child panel-last-child\" data-index=\"0\" ><div class=\"panel-widget-style panel-widget-style-for-w644bcd1dec859-0-0-0\" ><div\n\t\t\t\n\t\t\tclass=\"so-widget-sow-editor so-widget-sow-editor-base\"\n\t\t\t\n\t\t>\n<div class=\"siteorigin-widget-tinymce textwidget\">\n\t<p>A Fagor Automation conta com <strong>caracter\u00edsticas avan\u00e7adas nos visualizadores digitais de cotas<\/strong>, projetados para otimizar o desempenho de fresadoras, tornos, mandriladoras, m\u00e1quinas de eletroeros\u00e3o e ret\u00edficas<\/p>\n<p><strong>A s\u00e9rie Innova de DRO da Fagor<\/strong> \u00e9 dotada de caracter\u00edsticas significativas. Entre outras:<\/p>\n<\/div>\n<\/div><\/div><\/div><\/div><div id=\"pgc-w644bcd1dec859-0-1\"  class=\"panel-grid-cell\" ><div id=\"panel-w644bcd1dec859-0-1-0\" class=\"so-panel widget widget_sow-editor panel-first-child panel-last-child\" data-index=\"1\" ><div\n\t\t\t\n\t\t\tclass=\"so-widget-sow-editor so-widget-sow-editor-base\"\n\t\t\t\n\t\t>\n<div class=\"siteorigin-widget-tinymce textwidget\">\n\t<ul>\n<li>Para tornos, fresas e mandriladoras, de at\u00e9 quatro eixos com tela TFT de 5,7 polegadas.<\/li>\n<li>Para m\u00e1quinas de eletroeros\u00e3o e ret\u00edficas, de at\u00e9 tr\u00eas eixos com tela de LED.<\/li>\n<li>Programa\u00e7\u00e3o de programas-pe\u00e7a.<\/li>\n<li>Velocidade de corte constante.<\/li>\n<li>Gr\u00e1ficos de ajuda \u00e0 programa\u00e7\u00e3o e simula\u00e7\u00e3o em 3D.<\/li>\n<li>Opera\u00e7\u00f5es intuitivas.<\/li>\n<li>Vis\u00e3o \u00f3tima de qualquer \u00e2ngulo.<\/li>\n<li>Conex\u00e3o USB para c\u00f3pia de dados.<\/li>\n<li>Pr\u00e9-sele\u00e7\u00e3o de eixos.<\/li>\n<li>F\u00e1cil coloca\u00e7\u00e3o em funcionamento e auto-desligamento.<\/li>\n<li>Dimens\u00f5es em mm e polegadas.<\/li>\n<\/ul>\n<p>A Fagor Automation oferece a seus clientes suporte e servi\u00e7o t\u00e9cnico, tanto para a instala\u00e7\u00e3o da aplica\u00e7\u00e3o como para a coloca\u00e7\u00e3o em opera\u00e7\u00e3o.<\/p>\n<\/div>\n<\/div><\/div><\/div><\/div><\/div><\/div><div id=\"panel-832291-1-0-2\" class=\"so-panel widget widget_siteorigin-panels-builder panel-last-child\" data-index=\"5\" ><div id=\"pl-w677d5cd46756f\"  class=\"panel-layout\" ><div id=\"pg-w677d5cd46756f-0\"  class=\"panel-grid panel-has-style\" ><div class=\"box-red panel-row-style panel-row-style-for-w677d5cd46756f-0\" ><div id=\"pgc-w677d5cd46756f-0-0\"  class=\"panel-grid-cell\" ><div id=\"panel-w677d5cd46756f-0-0-0\" class=\"so-panel widget widget_sow-hero panel-first-child panel-last-child\" data-index=\"0\" ><div\n\t\t\t\n\t\t\tclass=\"so-widget-sow-hero so-widget-sow-hero-default-0f31f6163693 so-widget-fittext-wrapper\"\n\t\t\t data-fit-text-compressor=\"0.85\"\n\t\t>\t\t\t\t<div class=\"sow-slider-base\" style=\"display: none\" tabindex=\"0\">\n\t\t\t\t\t<ul\n\t\t\t\t\tclass=\"sow-slider-images\"\n\t\t\t\t\tdata-settings=\"{&quot;pagination&quot;:true,&quot;speed&quot;:800,&quot;timeout&quot;:8000,&quot;paused&quot;:true,&quot;pause_on_hover&quot;:false,&quot;swipe&quot;:&quot;&quot;,&quot;nav_always_show_desktop&quot;:&quot;&quot;,&quot;nav_always_show_mobile&quot;:&quot;&quot;,&quot;breakpoint&quot;:&quot;780px&quot;,&quot;unmute&quot;:false,&quot;anchor&quot;:null}\"\n\t\t\t\t\tstyle=\"min-height: 450px\"\t\t\t\t\tdata-anchor-id=\"\"\n\t\t\t\t>\t\t<li class=\"sow-slider-image  sow-slider-image-cover\" style=\"visibility: visible;;background-color: #333333;cursor: pointer;\" data-url=\"{&quot;url&quot;:&quot;https:\\\/\\\/www.fagorautomation.com\\\/pt-pt\\\/dros-para-tornos\\\/&quot;,&quot;new_window&quot;:false}\" >\n\t\t\t\t\t<div class=\"sow-slider-image-container\">\n\t\t\t<div class=\"sow-slider-image-wrapper\">\n\t\t\t\t<h3>Tornos<\/h3>\n\t\t\t<\/div>\n\t\t<\/div>\n\t\t<div class=\"sow-slider-image-overlay sow-slider-image-cover\" style=\"opacity: 0.65;background-image: url(https:\/\/www.fagorautomation.com\/wp-content\/uploads\/dro_sistemas_visualizacion_torno.jpg)\"  ><\/div>\t\t<\/li>\n\t\t<\/ul>\t\t\t\t<ol class=\"sow-slider-pagination\">\n\t\t\t\t\t\t\t\t\t\t\t<li><a href=\"#\" data-goto=\"0\" aria-label=\"Display slide 1\"><\/a><\/li>\n\t\t\t\t\t\t\t\t\t<\/ol>\n\n\t\t\t\t<div class=\"sow-slide-nav sow-slide-nav-next\">\n\t\t\t\t\t<a href=\"#\" data-goto=\"next\" aria-label=\"Next slide\" data-action=\"next\">\n\t\t\t\t\t\t<em class=\"sow-sld-icon-thin-right\"><\/em>\n\t\t\t\t\t<\/a>\n\t\t\t\t<\/div>\n\n\t\t\t\t<div class=\"sow-slide-nav sow-slide-nav-prev\">\n\t\t\t\t\t<a href=\"#\" data-goto=\"previous\" aria-label=\"Previous slide\" data-action=\"prev\">\n\t\t\t\t\t\t<em class=\"sow-sld-icon-thin-left\"><\/em>\n\t\t\t\t\t<\/a>\n\t\t\t\t<\/div>\n\t\t\t\t<\/div><\/div><\/div><\/div><div id=\"pgc-w677d5cd46756f-0-1\"  class=\"panel-grid-cell\" ><div id=\"panel-w677d5cd46756f-0-1-0\" class=\"so-panel widget widget_sow-hero panel-first-child panel-last-child\" data-index=\"1\" ><div\n\t\t\t\n\t\t\tclass=\"so-widget-sow-hero so-widget-sow-hero-default-0f31f6163693 so-widget-fittext-wrapper\"\n\t\t\t data-fit-text-compressor=\"0.85\"\n\t\t>\t\t\t\t<div class=\"sow-slider-base\" style=\"display: none\" tabindex=\"0\">\n\t\t\t\t\t<ul\n\t\t\t\t\tclass=\"sow-slider-images\"\n\t\t\t\t\tdata-settings=\"{&quot;pagination&quot;:true,&quot;speed&quot;:800,&quot;timeout&quot;:8000,&quot;paused&quot;:true,&quot;pause_on_hover&quot;:false,&quot;swipe&quot;:&quot;&quot;,&quot;nav_always_show_desktop&quot;:&quot;&quot;,&quot;nav_always_show_mobile&quot;:&quot;&quot;,&quot;breakpoint&quot;:&quot;780px&quot;,&quot;unmute&quot;:false,&quot;anchor&quot;:null}\"\n\t\t\t\t\tstyle=\"min-height: 450px\"\t\t\t\t\tdata-anchor-id=\"\"\n\t\t\t\t>\t\t<li class=\"sow-slider-image  sow-slider-image-cover\" style=\"visibility: visible;;background-color: #333333;cursor: pointer;\" data-url=\"{&quot;url&quot;:&quot;https:\\\/\\\/www.fagorautomation.com\\\/pt-pt\\\/dros-para-fresadoras-y-mandriladoras\\\/&quot;,&quot;new_window&quot;:false}\" >\n\t\t\t\t\t<div class=\"sow-slider-image-container\">\n\t\t\t<div class=\"sow-slider-image-wrapper\">\n\t\t\t\t<h3>Fresadoras y mandrinadoras<\/h3>\n\t\t\t<\/div>\n\t\t<\/div>\n\t\t<div class=\"sow-slider-image-overlay sow-slider-image-cover\" style=\"opacity: 0.65;background-image: url(https:\/\/www.fagorautomation.com\/wp-content\/uploads\/dro_sistemas_visualizacion_fresadora.jpg)\"  ><\/div>\t\t<\/li>\n\t\t<\/ul>\t\t\t\t<ol class=\"sow-slider-pagination\">\n\t\t\t\t\t\t\t\t\t\t\t<li><a href=\"#\" data-goto=\"0\" aria-label=\"Display slide 1\"><\/a><\/li>\n\t\t\t\t\t\t\t\t\t<\/ol>\n\n\t\t\t\t<div class=\"sow-slide-nav sow-slide-nav-next\">\n\t\t\t\t\t<a href=\"#\" data-goto=\"next\" aria-label=\"Next slide\" data-action=\"next\">\n\t\t\t\t\t\t<em class=\"sow-sld-icon-thin-right\"><\/em>\n\t\t\t\t\t<\/a>\n\t\t\t\t<\/div>\n\n\t\t\t\t<div class=\"sow-slide-nav sow-slide-nav-prev\">\n\t\t\t\t\t<a href=\"#\" data-goto=\"previous\" aria-label=\"Previous slide\" data-action=\"prev\">\n\t\t\t\t\t\t<em class=\"sow-sld-icon-thin-left\"><\/em>\n\t\t\t\t\t<\/a>\n\t\t\t\t<\/div>\n\t\t\t\t<\/div><\/div><\/div><\/div><div id=\"pgc-w677d5cd46756f-0-2\"  class=\"panel-grid-cell\" ><div id=\"panel-w677d5cd46756f-0-2-0\" class=\"so-panel widget widget_sow-hero panel-first-child panel-last-child\" data-index=\"2\" ><div\n\t\t\t\n\t\t\tclass=\"so-widget-sow-hero so-widget-sow-hero-default-0f31f6163693 so-widget-fittext-wrapper\"\n\t\t\t data-fit-text-compressor=\"0.85\"\n\t\t>\t\t\t\t<div class=\"sow-slider-base\" style=\"display: none\" tabindex=\"0\">\n\t\t\t\t\t<ul\n\t\t\t\t\tclass=\"sow-slider-images\"\n\t\t\t\t\tdata-settings=\"{&quot;pagination&quot;:true,&quot;speed&quot;:800,&quot;timeout&quot;:8000,&quot;paused&quot;:true,&quot;pause_on_hover&quot;:false,&quot;swipe&quot;:&quot;&quot;,&quot;nav_always_show_desktop&quot;:&quot;&quot;,&quot;nav_always_show_mobile&quot;:&quot;&quot;,&quot;breakpoint&quot;:&quot;780px&quot;,&quot;unmute&quot;:false,&quot;anchor&quot;:null}\"\n\t\t\t\t\tstyle=\"min-height: 450px\"\t\t\t\t\tdata-anchor-id=\"\"\n\t\t\t\t>\t\t<li class=\"sow-slider-image  sow-slider-image-cover\" style=\"visibility: visible;;background-color: #333333;cursor: pointer;\" data-url=\"{&quot;url&quot;:&quot;https:\\\/\\\/www.fagorautomation.com\\\/pt-pt\\\/dro-para-outras-aplicacoes\\\/&quot;,&quot;new_window&quot;:false}\" >\n\t\t\t\t\t<div class=\"sow-slider-image-container\">\n\t\t\t<div class=\"sow-slider-image-wrapper\">\n\t\t\t\t<h3>Outras aplica\u00e7\u00f5es<\/h3>\t\t\t<\/div>\n\t\t<\/div>\n\t\t<div class=\"sow-slider-image-overlay sow-slider-image-cover\" style=\"opacity: 0.67;background-image: url(https:\/\/www.fagorautomation.com\/wp-content\/uploads\/dro_sistemas_visualizacion_otras_aplicaciones-3.jpg)\"  ><\/div>\t\t<\/li>\n\t\t<\/ul>\t\t\t\t<ol class=\"sow-slider-pagination\">\n\t\t\t\t\t\t\t\t\t\t\t<li><a href=\"#\" data-goto=\"0\" aria-label=\"Display slide 1\"><\/a><\/li>\n\t\t\t\t\t\t\t\t\t<\/ol>\n\n\t\t\t\t<div class=\"sow-slide-nav sow-slide-nav-next\">\n\t\t\t\t\t<a href=\"#\" data-goto=\"next\" aria-label=\"Next slide\" data-action=\"next\">\n\t\t\t\t\t\t<em class=\"sow-sld-icon-thin-right\"><\/em>\n\t\t\t\t\t<\/a>\n\t\t\t\t<\/div>\n\n\t\t\t\t<div class=\"sow-slide-nav sow-slide-nav-prev\">\n\t\t\t\t\t<a href=\"#\" data-goto=\"previous\" aria-label=\"Previous slide\" data-action=\"prev\">\n\t\t\t\t\t\t<em class=\"sow-sld-icon-thin-left\"><\/em>\n\t\t\t\t\t<\/a>\n\t\t\t\t<\/div>\n\t\t\t\t<\/div><\/div><\/div><\/div><div id=\"pgc-w677d5cd46756f-0-3\"  class=\"panel-grid-cell\" ><div id=\"panel-w677d5cd46756f-0-3-0\" class=\"so-panel widget widget_sow-hero panel-first-child panel-last-child\" data-index=\"3\" ><div\n\t\t\t\n\t\t\tclass=\"so-widget-sow-hero so-widget-sow-hero-default-0f31f6163693 so-widget-fittext-wrapper\"\n\t\t\t data-fit-text-compressor=\"0.85\"\n\t\t>\t\t\t\t<div class=\"sow-slider-base\" style=\"display: none\" tabindex=\"0\">\n\t\t\t\t\t<ul\n\t\t\t\t\tclass=\"sow-slider-images\"\n\t\t\t\t\tdata-settings=\"{&quot;pagination&quot;:true,&quot;speed&quot;:800,&quot;timeout&quot;:8000,&quot;paused&quot;:true,&quot;pause_on_hover&quot;:false,&quot;swipe&quot;:&quot;&quot;,&quot;nav_always_show_desktop&quot;:&quot;&quot;,&quot;nav_always_show_mobile&quot;:&quot;&quot;,&quot;breakpoint&quot;:&quot;780px&quot;,&quot;unmute&quot;:false,&quot;anchor&quot;:null}\"\n\t\t\t\t\tstyle=\"min-height: 450px\"\t\t\t\t\tdata-anchor-id=\"\"\n\t\t\t\t>\t\t<li class=\"sow-slider-image  sow-slider-image-cover\" style=\"visibility: visible;;background-color: #333333;cursor: pointer;\" data-url=\"{&quot;url&quot;:&quot;https:\\\/\\\/www.fagorautomation.com\\\/pt-pt\\\/dros-para-eletroerosao\\\/&quot;,&quot;new_window&quot;:false}\" >\n\t\t\t\t\t<div class=\"sow-slider-image-container\">\n\t\t\t<div class=\"sow-slider-image-wrapper\">\n\t\t\t\t<h3>Electroerosi\u00f3n<\/h3>\n\t\t\t<\/div>\n\t\t<\/div>\n\t\t<div class=\"sow-slider-image-overlay sow-slider-image-cover\" style=\"opacity: 0.67;background-image: url(https:\/\/www.fagorautomation.com\/wp-content\/uploads\/dro_sistemas_visualizacion_electroerosion.jpg)\"  ><\/div>\t\t<\/li>\n\t\t<\/ul>\t\t\t\t<ol class=\"sow-slider-pagination\">\n\t\t\t\t\t\t\t\t\t\t\t<li><a href=\"#\" data-goto=\"0\" aria-label=\"Display slide 1\"><\/a><\/li>\n\t\t\t\t\t\t\t\t\t<\/ol>\n\n\t\t\t\t<div class=\"sow-slide-nav sow-slide-nav-next\">\n\t\t\t\t\t<a href=\"#\" data-goto=\"next\" aria-label=\"Next slide\" data-action=\"next\">\n\t\t\t\t\t\t<em class=\"sow-sld-icon-thin-right\"><\/em>\n\t\t\t\t\t<\/a>\n\t\t\t\t<\/div>\n\n\t\t\t\t<div class=\"sow-slide-nav sow-slide-nav-prev\">\n\t\t\t\t\t<a href=\"#\" data-goto=\"previous\" aria-label=\"Previous slide\" data-action=\"prev\">\n\t\t\t\t\t\t<em class=\"sow-sld-icon-thin-left\"><\/em>\n\t\t\t\t\t<\/a>\n\t\t\t\t<\/div>\n\t\t\t\t<\/div><\/div><\/div><\/div><\/div><\/div><\/div><\/div><\/div><\/div><\/div><\/div>","protected":false},"excerpt":{"rendered":"<p>Tipos de transdutores incrementais Transdutor linear: Apropriados para aplica\u00e7\u00f5es em m\u00e1quinas fresadoras, mandriladoras, tornos e &#8230; <a title=\"Sistemas de Capta\u00e7\u00e3o para m\u00e1quina convencional\" class=\"read-more\" href=\"https:\/\/www.fagorautomation.com\/pt-pt\/sistemas-de-captacao-para-maquina-ferramenta\/maquina-convencional\/\" aria-label=\"Leia mais sobre Sistemas de Capta\u00e7\u00e3o para m\u00e1quina convencional\"> <\/a><\/p>\n","protected":false},"author":1,"featured_media":0,"parent":832388,"menu_order":0,"comment_status":"closed","ping_status":"closed","template":"","meta":{"_acf_changed":false,"footnotes":""},"categories":[1339],"tags":[],"class_list":{"0":"post-832291","1":"page","2":"type-page","3":"status-publish","5":"category-menu-captacion-pt-pt"},"acf":[],"wpml_current_locale":"pt_PT","wpml_translations":[{"locale":"en","id":825772,"post_title":"Feedback Systems for conventional machines","href":"https:\/\/www.fagorautomation.com\/en\/machine-tools\/conventional-machines\/"},{"locale":"es_ES","id":283180,"post_title":"Sistemas de Captaci\u00f3n para m\u00e1quina manual","href":"https:\/\/www.fagorautomation.com\/es\/maquina-herramienta\/maquina-manual\/"},{"locale":"en_US","id":832296,"post_title":"Feedback Systems for conventional machines","href":"https:\/\/www.fagorautomation.com\/en-us\/machine-tools\/conventional-machines\/"},{"locale":"it_IT","id":832297,"post_title":"Feedback Systems per macchine convenzionali","href":"https:\/\/www.fagorautomation.com\/it\/macchine-utensili\/macchine-convenzionali\/"},{"locale":"fr_FR","id":832293,"post_title":"Syst\u00e8mes de mesure pour machines conventionnelles","href":"https:\/\/www.fagorautomation.com\/fr\/machines-outils\/machines-conventionnelles\/"},{"locale":"pt_BR","id":832299,"post_title":"Sistemas de Medi\u00e7\u00e3o para m\u00e1quina convencional","href":"https:\/\/www.fagorautomation.com\/pt-br\/maquina-ferramenta\/maquina-convencional\/"},{"locale":"de_DE","id":832294,"post_title":"Messsysteme f\u00fcr konventionelle Werkzeugmaschinen","href":"https:\/\/www.fagorautomation.com\/de\/messsysteme-fuer-werkzeugmaschinen\/konventionelle-werkzeugmaschinen\/"},{"locale":"en_IN","id":832295,"post_title":"Feedback Systems for conventional machines","href":"https:\/\/www.fagorautomation.com\/hi\/machine-tools\/conventional-machines\/"},{"locale":"ja","id":832298,"post_title":"\u6c4e\u7528\u6a5f\u5411\u3051\u30d5\u30a3\u30fc\u30c9\u30d0\u30c3\u30af\u30b7\u30b9\u30c6\u30e0","href":"https:\/\/www.fagorautomation.com\/ja\/machine-tools\/conventional-machines\/"},{"locale":"eu_ES","id":832292,"post_title":"Eskuzko makinarako atzitze sistemak","href":"https:\/\/www.fagorautomation.com\/eu\/makina-erremintarako-atzitze-sistemak\/conventional-machines\/"},{"locale":"zh_CN","id":906291,"post_title":"\u53cd\u9988\u7cfb\u7edf\u7528\u4e8e\u666e\u901a\u673a\u5e8a","href":"https:\/\/www.fagorautomation.com\/zh-hans\/%e7%94%a8%e4%ba%8e%e6%99%ae%e9%80%9a%e6%9c%ba%e5%ba%8a%e7%9a%84%e5%8f%8d%e9%a6%88%e7%b3%bb%e7%bb%9f\/maquina-manual\/"}],"_links":{"self":[{"href":"https:\/\/www.fagorautomation.com\/pt-pt\/wp-json\/wp\/v2\/pages\/832291","targetHints":{"allow":["GET"]}}],"collection":[{"href":"https:\/\/www.fagorautomation.com\/pt-pt\/wp-json\/wp\/v2\/pages"}],"about":[{"href":"https:\/\/www.fagorautomation.com\/pt-pt\/wp-json\/wp\/v2\/types\/page"}],"author":[{"embeddable":true,"href":"https:\/\/www.fagorautomation.com\/pt-pt\/wp-json\/wp\/v2\/users\/1"}],"replies":[{"embeddable":true,"href":"https:\/\/www.fagorautomation.com\/pt-pt\/wp-json\/wp\/v2\/comments?post=832291"}],"version-history":[{"count":0,"href":"https:\/\/www.fagorautomation.com\/pt-pt\/wp-json\/wp\/v2\/pages\/832291\/revisions"}],"up":[{"embeddable":true,"href":"https:\/\/www.fagorautomation.com\/pt-pt\/wp-json\/wp\/v2\/pages\/832388"}],"wp:attachment":[{"href":"https:\/\/www.fagorautomation.com\/pt-pt\/wp-json\/wp\/v2\/media?parent=832291"}],"wp:term":[{"taxonomy":"category","embeddable":true,"href":"https:\/\/www.fagorautomation.com\/pt-pt\/wp-json\/wp\/v2\/categories?post=832291"},{"taxonomy":"post_tag","embeddable":true,"href":"https:\/\/www.fagorautomation.com\/pt-pt\/wp-json\/wp\/v2\/tags?post=832291"}],"curies":[{"name":"wp","href":"https:\/\/api.w.org\/{rel}","templated":true}]}}