{"id":832458,"date":"2021-12-02T09:08:23","date_gmt":"2021-12-02T08:08:23","guid":{"rendered":"https:\/\/www.fagorautomation.com\/location\/"},"modified":"2022-04-21T07:03:58","modified_gmt":"2022-04-21T06:03:58","slug":"localizacao","status":"publish","type":"page","link":"https:\/\/www.fagorautomation.com\/pt-pt\/corporativo\/localizacao\/","title":{"rendered":"Localiza\u00e7\u00e3o"},"content":{"rendered":"<p><span class=\"VIiyi\" lang=\"pt\"><span class=\"JLqJ4b ChMk0b\" data-language-for-alternatives=\"pt\" data-language-to-translate-into=\"es\" data-phrase-index=\"0\" data-number-of-phrases=\"1\"><span class=\"Q4iAWc\">A <strong>FAGOR AUTOMATION<\/strong> tem a sua atividade produtiva distribu\u00edda em 4 f\u00e1bricas: 3 localizadas no Pa\u00eds Basco (Espanha) e 1 em Pequim (China).<\/span><\/span><\/span><\/p>\n","protected":false},"excerpt":{"rendered":"<p>A FAGOR AUTOMATION tem a sua atividade produtiva distribu\u00edda em 4 f\u00e1bricas: 3 localizadas no &#8230; <a title=\"Localiza\u00e7\u00e3o\" class=\"read-more\" href=\"https:\/\/www.fagorautomation.com\/pt-pt\/corporativo\/localizacao\/\" aria-label=\"Leia mais sobre Localiza\u00e7\u00e3o\"> <\/a><\/p>\n","protected":false},"author":1,"featured_media":0,"parent":832681,"menu_order":0,"comment_status":"closed","ping_status":"closed","template":"red-comercial_daniel.php","meta":{"_acf_changed":false,"footnotes":""},"categories":[1334,1286],"tags":[],"class_list":{"0":"post-832458","1":"page","2":"type-page","3":"status-publish","5":"category-menu-empresa-pt-pt","6":"category-page-title-franja-red-pt-pt"},"acf":[],"wpml_current_locale":"pt_PT","wpml_translations":[{"locale":"en","id":132407,"post_title":"Location","href":"https:\/\/www.fagorautomation.com\/en\/corporate\/location\/"},{"locale":"es_ES","id":205,"post_title":"Localizaci\u00f3n","href":"https:\/\/www.fagorautomation.com\/es\/corporativo\/localizacion\/"},{"locale":"en_US","id":832463,"post_title":"Location","href":"https:\/\/www.fagorautomation.com\/en-us\/corporate\/location\/"},{"locale":"it_IT","id":832455,"post_title":"Le nostre sedi","href":"https:\/\/www.fagorautomation.com\/it\/corporate\/le-nostre-sedi\/"},{"locale":"fr_FR","id":832460,"post_title":"Localisation","href":"https:\/\/www.fagorautomation.com\/fr\/entreprise\/localisation\/"},{"locale":"pt_BR","id":832457,"post_title":"Localiza\u00e7\u00e3o","href":"https:\/\/www.fagorautomation.com\/pt-br\/corporativo\/localizacao\/"},{"locale":"de_DE","id":832461,"post_title":"Standort","href":"https:\/\/www.fagorautomation.com\/de\/kooperative\/standort\/"},{"locale":"en_IN","id":832462,"post_title":"Location","href":"https:\/\/www.fagorautomation.com\/hi\/corporate\/location\/"},{"locale":"ja","id":832456,"post_title":"\u30ed\u30b1\u30fc\u30b7\u30e7\u30f3","href":"https:\/\/www.fagorautomation.com\/ja\/%e3%82%b3%e3%83%bc%e3%83%9d%e3%83%ac%e3%83%bc%e3%83%88\/%e3%83%ad%e3%82%b1%e3%83%bc%e3%82%b7%e3%83%a7%e3%83%b3\/"},{"locale":"eu_ES","id":832459,"post_title":"Kokapena","href":"https:\/\/www.fagorautomation.com\/eu\/korporatiboa\/kokapena\/"},{"locale":"zh_CN","id":909773,"post_title":"\u4e2d\u56fd\u5927\u9646\u9500\u552e\u7f51\u7edc","href":"https:\/\/www.fagorautomation.com\/zh-hans\/%e5%85%ac%e5%8f%b8%e7%ae%80%e4%bb%8b\/%e4%b8%ad%e5%9b%bd%e5%a4%a7%e9%99%86%e9%94%80%e5%94%ae%e7%bd%91%e7%bb%9c\/"}],"_links":{"self":[{"href":"https:\/\/www.fagorautomation.com\/pt-pt\/wp-json\/wp\/v2\/pages\/832458","targetHints":{"allow":["GET"]}}],"collection":[{"href":"https:\/\/www.fagorautomation.com\/pt-pt\/wp-json\/wp\/v2\/pages"}],"about":[{"href":"https:\/\/www.fagorautomation.com\/pt-pt\/wp-json\/wp\/v2\/types\/page"}],"author":[{"embeddable":true,"href":"https:\/\/www.fagorautomation.com\/pt-pt\/wp-json\/wp\/v2\/users\/1"}],"replies":[{"embeddable":true,"href":"https:\/\/www.fagorautomation.com\/pt-pt\/wp-json\/wp\/v2\/comments?post=832458"}],"version-history":[{"count":0,"href":"https:\/\/www.fagorautomation.com\/pt-pt\/wp-json\/wp\/v2\/pages\/832458\/revisions"}],"up":[{"embeddable":true,"href":"https:\/\/www.fagorautomation.com\/pt-pt\/wp-json\/wp\/v2\/pages\/832681"}],"wp:attachment":[{"href":"https:\/\/www.fagorautomation.com\/pt-pt\/wp-json\/wp\/v2\/media?parent=832458"}],"wp:term":[{"taxonomy":"category","embeddable":true,"href":"https:\/\/www.fagorautomation.com\/pt-pt\/wp-json\/wp\/v2\/categories?post=832458"},{"taxonomy":"post_tag","embeddable":true,"href":"https:\/\/www.fagorautomation.com\/pt-pt\/wp-json\/wp\/v2\/tags?post=832458"}],"curies":[{"name":"wp","href":"https:\/\/api.w.org\/{rel}","templated":true}]}}